{"id":693998,"date":"2025-08-27T14:17:57","date_gmt":"2025-08-27T11:17:57","guid":{"rendered":"https:\/\/roveyayinevi.com.tr\/index.php\/urun\/esrarengiz-arkadasin-fisildadiklari\/"},"modified":"2026-04-16T02:03:51","modified_gmt":"2026-04-15T23:03:51","slug":"esrarengiz-arkadasin-fisildadiklari","status":"publish","type":"product","link":"https:\/\/roveyayinevi.com.tr\/index.php\/urun\/esrarengiz-arkadasin-fisildadiklari\/","title":{"rendered":"Esrarengiz Arkada\u015f\u0131n F\u0131s\u0131ldad\u0131klar\u0131"},"content":{"rendered":"<p>Filiz \u00d6zdem&#8217;in Esrarengiz Arkada\u015f\u0131n F\u0131s\u0131ldad\u0131klar\u0131 roman\u0131n \u00e7ocuk kahraman\u0131 Zeynep&#8217;in hayat\u0131 bir g\u00fcn bilgisayar\u0131ndan gelensesle de\u011fi\u015fir. Ne oldu\u011funu tam olarak kavrayamad\u0131\u011f\u0131 bir zamandan, gelecekten \u00e7\u0131kagelen g\u00f6r\u00fcnmez arkada\u015f\u0131 Asi Scorpius&#8217;un sayesinde gerek d\u00fcnyaya gerek kendi hayat\u0131na bamba\u015fka bir g\u00f6zle bakmaya, bug\u00fcn\u00fc de yar\u0131n\u0131 da farkl\u0131 de\u011ferlendirmeye ba\u015flar. \u00c7evresindeki herkesi tedirgin eden durgunlu\u011fu asl\u0131nda bir \u00e7e\u015fit f\u0131rt\u0131na \u00f6ncesi sessizliktir. F\u0131rt\u0131nadan, ba\u015fka t\u00fcrl\u00fc hayatlar\u0131n m\u00fcmk\u00fcn oldu\u011funu \u00f6\u011frenmi\u015f;iyi, do\u011fru, ba\u015far\u0131l\u0131 olma yolundaki gen\u00e7 k\u0131z Zeynep olarak \u00e7\u0131kacakt\u0131r&#8230; &#8230; Peki, ben kimdim? Ger\u00e7ek miydim? Yoksa bir hayal mi? Yiyip i\u00e7ti\u011fime, kirlendi\u011fime, uyudu\u011fuma, \u00fc\u015f\u00fcd\u00fc\u011f\u00fcme g\u00f6re ger\u00e7ektim&#8230; Ama ya Scorpius&#8217;un hayalindeki ben idiysem bunlar\u0131 ya\u015fayan? Ya sal\u0131nda bir \u00f6l\u00fc idiysem? Ya yoksam?! \ufffcTan\u0131t\u0131m Metni<\/p>\n","protected":false},"excerpt":{"rendered":"<p>Filiz \u00d6zdem&#8217;in Esrarengiz Arkada\u015f\u0131n F\u0131s\u0131ldad\u0131klar\u0131 roman\u0131n \u00e7ocuk kahraman\u0131 Zeynep&#8217;in hayat\u0131 bir g\u00fcn bilgisayar\u0131ndan gelensesle de\u011fi\u015fir. Ne oldu\u011funu tam olarak kavrayamad\u0131\u011f\u0131 bir zamandan, gelecekten \u00e7\u0131kagelen g\u00f6r\u00fcnmez arkada\u015f\u0131<span class=\"excerpt-hellip\"> [\u2026]<\/span><\/p>\n","protected":false},"featured_media":0,"template":"","meta":{"_monsterinsights_skip_tracking":false,"_monsterinsights_sitenote_active":false,"_monsterinsights_sitenote_note":"","_monsterinsights_sitenote_category":0},"product_brand":[],"product_cat":[12274,12284],"product_tag":[],"class_list":{"0":"post-693998","1":"product","2":"type-product","3":"status-publish","5":"product_cat-cocuk-ve-genclik-kitaplari","6":"product_cat-hikayeler","7":"pa_cilt-ciltsiz","8":"pa_tur-kitap","9":"pa_yayinevi-yapi-kredi-yayinlari","10":"pa_yazar-filiz-ozdem","12":"first","13":"instock","14":"sale","15":"shipping-taxable","16":"purchasable","17":"product-type-simple"},"_links":{"self":[{"href":"https:\/\/roveyayinevi.com.tr\/index.php\/wp-json\/wp\/v2\/product\/693998","targetHints":{"allow":["GET"]}}],"collection":[{"href":"https:\/\/roveyayinevi.com.tr\/index.php\/wp-json\/wp\/v2\/product"}],"about":[{"href":"https:\/\/roveyayinevi.com.tr\/index.php\/wp-json\/wp\/v2\/types\/product"}],"wp:attachment":[{"href":"https:\/\/roveyayinevi.com.tr\/index.php\/wp-json\/wp\/v2\/media?parent=693998"}],"wp:term":[{"taxonomy":"product_brand","embeddable":true,"href":"https:\/\/roveyayinevi.com.tr\/index.php\/wp-json\/wp\/v2\/product_brand?post=693998"},{"taxonomy":"product_cat","embeddable":true,"href":"https:\/\/roveyayinevi.com.tr\/index.php\/wp-json\/wp\/v2\/product_cat?post=693998"},{"taxonomy":"product_tag","embeddable":true,"href":"https:\/\/roveyayinevi.com.tr\/index.php\/wp-json\/wp\/v2\/product_tag?post=693998"}],"curies":[{"name":"wp","href":"https:\/\/api.w.org\/{rel}","templated":true}]}}