{"id":693996,"date":"2025-08-27T14:17:56","date_gmt":"2025-08-27T11:17:56","guid":{"rendered":"https:\/\/roveyayinevi.com.tr\/index.php\/urun\/balkan-yolcusu\/"},"modified":"2026-04-16T02:03:51","modified_gmt":"2026-04-15T23:03:51","slug":"balkan-yolcusu","status":"publish","type":"product","link":"https:\/\/roveyayinevi.com.tr\/index.php\/urun\/balkan-yolcusu\/","title":{"rendered":"Balkan Yolcusu"},"content":{"rendered":"<p>Yugoslavya&#8217;n\u0131n par\u00e7aland\u0131\u011f\u0131 g\u00fcnlerde sava\u015f\u0131n i\u00e7ine giden F\u00fcruzan&#8217;\u0131n gezi-r\u00f6portaj demetinden olu\u015fan Balkan Yolcusu d\u00f6rt b\u00f6l\u00fcme ayr\u0131lm\u0131\u015f: Bosna-Hersek, Makedonya, Karada\u011f yani Yugoslavya, Bulgaristan, Yunanistan. Tarihe bak\u0131\u015f\u0131m\u0131z a\u00e7\u0131s\u0131ndan \u00f6nemi bug\u00fcn daha da artm\u0131\u015f olan Balkan Yolcusu, edebi bir tat ta\u015f\u0131yan, \u015fiirlerle bezeli, zaman zaman \u00f6yk\u00fc kokan, yazar\u0131n izlenimlerini kendine \u00f6zg\u00fc diliyle yans\u0131tan bir \u00e7al\u0131\u015fma. \ufffcTan\u0131t\u0131m Metni<\/p>\n","protected":false},"excerpt":{"rendered":"<p>Yugoslavya&#8217;n\u0131n par\u00e7aland\u0131\u011f\u0131 g\u00fcnlerde sava\u015f\u0131n i\u00e7ine giden F\u00fcruzan&#8217;\u0131n gezi-r\u00f6portaj demetinden olu\u015fan Balkan Yolcusu d\u00f6rt b\u00f6l\u00fcme ayr\u0131lm\u0131\u015f: Bosna-Hersek, Makedonya, Karada\u011f yani Yugoslavya, Bulgaristan, Yunanistan. Tarihe bak\u0131\u015f\u0131m\u0131z a\u00e7\u0131s\u0131ndan \u00f6nemi<span class=\"excerpt-hellip\"> [\u2026]<\/span><\/p>\n","protected":false},"featured_media":0,"template":"","meta":{"_monsterinsights_skip_tracking":false,"_monsterinsights_sitenote_active":false,"_monsterinsights_sitenote_note":"","_monsterinsights_sitenote_category":0},"product_brand":[],"product_cat":[13055,13054],"product_tag":[],"class_list":{"0":"post-693996","1":"product","2":"type-product","3":"status-publish","5":"product_cat-gezi-rehberi","6":"product_cat-gezi-ve-rehber-kitaplari","7":"pa_cilt-ciltsiz","8":"pa_tur-kitap","9":"pa_yayinevi-yapi-kredi-yayinlari","10":"pa_yazar-furuzan","12":"first","13":"instock","14":"sale","15":"shipping-taxable","16":"purchasable","17":"product-type-simple"},"_links":{"self":[{"href":"https:\/\/roveyayinevi.com.tr\/index.php\/wp-json\/wp\/v2\/product\/693996","targetHints":{"allow":["GET"]}}],"collection":[{"href":"https:\/\/roveyayinevi.com.tr\/index.php\/wp-json\/wp\/v2\/product"}],"about":[{"href":"https:\/\/roveyayinevi.com.tr\/index.php\/wp-json\/wp\/v2\/types\/product"}],"wp:attachment":[{"href":"https:\/\/roveyayinevi.com.tr\/index.php\/wp-json\/wp\/v2\/media?parent=693996"}],"wp:term":[{"taxonomy":"product_brand","embeddable":true,"href":"https:\/\/roveyayinevi.com.tr\/index.php\/wp-json\/wp\/v2\/product_brand?post=693996"},{"taxonomy":"product_cat","embeddable":true,"href":"https:\/\/roveyayinevi.com.tr\/index.php\/wp-json\/wp\/v2\/product_cat?post=693996"},{"taxonomy":"product_tag","embeddable":true,"href":"https:\/\/roveyayinevi.com.tr\/index.php\/wp-json\/wp\/v2\/product_tag?post=693996"}],"curies":[{"name":"wp","href":"https:\/\/api.w.org\/{rel}","templated":true}]}}