{"id":693995,"date":"2025-08-27T14:17:56","date_gmt":"2025-08-27T11:17:56","guid":{"rendered":"https:\/\/roveyayinevi.com.tr\/index.php\/urun\/gilgamis-destani\/"},"modified":"2025-10-17T14:55:10","modified_gmt":"2025-10-17T11:55:10","slug":"gilgamis-destani","status":"publish","type":"product","link":"https:\/\/roveyayinevi.com.tr\/index.php\/urun\/gilgamis-destani\/","title":{"rendered":"G\u0131lgam\u0131\u015f Destan\u0131"},"content":{"rendered":"<p>G\u0131lgam\u0131\u015f&#8217;\u0131n \u00f6l\u00fcms\u00fczl\u00fck pe\u015finde ya\u015fad\u0131\u011f\u0131 \u015fiirsel yolculu\u011fun anlat\u0131ld\u0131\u011f\u0131 G\u0131lg\u0131m\u0131\u015f Destan\u0131, bilinen en eski edebi metin. Kil tabletler \u00fczerine \u00e7iviyaz\u0131s\u0131yla yaz\u0131l\u0131m\u015f\/kaz\u0131nm\u0131\u015f bu destan, bir yandan neredeyse yaz\u0131 kadar eski, bir yandan da g\u00fcn\u00fcm\u00fcz insan\u0131n\u0131n evrensel de\u011ferlerine \u0131\u015f\u0131k tutu\u015fuyla bug\u00fcn yaz\u0131lm\u0131\u015f gibi taze. \u00dcnl\u00fc Asurbilimci Jean Bottero&#8217;nun, destan\u0131n yeni kaz\u0131larla g\u00fcn \u0131\u015f\u0131\u011f\u0131na \u00e7\u0131kart\u0131lm\u0131\u015f t\u00fcm par\u00e7alar\u0131n\u0131 ilk kez bir araya getirerek Akkadcadan Frans\u0131zcaya aktard\u0131\u011f\u0131 ve dipnotlarla zenginle\u015ftirdi\u011fi bu yap\u0131t, Orhan Suda&#8217;n\u0131n usta \u00e7evirisiyle T\u00fcrk\u00e7ede. \ufffcTan\u0131t\u0131m Metni<\/p>\n","protected":false},"excerpt":{"rendered":"<p>G\u0131lgam\u0131\u015f&#8217;\u0131n \u00f6l\u00fcms\u00fczl\u00fck pe\u015finde ya\u015fad\u0131\u011f\u0131 \u015fiirsel yolculu\u011fun anlat\u0131ld\u0131\u011f\u0131 G\u0131lg\u0131m\u0131\u015f Destan\u0131, bilinen en eski edebi metin. Kil tabletler \u00fczerine \u00e7iviyaz\u0131s\u0131yla yaz\u0131l\u0131m\u015f\/kaz\u0131nm\u0131\u015f bu destan, bir yandan neredeyse yaz\u0131 kadar<span class=\"excerpt-hellip\"> [\u2026]<\/span><\/p>\n","protected":false},"featured_media":0,"template":"","meta":{"_monsterinsights_skip_tracking":false,"_monsterinsights_sitenote_active":false,"_monsterinsights_sitenote_note":"","_monsterinsights_sitenote_category":0},"product_brand":[],"product_cat":[12291,12509],"product_tag":[],"class_list":{"0":"post-693995","1":"product","2":"type-product","3":"status-publish","5":"product_cat-edebiyat","6":"product_cat-siir","7":"pa_cilt-ciltsiz","8":"pa_tur-kitap","9":"pa_yayinevi-yapi-kredi-yayinlari","10":"pa_yazar-jean-bottero","12":"first","13":"instock","14":"sale","15":"shipping-taxable","16":"purchasable","17":"product-type-simple"},"_links":{"self":[{"href":"https:\/\/roveyayinevi.com.tr\/index.php\/wp-json\/wp\/v2\/product\/693995","targetHints":{"allow":["GET"]}}],"collection":[{"href":"https:\/\/roveyayinevi.com.tr\/index.php\/wp-json\/wp\/v2\/product"}],"about":[{"href":"https:\/\/roveyayinevi.com.tr\/index.php\/wp-json\/wp\/v2\/types\/product"}],"wp:attachment":[{"href":"https:\/\/roveyayinevi.com.tr\/index.php\/wp-json\/wp\/v2\/media?parent=693995"}],"wp:term":[{"taxonomy":"product_brand","embeddable":true,"href":"https:\/\/roveyayinevi.com.tr\/index.php\/wp-json\/wp\/v2\/product_brand?post=693995"},{"taxonomy":"product_cat","embeddable":true,"href":"https:\/\/roveyayinevi.com.tr\/index.php\/wp-json\/wp\/v2\/product_cat?post=693995"},{"taxonomy":"product_tag","embeddable":true,"href":"https:\/\/roveyayinevi.com.tr\/index.php\/wp-json\/wp\/v2\/product_tag?post=693995"}],"curies":[{"name":"wp","href":"https:\/\/api.w.org\/{rel}","templated":true}]}}