{"id":693993,"date":"2025-08-27T14:17:56","date_gmt":"2025-08-27T11:17:56","guid":{"rendered":"https:\/\/roveyayinevi.com.tr\/index.php\/urun\/gertrud\/"},"modified":"2026-04-16T02:03:51","modified_gmt":"2026-04-15T23:03:51","slug":"gertrud","status":"publish","type":"product","link":"https:\/\/roveyayinevi.com.tr\/index.php\/urun\/gertrud\/","title":{"rendered":"Gertrud"},"content":{"rendered":"<p>Goethe\u2019nin GEN\u00c7 WERTHER\u2019\u0130N ACILARI\u2019ndan yans\u0131malar ta\u015f\u0131yan, bir m\u00fczisyenin sanat ya\u015fam\u0131na ili\u015fkin trajik portresini \u00e7izen GERTRUD, Almancada ilk kez 1910\u2019da yay\u0131mlanm\u0131\u015f, Thomas Mann\u2019a DOKTOR FAUSTUS\u2019u yazarken esin kayna\u011f\u0131 olmu\u015ftu. GERTRUD, \u00fcnl\u00fc besteci Kuhn\u2019un iki sanat\u00e7\u0131yla; mutsuz, kendi kendini t\u00fcketme e\u011filiminde bir opera \u015fark\u0131c\u0131s\u0131 olan dostu Heinrich Muoth ve nazik, ruhsal a\u00e7\u0131dan g\u00fc\u00e7l\u00fc, kendinden emin soprano Gertrud Imthor ile tan\u0131\u015fma hik\u00e2yelerini ve girift ili\u015fkilerini ba\u015fkarakterinin bak\u0131\u015f a\u00e7\u0131s\u0131yla anlatan bir kurmaca an\u0131. Hesse bu kez, y\u00fcksek sanat\u0131n Apollon\u2019cu ve Dionysos\u2019\u00e7u tabiatlar\u0131n kayna\u015fmas\u0131yla ortaya \u00e7\u0131kabilece\u011fi tezine dayanan Nietszche\u2019ci bir teman\u0131n izini s\u00fcrerek e\u015fsiz bir ezgi yarat\u0131yor. Hesse Gertrud\u2019la, m\u00fczi\u011fin b\u00fct\u00fcn s\u0131n\u0131rlar\u0131 k\u0131ran k\u0131lavuzlu\u011funda, insan varolu\u015funun uzla\u015fmaz unsurlar\u0131n\u0131 ke\u015ffetmeyi s\u00fcrd\u00fcr\u00fcyor. Gen\u00e7li\u011fimden itibaren beni yo\u011fun bi\u00e7imde etkiledi. G\u00fcc\u00fc, enerjisi ve canl\u0131l\u0131\u011f\u0131 benim i\u00e7in hep \u00f6rnek oldu. Patti Smith Benimle birlikte g\u00f6reve ba\u015flayan yaz\u0131n ku\u015fa\u011f\u0131nda kendime en yak\u0131n buldu\u011fum, en sevdi\u011fim ki\u015fi olarak ilk onu se\u00e7tim. Thomas Mann Kitaplar\u0131n\u0131 b\u00fcy\u00fck bir \u015fa\u015fk\u0131nl\u0131kla ve daima merakla okudum. Bu Hermann Hesse sadece Amerikal\u0131lara ait bir romantik d\u00fc\u015f\u00fcnce de\u011fil, aksine kesinlikle ak\u0131ll\u0131, do\u011frulanabilir, b\u00fcy\u00fck bir yazard\u0131r. Peter Handke <\/p>\n","protected":false},"excerpt":{"rendered":"<p>Goethe\u2019nin GEN\u00c7 WERTHER\u2019\u0130N ACILARI\u2019ndan yans\u0131malar ta\u015f\u0131yan, bir m\u00fczisyenin sanat ya\u015fam\u0131na ili\u015fkin trajik portresini \u00e7izen GERTRUD, Almancada ilk kez 1910\u2019da yay\u0131mlanm\u0131\u015f, Thomas Mann\u2019a DOKTOR FAUSTUS\u2019u yazarken esin<span class=\"excerpt-hellip\"> [\u2026]<\/span><\/p>\n","protected":false},"featured_media":0,"template":"","meta":{"_monsterinsights_skip_tracking":false,"_monsterinsights_sitenote_active":false,"_monsterinsights_sitenote_note":"","_monsterinsights_sitenote_category":0},"product_brand":[],"product_cat":[12782,12291],"product_tag":[],"class_list":{"0":"post-693993","1":"product","2":"type-product","3":"status-publish","5":"product_cat-alman-edebiyati","6":"product_cat-edebiyat","7":"pa_cilt-ciltsiz","8":"pa_tur-kitap","9":"pa_yayinevi-yapi-kredi-yayinlari","10":"pa_yazar-hermann-hesse","12":"first","13":"instock","14":"sale","15":"shipping-taxable","16":"purchasable","17":"product-type-simple"},"_links":{"self":[{"href":"https:\/\/roveyayinevi.com.tr\/index.php\/wp-json\/wp\/v2\/product\/693993","targetHints":{"allow":["GET"]}}],"collection":[{"href":"https:\/\/roveyayinevi.com.tr\/index.php\/wp-json\/wp\/v2\/product"}],"about":[{"href":"https:\/\/roveyayinevi.com.tr\/index.php\/wp-json\/wp\/v2\/types\/product"}],"wp:attachment":[{"href":"https:\/\/roveyayinevi.com.tr\/index.php\/wp-json\/wp\/v2\/media?parent=693993"}],"wp:term":[{"taxonomy":"product_brand","embeddable":true,"href":"https:\/\/roveyayinevi.com.tr\/index.php\/wp-json\/wp\/v2\/product_brand?post=693993"},{"taxonomy":"product_cat","embeddable":true,"href":"https:\/\/roveyayinevi.com.tr\/index.php\/wp-json\/wp\/v2\/product_cat?post=693993"},{"taxonomy":"product_tag","embeddable":true,"href":"https:\/\/roveyayinevi.com.tr\/index.php\/wp-json\/wp\/v2\/product_tag?post=693993"}],"curies":[{"name":"wp","href":"https:\/\/api.w.org\/{rel}","templated":true}]}}