{"id":693991,"date":"2025-08-27T14:17:55","date_gmt":"2025-08-27T11:17:55","guid":{"rendered":"https:\/\/roveyayinevi.com.tr\/index.php\/urun\/gene-yalnizlik\/"},"modified":"2026-04-16T02:03:51","modified_gmt":"2026-04-15T23:03:51","slug":"gene-yalnizlik","status":"publish","type":"product","link":"https:\/\/roveyayinevi.com.tr\/index.php\/urun\/gene-yalnizlik\/","title":{"rendered":"Gene Yaln\u0131zl\u0131k"},"content":{"rendered":"<p>Can\u0131m Efendim, Bilseniz ne kadar severim can\u0131m demeyi. Ca&#8217;y\u0131 s\u00f6yle uzatarak&#8230; K\u0131saca s\u00f6ylemenin de bir zevki, bir tatl\u0131l\u0131\u011f\u0131 vard\u0131r, bilirim, ama caaan\u0131m demek daha ho\u015fuma gider benim. Nas\u0131l anlatay\u0131m? daha bir a\u015f\u0131k\u00e7a oluyor, hani a\u015f\u0131k denince bir de \u015fair anla\u015f\u0131l\u0131yor, i\u015fte o manada, daha do\u011frusu iki manas\u0131yla birden. Benim durup dururken: Can\u0131m&#8230; dedi\u011fim de olur. Biri duyup da: Kime s\u00f6yl\u00fcyorsun? Kiminle konu\u015fuyorsun? diye sorsa, \u015fa\u015f\u0131r\u0131r kal\u0131r\u0131m, bilemem ne diyece\u011fimi. Gizlemek istedi\u011fimden de\u011fil, ger\u00e7ekten bilmem de onun i\u00e7in. <\/p>\n","protected":false},"excerpt":{"rendered":"<p>Can\u0131m Efendim, Bilseniz ne kadar severim can\u0131m demeyi. Ca&#8217;y\u0131 s\u00f6yle uzatarak&#8230; K\u0131saca s\u00f6ylemenin de bir zevki, bir tatl\u0131l\u0131\u011f\u0131 vard\u0131r, bilirim, ama caaan\u0131m demek daha ho\u015fuma gider<span class=\"excerpt-hellip\"> [\u2026]<\/span><\/p>\n","protected":false},"featured_media":0,"template":"","meta":{"_monsterinsights_skip_tracking":false,"_monsterinsights_sitenote_active":false,"_monsterinsights_sitenote_note":"","_monsterinsights_sitenote_category":0},"product_brand":[],"product_cat":[12777,12291],"product_tag":[],"class_list":{"0":"post-693991","1":"product","2":"type-product","3":"status-publish","5":"product_cat-deneme","6":"product_cat-edebiyat","7":"pa_cilt-ciltsiz","8":"pa_tur-kitap","9":"pa_yayinevi-yapi-kredi-yayinlari","10":"pa_yazar-nurullah-atac","12":"first","13":"instock","14":"sale","15":"shipping-taxable","16":"purchasable","17":"product-type-simple"},"_links":{"self":[{"href":"https:\/\/roveyayinevi.com.tr\/index.php\/wp-json\/wp\/v2\/product\/693991","targetHints":{"allow":["GET"]}}],"collection":[{"href":"https:\/\/roveyayinevi.com.tr\/index.php\/wp-json\/wp\/v2\/product"}],"about":[{"href":"https:\/\/roveyayinevi.com.tr\/index.php\/wp-json\/wp\/v2\/types\/product"}],"wp:attachment":[{"href":"https:\/\/roveyayinevi.com.tr\/index.php\/wp-json\/wp\/v2\/media?parent=693991"}],"wp:term":[{"taxonomy":"product_brand","embeddable":true,"href":"https:\/\/roveyayinevi.com.tr\/index.php\/wp-json\/wp\/v2\/product_brand?post=693991"},{"taxonomy":"product_cat","embeddable":true,"href":"https:\/\/roveyayinevi.com.tr\/index.php\/wp-json\/wp\/v2\/product_cat?post=693991"},{"taxonomy":"product_tag","embeddable":true,"href":"https:\/\/roveyayinevi.com.tr\/index.php\/wp-json\/wp\/v2\/product_tag?post=693991"}],"curies":[{"name":"wp","href":"https:\/\/api.w.org\/{rel}","templated":true}]}}