{"id":693987,"date":"2025-08-27T14:17:54","date_gmt":"2025-08-27T11:17:54","guid":{"rendered":"https:\/\/roveyayinevi.com.tr\/index.php\/urun\/garfield-ile-arkadaslari-6-garfield-anne\/"},"modified":"2026-03-13T02:03:58","modified_gmt":"2026-03-12T23:03:58","slug":"garfield-ile-arkadaslari-6-garfield-anne","status":"publish","type":"product","link":"https:\/\/roveyayinevi.com.tr\/index.php\/urun\/garfield-ile-arkadaslari-6-garfield-anne\/","title":{"rendered":"Garfield ile Arkada\u015flar\u0131 6 &#8211; Garfield Anne"},"content":{"rendered":"<p>Garfield \u00e7izgi filmlerinden \u00e7izgi roman haline getirilen dizinin alt\u0131nc\u0131 kitab\u0131 Garfield Anne\u2019de asl\u0131nda erkek olan kedimiz anne oluyor! \u00dcstelik yavrular\u0131 da ku\u015f! Asl\u0131nda her \u015fey, anneleri yuvadan ayr\u0131 kalan ku\u015f yumurtalar\u0131n\u0131, sokak kedisi Harry\u2019ye yem olmaktan kurtarmaya karar vermesiyle ba\u015fl\u0131yor. Anne ku\u015f saatlerce d\u00f6nmeyip yumurtadan \u00e7\u0131kan yavrular Garfield\u2019i anneleri san\u0131nca i\u015fler iyice kar\u0131\u015f\u0131yor&#8230; Ac\u0131mas\u0131z ve bencil gibi g\u00f6r\u00fcnen Garfield\u2019in asl\u0131nda ne kadar yufka y\u00fcrekli oldu\u011funa tan\u0131k oldu\u011fumuz s\u0131cac\u0131k maceralardan biri. <\/p>\n","protected":false},"excerpt":{"rendered":"<p>Garfield \u00e7izgi filmlerinden \u00e7izgi roman haline getirilen dizinin alt\u0131nc\u0131 kitab\u0131 Garfield Anne\u2019de asl\u0131nda erkek olan kedimiz anne oluyor! \u00dcstelik yavrular\u0131 da ku\u015f! Asl\u0131nda her \u015fey, anneleri<span class=\"excerpt-hellip\"> [\u2026]<\/span><\/p>\n","protected":false},"featured_media":0,"template":"","meta":{"_monsterinsights_skip_tracking":false,"_monsterinsights_sitenote_active":false,"_monsterinsights_sitenote_note":"","_monsterinsights_sitenote_category":0},"product_brand":[],"product_cat":[12689,12274],"product_tag":[],"class_list":{"0":"post-693987","1":"product","2":"type-product","3":"status-publish","5":"product_cat-cizgi-roman-cocuk-ve-genclik-kitaplari","6":"product_cat-cocuk-ve-genclik-kitaplari","7":"pa_cilt-ciltsiz","8":"pa_tur-kitap","9":"pa_yayinevi-yapi-kredi-yayinlari","10":"pa_yazar-jim-davis","12":"first","13":"instock","14":"sale","15":"shipping-taxable","16":"purchasable","17":"product-type-simple"},"_links":{"self":[{"href":"https:\/\/roveyayinevi.com.tr\/index.php\/wp-json\/wp\/v2\/product\/693987","targetHints":{"allow":["GET"]}}],"collection":[{"href":"https:\/\/roveyayinevi.com.tr\/index.php\/wp-json\/wp\/v2\/product"}],"about":[{"href":"https:\/\/roveyayinevi.com.tr\/index.php\/wp-json\/wp\/v2\/types\/product"}],"wp:attachment":[{"href":"https:\/\/roveyayinevi.com.tr\/index.php\/wp-json\/wp\/v2\/media?parent=693987"}],"wp:term":[{"taxonomy":"product_brand","embeddable":true,"href":"https:\/\/roveyayinevi.com.tr\/index.php\/wp-json\/wp\/v2\/product_brand?post=693987"},{"taxonomy":"product_cat","embeddable":true,"href":"https:\/\/roveyayinevi.com.tr\/index.php\/wp-json\/wp\/v2\/product_cat?post=693987"},{"taxonomy":"product_tag","embeddable":true,"href":"https:\/\/roveyayinevi.com.tr\/index.php\/wp-json\/wp\/v2\/product_tag?post=693987"}],"curies":[{"name":"wp","href":"https:\/\/api.w.org\/{rel}","templated":true}]}}