{"id":693986,"date":"2025-08-27T14:17:54","date_gmt":"2025-08-27T11:17:54","guid":{"rendered":"https:\/\/roveyayinevi.com.tr\/index.php\/urun\/osman-gazi-buyuk-kurucu-eglenceli-tarih\/"},"modified":"2026-04-16T02:03:51","modified_gmt":"2026-04-15T23:03:51","slug":"osman-gazi-buyuk-kurucu-eglenceli-tarih","status":"publish","type":"product","link":"https:\/\/roveyayinevi.com.tr\/index.php\/urun\/osman-gazi-buyuk-kurucu-eglenceli-tarih\/","title":{"rendered":"Osman Gazi B\u00fcy\u00fck Kurucu E\u011flenceli Tarih"},"content":{"rendered":"<p>Hepimiz r\u00fcya g\u00f6r\u00fcr\u00fcz&#8230; Ama g\u00f6r\u00fclen r\u00fcyalardan hangisi ger\u00e7e\u011fe d\u00f6n\u00fc\u015f\u00fcr? Pek az\u0131 de\u011fil mi? Oysa Osman Gazinin g\u00f6rd\u00fc\u011f\u00fc muhte\u015fem r\u00fcya ger\u00e7e\u011fe d\u00f6n\u00fc\u015ft\u00fc&#8230; Bu harika r\u00fcyay\u0131 ve daha bir\u00e7ok konuyu \u00f6\u011frenmek i\u00e7in sab\u0131rs\u0131zlan\u0131yor musunuz? Bu kitapta, Kay\u0131lar\u0131n simgesindeki gizemi bir solukta okuyacaks\u0131n\u0131z&#8230; Tekfurlar\u0131n kim oldu\u011funu \u00f6\u011freneceksiniz&#8230; 400 \u00e7ad\u0131rdan olu\u015fan bir g\u00f6\u00e7ebe toplulu\u011fun nas\u0131l devlete d\u00f6n\u00fc\u015ft\u00fc\u011f\u00fcn\u00fcn inan\u0131lmaz hikayesini okuyacaks\u0131n\u0131z&#8230; Osman Gazinin muhte\u015fem planlar\u0131n\u0131 \u00f6\u011frenince hayrete d\u00fc\u015feceksiniz&#8230; Osmanl\u0131 \u0130mparatorlu\u011funun do\u011fdu\u011fu y\u0131llara g\u00fczel bir yolculu\u011fa haz\u0131r m\u0131s\u0131n\u0131z? \u00d6yleyse ne duruyorsunuz hemen \u00f6n kapa\u011f\u0131 \u00e7evirin..<\/p>\n","protected":false},"excerpt":{"rendered":"<p>Hepimiz r\u00fcya g\u00f6r\u00fcr\u00fcz&#8230; Ama g\u00f6r\u00fclen r\u00fcyalardan hangisi ger\u00e7e\u011fe d\u00f6n\u00fc\u015f\u00fcr? Pek az\u0131 de\u011fil mi? Oysa Osman Gazinin g\u00f6rd\u00fc\u011f\u00fc muhte\u015fem r\u00fcya ger\u00e7e\u011fe d\u00f6n\u00fc\u015ft\u00fc&#8230; Bu harika r\u00fcyay\u0131 ve daha<span class=\"excerpt-hellip\"> [\u2026]<\/span><\/p>\n","protected":false},"featured_media":0,"template":"","meta":{"_monsterinsights_skip_tracking":false,"_monsterinsights_sitenote_active":false,"_monsterinsights_sitenote_note":"","_monsterinsights_sitenote_category":0},"product_brand":[],"product_cat":[12304,13493],"product_tag":[],"class_list":{"0":"post-693986","1":"product","2":"type-product","3":"status-publish","5":"product_cat-tarih","6":"product_cat-turkiye-ve-cumhuriyet-tarihi","7":"pa_cilt-ciltsiz","8":"pa_tur-kitap","9":"pa_yayinevi-eglenceli-bilgi-yayinlari","10":"pa_yazar-metin-ozdamarlar","12":"first","13":"instock","14":"sale","15":"shipping-taxable","16":"purchasable","17":"product-type-simple"},"_links":{"self":[{"href":"https:\/\/roveyayinevi.com.tr\/index.php\/wp-json\/wp\/v2\/product\/693986","targetHints":{"allow":["GET"]}}],"collection":[{"href":"https:\/\/roveyayinevi.com.tr\/index.php\/wp-json\/wp\/v2\/product"}],"about":[{"href":"https:\/\/roveyayinevi.com.tr\/index.php\/wp-json\/wp\/v2\/types\/product"}],"wp:attachment":[{"href":"https:\/\/roveyayinevi.com.tr\/index.php\/wp-json\/wp\/v2\/media?parent=693986"}],"wp:term":[{"taxonomy":"product_brand","embeddable":true,"href":"https:\/\/roveyayinevi.com.tr\/index.php\/wp-json\/wp\/v2\/product_brand?post=693986"},{"taxonomy":"product_cat","embeddable":true,"href":"https:\/\/roveyayinevi.com.tr\/index.php\/wp-json\/wp\/v2\/product_cat?post=693986"},{"taxonomy":"product_tag","embeddable":true,"href":"https:\/\/roveyayinevi.com.tr\/index.php\/wp-json\/wp\/v2\/product_tag?post=693986"}],"curies":[{"name":"wp","href":"https:\/\/api.w.org\/{rel}","templated":true}]}}