{"id":693984,"date":"2025-08-27T14:17:54","date_gmt":"2025-08-27T11:17:54","guid":{"rendered":"https:\/\/roveyayinevi.com.tr\/index.php\/urun\/ciceronun-devleti\/"},"modified":"2026-04-16T02:03:51","modified_gmt":"2026-04-15T23:03:51","slug":"ciceronun-devleti","status":"publish","type":"product","link":"https:\/\/roveyayinevi.com.tr\/index.php\/urun\/ciceronun-devleti\/","title":{"rendered":"Ciceronun Devleti"},"content":{"rendered":"<p>Romal\u0131 d\u00fc\u015f\u00fcn\u00fcr Cicero, Eski\u00e7a\u011fda kaleme al\u0131nm\u0131\u015f en \u00f6nemli siyaset felsefesi me\u00actinlerinden biri olan De Re Publica\u2019da Roma devletini, Platon\u2019un Devlet\u2019indeki kur\u00acgusal ideal devletle k\u0131yaslayarak inceler. C. Cengiz \u00c7evik bu \u00e7al\u0131\u015fmas\u0131nda Yunan felsefesini kendi yurtta\u015flar\u0131na tan\u0131tmay\u0131 g\u00f6rev bellemi\u015f, bir felsefe arac\u0131s\u0131 olarak terminolojiyi Latinceye ta\u015f\u0131m\u0131\u015f olan Cicero\u2019nun siyaset felsefesini De Re Publica \u00fczerinden inceledi\u011fi d\u00f6rt makalesini bir araya getiriyor. <\/p>\n","protected":false},"excerpt":{"rendered":"<p>Romal\u0131 d\u00fc\u015f\u00fcn\u00fcr Cicero, Eski\u00e7a\u011fda kaleme al\u0131nm\u0131\u015f en \u00f6nemli siyaset felsefesi me\u00actinlerinden biri olan De Re Publica\u2019da Roma devletini, Platon\u2019un Devlet\u2019indeki kur\u00acgusal ideal devletle k\u0131yaslayarak inceler. C.<span class=\"excerpt-hellip\"> [\u2026]<\/span><\/p>\n","protected":false},"featured_media":0,"template":"","meta":{"_monsterinsights_skip_tracking":false,"_monsterinsights_sitenote_active":false,"_monsterinsights_sitenote_note":"","_monsterinsights_sitenote_category":0},"product_brand":[],"product_cat":[12388,13555],"product_tag":[],"class_list":{"0":"post-693984","1":"product","2":"type-product","3":"status-publish","5":"product_cat-felsefe","6":"product_cat-genel-felsefe","7":"pa_cilt-ciltsiz","8":"pa_tur-kitap","9":"pa_yayinevi-yapi-kredi-yayinlari","10":"pa_yazar-c-cengiz-cevik","12":"first","13":"instock","14":"sale","15":"shipping-taxable","16":"purchasable","17":"product-type-simple"},"_links":{"self":[{"href":"https:\/\/roveyayinevi.com.tr\/index.php\/wp-json\/wp\/v2\/product\/693984","targetHints":{"allow":["GET"]}}],"collection":[{"href":"https:\/\/roveyayinevi.com.tr\/index.php\/wp-json\/wp\/v2\/product"}],"about":[{"href":"https:\/\/roveyayinevi.com.tr\/index.php\/wp-json\/wp\/v2\/types\/product"}],"wp:attachment":[{"href":"https:\/\/roveyayinevi.com.tr\/index.php\/wp-json\/wp\/v2\/media?parent=693984"}],"wp:term":[{"taxonomy":"product_brand","embeddable":true,"href":"https:\/\/roveyayinevi.com.tr\/index.php\/wp-json\/wp\/v2\/product_brand?post=693984"},{"taxonomy":"product_cat","embeddable":true,"href":"https:\/\/roveyayinevi.com.tr\/index.php\/wp-json\/wp\/v2\/product_cat?post=693984"},{"taxonomy":"product_tag","embeddable":true,"href":"https:\/\/roveyayinevi.com.tr\/index.php\/wp-json\/wp\/v2\/product_tag?post=693984"}],"curies":[{"name":"wp","href":"https:\/\/api.w.org\/{rel}","templated":true}]}}