{"id":693978,"date":"2025-08-27T14:17:52","date_gmt":"2025-08-27T11:17:52","guid":{"rendered":"https:\/\/roveyayinevi.com.tr\/index.php\/urun\/muzikterapi\/"},"modified":"2026-04-16T02:03:51","modified_gmt":"2026-04-15T23:03:51","slug":"muzikterapi","status":"publish","type":"product","link":"https:\/\/roveyayinevi.com.tr\/index.php\/urun\/muzikterapi\/","title":{"rendered":"M\u00fczikterapi"},"content":{"rendered":"<p>M\u00fczik evrensel bir fenomendir.Her ya\u015ftan ve her k\u00fclt\u00fcrden insan m\u00fczik dinler, icra eder; m\u00fczi\u011fi herkes sever.M\u00fczikterapi ise, kapsay\u0131c\u0131 tedavi anlay\u0131\u015f\u0131n\u0131n ge\u00e7erli olmas\u0131yla t\u0131p d\u00fcnyas\u0131n\u0131n g\u00fcndeminde ba\u015fk\u00f6\u015feye oturan bir tedavi y\u00f6ntemidir.Tarihin ilk devirlerinden beri kullan\u0131lan bu y\u00f6ntem, bug\u00fcn, geli\u015fmi\u015f haliyle Avrupa ve ABD\u2018 de bir\u00e7ok sa\u011fl\u0131k merkezinde uygulanmaktad\u0131r. \ufffcTan\u0131t\u0131m Metni<\/p>\n","protected":false},"excerpt":{"rendered":"<p>M\u00fczik evrensel bir fenomendir.Her ya\u015ftan ve her k\u00fclt\u00fcrden insan m\u00fczik dinler, icra eder; m\u00fczi\u011fi herkes sever.M\u00fczikterapi ise, kapsay\u0131c\u0131 tedavi anlay\u0131\u015f\u0131n\u0131n ge\u00e7erli olmas\u0131yla t\u0131p d\u00fcnyas\u0131n\u0131n g\u00fcndeminde ba\u015fk\u00f6\u015feye<span class=\"excerpt-hellip\"> [\u2026]<\/span><\/p>\n","protected":false},"featured_media":0,"template":"","meta":{"_monsterinsights_skip_tracking":false,"_monsterinsights_sitenote_active":false,"_monsterinsights_sitenote_note":"","_monsterinsights_sitenote_category":0},"product_brand":[],"product_cat":[12358,12357],"product_tag":[],"class_list":{"0":"post-693978","1":"product","2":"type-product","3":"status-publish","5":"product_cat-genel-psikoloji","6":"product_cat-psikoloji","7":"pa_cilt-ciltsiz","8":"pa_tur-kitap","9":"pa_yayinevi-timas-yayinlari","10":"pa_yazar-adnan-coban","12":"first","13":"instock","14":"sale","15":"shipping-taxable","16":"purchasable","17":"product-type-simple"},"_links":{"self":[{"href":"https:\/\/roveyayinevi.com.tr\/index.php\/wp-json\/wp\/v2\/product\/693978","targetHints":{"allow":["GET"]}}],"collection":[{"href":"https:\/\/roveyayinevi.com.tr\/index.php\/wp-json\/wp\/v2\/product"}],"about":[{"href":"https:\/\/roveyayinevi.com.tr\/index.php\/wp-json\/wp\/v2\/types\/product"}],"wp:attachment":[{"href":"https:\/\/roveyayinevi.com.tr\/index.php\/wp-json\/wp\/v2\/media?parent=693978"}],"wp:term":[{"taxonomy":"product_brand","embeddable":true,"href":"https:\/\/roveyayinevi.com.tr\/index.php\/wp-json\/wp\/v2\/product_brand?post=693978"},{"taxonomy":"product_cat","embeddable":true,"href":"https:\/\/roveyayinevi.com.tr\/index.php\/wp-json\/wp\/v2\/product_cat?post=693978"},{"taxonomy":"product_tag","embeddable":true,"href":"https:\/\/roveyayinevi.com.tr\/index.php\/wp-json\/wp\/v2\/product_tag?post=693978"}],"curies":[{"name":"wp","href":"https:\/\/api.w.org\/{rel}","templated":true}]}}