{"id":693975,"date":"2025-08-27T14:17:52","date_gmt":"2025-08-27T11:17:52","guid":{"rendered":"https:\/\/roveyayinevi.com.tr\/index.php\/urun\/gokkusagi-ugurbocegi-sevecen-ile-salyangoz-tomurcuk-2\/"},"modified":"2026-04-16T02:03:51","modified_gmt":"2026-04-15T23:03:51","slug":"gokkusagi-ugurbocegi-sevecen-ile-salyangoz-tomurcuk-2","status":"publish","type":"product","link":"https:\/\/roveyayinevi.com.tr\/index.php\/urun\/gokkusagi-ugurbocegi-sevecen-ile-salyangoz-tomurcuk-2\/","title":{"rendered":"G\u00f6kku\u015fa\u011f\u0131 U\u011furb\u00f6ce\u011fi Sevecen ile Salyangoz Tomurcuk 2"},"content":{"rendered":"<p>U\u011furb\u00f6ce\u011fi Sevecen ile Salyangoz Tomurcuk&#8217;un maceralar\u0131 devam ediyor. Arkada\u015fl\u0131k kitab\u0131ndan sonra G\u00f6kku\u015fa\u011f\u0131&#8217;na s\u0131ra geldi. Sevecen, bu macerada arkada\u015f\u0131 Tomurcuk&#8217;un hayalini ger\u00e7ekli\u015ftirmek i\u00e7in neler yap\u0131yor neler? \ufffcTan\u0131t\u0131m Metni<\/p>\n","protected":false},"excerpt":{"rendered":"<p>U\u011furb\u00f6ce\u011fi Sevecen ile Salyangoz Tomurcuk&#8217;un maceralar\u0131 devam ediyor. Arkada\u015fl\u0131k kitab\u0131ndan sonra G\u00f6kku\u015fa\u011f\u0131&#8217;na s\u0131ra geldi. Sevecen, bu macerada arkada\u015f\u0131 Tomurcuk&#8217;un hayalini ger\u00e7ekli\u015ftirmek i\u00e7in neler yap\u0131yor neler? \ufffcTan\u0131t\u0131m<span class=\"excerpt-hellip\"> [\u2026]<\/span><\/p>\n","protected":false},"featured_media":0,"template":"","meta":{"_monsterinsights_skip_tracking":false,"_monsterinsights_sitenote_active":false,"_monsterinsights_sitenote_note":"","_monsterinsights_sitenote_category":0},"product_brand":[],"product_cat":[12274,12284],"product_tag":[],"class_list":{"0":"post-693975","1":"product","2":"type-product","3":"status-publish","5":"product_cat-cocuk-ve-genclik-kitaplari","6":"product_cat-hikayeler","7":"pa_cilt-ciltsiz","8":"pa_tur-kitap","9":"pa_yayinevi-yapi-kredi-yayinlari","10":"pa_yazar-erika-bartos","12":"first","13":"instock","14":"sale","15":"shipping-taxable","16":"purchasable","17":"product-type-simple"},"_links":{"self":[{"href":"https:\/\/roveyayinevi.com.tr\/index.php\/wp-json\/wp\/v2\/product\/693975","targetHints":{"allow":["GET"]}}],"collection":[{"href":"https:\/\/roveyayinevi.com.tr\/index.php\/wp-json\/wp\/v2\/product"}],"about":[{"href":"https:\/\/roveyayinevi.com.tr\/index.php\/wp-json\/wp\/v2\/types\/product"}],"wp:attachment":[{"href":"https:\/\/roveyayinevi.com.tr\/index.php\/wp-json\/wp\/v2\/media?parent=693975"}],"wp:term":[{"taxonomy":"product_brand","embeddable":true,"href":"https:\/\/roveyayinevi.com.tr\/index.php\/wp-json\/wp\/v2\/product_brand?post=693975"},{"taxonomy":"product_cat","embeddable":true,"href":"https:\/\/roveyayinevi.com.tr\/index.php\/wp-json\/wp\/v2\/product_cat?post=693975"},{"taxonomy":"product_tag","embeddable":true,"href":"https:\/\/roveyayinevi.com.tr\/index.php\/wp-json\/wp\/v2\/product_tag?post=693975"}],"curies":[{"name":"wp","href":"https:\/\/api.w.org\/{rel}","templated":true}]}}