{"id":693974,"date":"2025-08-27T14:17:52","date_gmt":"2025-08-27T11:17:52","guid":{"rendered":"https:\/\/roveyayinevi.com.tr\/index.php\/urun\/beton\/"},"modified":"2026-04-16T02:03:51","modified_gmt":"2026-04-15T23:03:51","slug":"beton","status":"publish","type":"product","link":"https:\/\/roveyayinevi.com.tr\/index.php\/urun\/beton\/","title":{"rendered":"Beton"},"content":{"rendered":"<p>Viyanal\u0131 m\u00fczikolog Rudolf, en sevdi\u011fi besteci Felix Mendelssohn Bartholdy \u00fczerine, on y\u0131ld\u0131r kusursuz bir m\u00fczikbilimi \u00e7al\u0131\u015fmas\u0131 olmas\u0131n\u0131 tasarlad\u0131\u011f\u0131 kitab\u0131n\u0131n ilk c\u00fcmlesini bile yazmay\u0131 ba\u015faramaz. Akci\u011fer hastal\u0131\u011f\u0131 y\u00fcz\u00fcnden \u00e7ekti\u011fi nefes darl\u0131\u011f\u0131 ile Peiskam\u2019da ya\u015fad\u0131\u011f\u0131 evde g\u00f6lge-varl\u0131\u011f\u0131yla a\u015f\u0131lmaz bir engel olu\u015fturan ablas\u0131 zamanla onun felaketine d\u00f6n\u00fc\u015f\u00fcr. Sonunda Rudolf\u2019un bir ka\u00e7\u0131\u015f olarak ba\u015fvurdu\u011fu Mallorca yolculu\u011fu ba\u015fka bir insan\u0131n korkulu hik\u00e2yesine sahne olacakt\u0131r.    Thomas Bernhard\u2019\u0131n BETON roman\u0131nda, ben-anlat\u0131c\u0131n\u0131n \u00e7\u0131kmazlar\u0131ndan a\u00e7t\u0131\u011f\u0131 yayl\u0131m ate\u015f, toplumsal ya\u015fam\u0131n kesitlerini, siyaseti, insan ili\u015fkilerinin mahvedici ve g\u00fcl\u00fcn\u00e7 y\u00f6nlerini menziline al\u0131yor: var\u0131lamayan \u201cmutlu son\u201dlar yerine betonun donuk ve so\u011fuk y\u00fczeyinde, insan\u0131n ta\u015fla\u015fm\u0131\u015f bir toplumsal hayvana d\u00f6n\u00fc\u015fen sureti yans\u0131yor.   Beton\u2019da bir m\u00fczikolo\u011fun k\u00e2\u011f\u0131da d\u00f6kemedi\u011fi eserinin umutsuz k\u0131s\u0131rd\u00f6ng\u00fcs\u00fcyle insan benli\u011finde dinmek bilmeyen modern d\u00fcnyan\u0131n g\u00fcr\u00fclt\u00fcs\u00fc birlikte kat\u0131la\u015f\u0131yor.   Parlak ve rahats\u0131z edici  bir erteleme, ba\u015far\u0131s\u0131zl\u0131k ve umutsuzluk \u00f6yk\u00fcs\u00fc olan BETON, Thomas Bernhard\u2019\u0131n neden \u201c\u00e7a\u011fda\u015f Avrupa yaz\u0131n\u0131n\u0131n ustalar\u0131ndan biri\u201d olarak an\u0131ld\u0131\u011f\u0131na ili\u015fkin kusursuz bir \u00f6rnek. George Steiner     Belirli kitaplar \u2013say\u0131ca azd\u0131rlar\u2013  yaz\u0131nsal \u00f6nemini hemen, derinden kan\u0131tlar. Gizemli, kasvetli bir g\u00fczelli\u011fi olan bu kitap onlardan biri. Los Angeles Times   Soru bu d\u00fcnyada \u00e7oktand\u0131r birinin ne kadar insans\u0131 oldu\u011fu de\u011fil, ne kadar k\u00f6peksi oldu\u011fudur, bug\u00fcne kadar temelde, ger\u00e7ek onurland\u0131r\u0131lmak isteniyorsa insan\u0131n ne kadar k\u00f6peksi oldu\u011funun s\u00f6ylenmesi gereken yerde, ne kadar insanc\u0131l oldu\u011fu s\u00f6yleniyor. \u0130\u011fren\u00e7 olan da bu. Thomas Bernhard <\/p>\n","protected":false},"excerpt":{"rendered":"<p>Viyanal\u0131 m\u00fczikolog Rudolf, en sevdi\u011fi besteci Felix Mendelssohn Bartholdy \u00fczerine, on y\u0131ld\u0131r kusursuz bir m\u00fczikbilimi \u00e7al\u0131\u015fmas\u0131 olmas\u0131n\u0131 tasarlad\u0131\u011f\u0131 kitab\u0131n\u0131n ilk c\u00fcmlesini bile yazmay\u0131 ba\u015faramaz. Akci\u011fer hastal\u0131\u011f\u0131<span class=\"excerpt-hellip\"> [\u2026]<\/span><\/p>\n","protected":false},"featured_media":0,"template":"","meta":{"_monsterinsights_skip_tracking":false,"_monsterinsights_sitenote_active":false,"_monsterinsights_sitenote_note":"","_monsterinsights_sitenote_category":0},"product_brand":[],"product_cat":[12782,12291],"product_tag":[],"class_list":{"0":"post-693974","1":"product","2":"type-product","3":"status-publish","5":"product_cat-alman-edebiyati","6":"product_cat-edebiyat","7":"pa_cilt-ciltsiz","8":"pa_tur-kitap","9":"pa_yayinevi-yapi-kredi-yayinlari","10":"pa_yazar-thomas-bernhard","12":"first","13":"instock","14":"sale","15":"shipping-taxable","16":"purchasable","17":"product-type-simple"},"_links":{"self":[{"href":"https:\/\/roveyayinevi.com.tr\/index.php\/wp-json\/wp\/v2\/product\/693974","targetHints":{"allow":["GET"]}}],"collection":[{"href":"https:\/\/roveyayinevi.com.tr\/index.php\/wp-json\/wp\/v2\/product"}],"about":[{"href":"https:\/\/roveyayinevi.com.tr\/index.php\/wp-json\/wp\/v2\/types\/product"}],"wp:attachment":[{"href":"https:\/\/roveyayinevi.com.tr\/index.php\/wp-json\/wp\/v2\/media?parent=693974"}],"wp:term":[{"taxonomy":"product_brand","embeddable":true,"href":"https:\/\/roveyayinevi.com.tr\/index.php\/wp-json\/wp\/v2\/product_brand?post=693974"},{"taxonomy":"product_cat","embeddable":true,"href":"https:\/\/roveyayinevi.com.tr\/index.php\/wp-json\/wp\/v2\/product_cat?post=693974"},{"taxonomy":"product_tag","embeddable":true,"href":"https:\/\/roveyayinevi.com.tr\/index.php\/wp-json\/wp\/v2\/product_tag?post=693974"}],"curies":[{"name":"wp","href":"https:\/\/api.w.org\/{rel}","templated":true}]}}