{"id":693972,"date":"2025-08-27T14:17:51","date_gmt":"2025-08-27T11:17:51","guid":{"rendered":"https:\/\/roveyayinevi.com.tr\/index.php\/urun\/anadoluda-kadin-on-bin-yildir-es-anne-tuccar-kralice\/"},"modified":"2026-04-16T02:03:51","modified_gmt":"2026-04-15T23:03:51","slug":"anadoluda-kadin-on-bin-yildir-es-anne-tuccar-kralice","status":"publish","type":"product","link":"https:\/\/roveyayinevi.com.tr\/index.php\/urun\/anadoluda-kadin-on-bin-yildir-es-anne-tuccar-kralice\/","title":{"rendered":"Anadolu\u2019da Kad\u0131n On Bin Y\u0131ld\u0131r E\u015f, Anne, T\u00fcccar, Krali\u00e7e"},"content":{"rendered":"<p>Anadolu&#8217;da Kad\u0131n &#8211; On Bin Y\u0131ld\u0131r E\u015f, Anne, T\u00fcccar, Krali\u00e7e, prehistorik d\u00f6nemden MS 7. y\u00fczy\u0131la uzanan zaman diliminde ya\u015fam\u0131\u015f kad\u0131nlar\u0131 anlat\u0131yor. Tamamen bilimsel veriler \u0131\u015f\u0131\u011f\u0131nda kad\u0131n\u0131 anlamaya \u00e7al\u0131\u015fan bu kitap, \u00fclkemizde bu alanda bir \u00e7al\u0131\u015fmay\u0131 yapan \u00fcnl\u00fc arkeolog, Hititolog ve dilbilimci Prof. A. Muhibbe Darga&#8217;n\u0131n kaynak eseri Eski Anadolu&#8217;da Kad\u0131n&#8217;\u0131n geni\u015fletilmi\u015f bask\u0131s\u0131. Yeni ke\u015fiflerle ve konuk yazarlarla geni\u015fletilen bu eser, tarih \u00f6ncesi d\u00f6nemden Erken Bizans&#8217;a Koloni \u00c7a\u011f\u0131, Hitit, Urartu, Likya, Lidya, Helen ve Roma kad\u0131nlar\u0131n\u0131n ge\u00e7irdi\u011fi de\u011fi\u015fimleri g\u00f6sterirken bu topraklar\u0131n kad\u0131na bak\u0131\u015f a\u00e7\u0131s\u0131n\u0131 anlamam\u0131z\u0131 da sa\u011fl\u0131yor. Bu kitap, birbirinden ilgin\u00e7 mektuplar\u0131, tak\u0131lar\u0131, giyim ku\u015famlar\u0131, banyo\/yemek kaplar\u0131, gelenekleri, adetleriyle bu topraklarda binlerce y\u0131l ya\u015fam\u0131\u015f, gizemler y\u00fcklenmi\u015f, g\u00fcc\u00fcne g\u00fcvenilmi\u015f, erke\u011fin yan\u0131nda m\u00fchr\u00fcn\u00fc basm\u0131\u015f, sosyal faaliyetleriyle topluma kendini kabul ettirmi\u015f b\u00fct\u00fcn kad\u0131nlara bir arma\u011fan niteli\u011finde. Her meslekten yeni ve gen\u00e7 okuyucular\u0131m\u0131z, \u00f6\u011frencilerimiz ilaveler kat\u0131lm\u0131\u015f, \u00f6zellikle onlar i\u00e7in kaleme al\u0131nm\u0131\u015f kitab\u0131m\u0131z\u0131 merak ve zevkler okur, Anadolumuzun zengin uygarl\u0131\u011f\u0131n\u0131, ilgi \u00e7ekici sosyal tarihini ve insan ili\u015fkilerini biraz olsun alg\u0131layabilirse, bana meslek hayat\u0131m\u0131n son bahar\u0131nda, sonsuz bir mutluluk vermi\u015f olacakd\u0131r. Bu kitap onlar i\u00e7in tekrar yaz\u0131ld\u0131! -Prof. A. Muhibbe Darga- <\/p>\n","protected":false},"excerpt":{"rendered":"<p>Anadolu&#8217;da Kad\u0131n &#8211; On Bin Y\u0131ld\u0131r E\u015f, Anne, T\u00fcccar, Krali\u00e7e, prehistorik d\u00f6nemden MS 7. y\u00fczy\u0131la uzanan zaman diliminde ya\u015fam\u0131\u015f kad\u0131nlar\u0131 anlat\u0131yor. Tamamen bilimsel veriler \u0131\u015f\u0131\u011f\u0131nda kad\u0131n\u0131<span class=\"excerpt-hellip\"> [\u2026]<\/span><\/p>\n","protected":false},"featured_media":0,"template":"","meta":{"_monsterinsights_skip_tracking":false,"_monsterinsights_sitenote_active":false,"_monsterinsights_sitenote_note":"","_monsterinsights_sitenote_category":0},"product_brand":[],"product_cat":[13633,12324],"product_tag":[],"class_list":{"0":"post-693972","1":"product","2":"type-product","3":"status-publish","5":"product_cat-kultur-ve-bilim","6":"product_cat-sosyoloji","7":"pa_cilt-ciltsiz","8":"pa_tur-kitap","9":"pa_yayinevi-yapi-kredi-yayinlari","10":"pa_yazar-a-muhibbe-darga","12":"first","13":"instock","14":"sale","15":"shipping-taxable","16":"purchasable","17":"product-type-simple"},"_links":{"self":[{"href":"https:\/\/roveyayinevi.com.tr\/index.php\/wp-json\/wp\/v2\/product\/693972","targetHints":{"allow":["GET"]}}],"collection":[{"href":"https:\/\/roveyayinevi.com.tr\/index.php\/wp-json\/wp\/v2\/product"}],"about":[{"href":"https:\/\/roveyayinevi.com.tr\/index.php\/wp-json\/wp\/v2\/types\/product"}],"wp:attachment":[{"href":"https:\/\/roveyayinevi.com.tr\/index.php\/wp-json\/wp\/v2\/media?parent=693972"}],"wp:term":[{"taxonomy":"product_brand","embeddable":true,"href":"https:\/\/roveyayinevi.com.tr\/index.php\/wp-json\/wp\/v2\/product_brand?post=693972"},{"taxonomy":"product_cat","embeddable":true,"href":"https:\/\/roveyayinevi.com.tr\/index.php\/wp-json\/wp\/v2\/product_cat?post=693972"},{"taxonomy":"product_tag","embeddable":true,"href":"https:\/\/roveyayinevi.com.tr\/index.php\/wp-json\/wp\/v2\/product_tag?post=693972"}],"curies":[{"name":"wp","href":"https:\/\/api.w.org\/{rel}","templated":true}]}}