{"id":693969,"date":"2025-08-27T14:17:50","date_gmt":"2025-08-27T11:17:50","guid":{"rendered":"https:\/\/roveyayinevi.com.tr\/index.php\/urun\/gokyuzu-mavi-kaldi\/"},"modified":"2026-04-16T02:03:51","modified_gmt":"2026-04-15T23:03:51","slug":"gokyuzu-mavi-kaldi","status":"publish","type":"product","link":"https:\/\/roveyayinevi.com.tr\/index.php\/urun\/gokyuzu-mavi-kaldi\/","title":{"rendered":"G\u00f6ky\u00fcz\u00fc Mavi Kald\u0131"},"content":{"rendered":"<p>Her k\u00fclt\u00fcr\u00fcn kendinden \u00f6nce var olmu\u015f bir ba\u015fka k\u00fclt\u00fcr\u00fcn yata\u011f\u0131nda b\u00fcy\u00fcd\u00fc\u011f\u00fc Anadolu topraklar\u0131 binlerce y\u0131l zengin bir halk edebiyat\u0131na kaynakl\u0131k etti. Sebahattin Eyubo\u011flu ile Ya\u015far Kemal&#8217;in ortak \u00e7al\u0131\u015fmas\u0131 olan G\u00f6ky\u00fcz\u00fc Mavi Kald\u0131 bu b\u00fcy\u00fck edebiyat\u0131n se\u00e7me \u00fcr\u00fcnlerinden olu\u015fuyor. Ad\u0131n\u0131 Ya\u015far Kemal&#8217;in koydu\u011fu bu kitap, bir yandan halk edebiyat\u0131m\u0131z\u0131n zenginli\u011fini, b\u00fcy\u00fckl\u00fc\u011f\u00fcn\u00fc hangi b\u00fcy\u00fck k\u00fclt\u00fcrlerden beslendi\u011fini ortaya koyarken, bir yan\u0131yla da halk edebiyat\u0131 tarihimize d\u00fc\u015f\u00fclm\u00fc\u015f b\u00fcy\u00fck bir not. Ku\u015f u\u00e7tu yuva kald\u0131 G\u00f6ky\u00fcz\u00fc mavi kald\u0131 Folkloru \u00f6l\u00fc bir ara\u00e7 y\u0131\u011f\u0131n\u0131 olarak g\u00f6rm\u00fcyorum. Gerk\u00e7ek folklorcular da bilir bunu. Her zaman halk\u0131n i\u00e7inden sanat\u00e7\u0131lar \u00e7\u0131kacakt\u0131r.(&#8230;) Halk\u0131n yaratmas\u0131, bir gereksinmedir. Yaratmak bir gereksinmedir \u00e7\u00fcnk\u00fc. Sanat insan\u0131n kan\u0131ndad\u0131r. Halklar her \u00e7a\u011fda, her yerde, her zaman yarat\u0131rlar. E\u011fer yozla\u015fmam\u0131\u015flarsa. Ya\u015far Kemal \ufffcTan\u0131t\u0131m Metni<\/p>\n","protected":false},"excerpt":{"rendered":"<p>Her k\u00fclt\u00fcr\u00fcn kendinden \u00f6nce var olmu\u015f bir ba\u015fka k\u00fclt\u00fcr\u00fcn yata\u011f\u0131nda b\u00fcy\u00fcd\u00fc\u011f\u00fc Anadolu topraklar\u0131 binlerce y\u0131l zengin bir halk edebiyat\u0131na kaynakl\u0131k etti. Sebahattin Eyubo\u011flu ile Ya\u015far Kemal&#8217;in<span class=\"excerpt-hellip\"> [\u2026]<\/span><\/p>\n","protected":false},"featured_media":0,"template":"","meta":{"_monsterinsights_skip_tracking":false,"_monsterinsights_sitenote_active":false,"_monsterinsights_sitenote_note":"","_monsterinsights_sitenote_category":0},"product_brand":[],"product_cat":[18545,12291],"product_tag":[],"class_list":{"0":"post-693969","1":"product","2":"type-product","3":"status-publish","5":"product_cat-anlati","6":"product_cat-edebiyat","7":"pa_cilt-ciltsiz","8":"pa_tur-kitap","9":"pa_yayinevi-yapi-kredi-yayinlari","10":"pa_yazar-sabahattin-eyuboglu","12":"first","13":"instock","14":"sale","15":"shipping-taxable","16":"purchasable","17":"product-type-simple"},"_links":{"self":[{"href":"https:\/\/roveyayinevi.com.tr\/index.php\/wp-json\/wp\/v2\/product\/693969","targetHints":{"allow":["GET"]}}],"collection":[{"href":"https:\/\/roveyayinevi.com.tr\/index.php\/wp-json\/wp\/v2\/product"}],"about":[{"href":"https:\/\/roveyayinevi.com.tr\/index.php\/wp-json\/wp\/v2\/types\/product"}],"wp:attachment":[{"href":"https:\/\/roveyayinevi.com.tr\/index.php\/wp-json\/wp\/v2\/media?parent=693969"}],"wp:term":[{"taxonomy":"product_brand","embeddable":true,"href":"https:\/\/roveyayinevi.com.tr\/index.php\/wp-json\/wp\/v2\/product_brand?post=693969"},{"taxonomy":"product_cat","embeddable":true,"href":"https:\/\/roveyayinevi.com.tr\/index.php\/wp-json\/wp\/v2\/product_cat?post=693969"},{"taxonomy":"product_tag","embeddable":true,"href":"https:\/\/roveyayinevi.com.tr\/index.php\/wp-json\/wp\/v2\/product_tag?post=693969"}],"curies":[{"name":"wp","href":"https:\/\/api.w.org\/{rel}","templated":true}]}}