{"id":693968,"date":"2025-08-27T14:17:50","date_gmt":"2025-08-27T11:17:50","guid":{"rendered":"https:\/\/roveyayinevi.com.tr\/index.php\/urun\/beyoglu-macerasi\/"},"modified":"2026-04-16T02:03:51","modified_gmt":"2026-04-15T23:03:51","slug":"beyoglu-macerasi","status":"publish","type":"product","link":"https:\/\/roveyayinevi.com.tr\/index.php\/urun\/beyoglu-macerasi\/","title":{"rendered":"Beyo\u011flu Maceras\u0131"},"content":{"rendered":"<p>Bir Bilgi Avc\u0131s\u0131 olan Sinan\u2019\u0131n k\u00f6pe\u011fi Gezgin\u2019le birlikte yapt\u0131\u011f\u0131 macera dolu bir Beyo\u011flu yolculu\u011fu&#8230;Bu yolculuk s\u0131ras\u0131nda, pe\u015finde \u015eifre Korsanlar\u0131 oldu\u011fu halde, Sinan ad\u0131m ad\u0131m Beyo\u011flu\u2019nu ar\u015f\u0131nl\u0131yor ve gizli g\u00f6revini yapmaya \u00e7al\u0131\u015f\u0131yor. Bu arada, \u00fcnl\u00fc tarihi yerler hakk\u0131nda ilgin\u00e7 bilgiler veriyor. Kitaptaki \u015fifreleri, okurlarla birlikte \u00e7\u00f6zerken, herkes maceraya dahil oluyor. Taksim Meydan\u0131\u2019ndan Galata Kulesi\u2019ne kadar resimli Beyo\u011flu tarihi&#8230;Ay\u015fe \u0130nan Alican\u2019\u0131n \u00e7ok g\u00fczel resimleriyle, benzersiz bir k\u00fclt\u00fcr maceras\u0131.Sara \u015eahinkanat ve Ay\u015fe \u0130nan Alican, Kim Korkar K\u0131rm\u0131z\u0131 Ba\u015fl\u0131kl\u0131 K\u0131z\u2019dan kitab\u0131yla \u00c7ocuk ve Gen\u00e7lik Yazarlar\u0131 Derne\u011fi\u2019nin \u201c2009-Y\u0131l\u0131n En \u0130yi Resimli \u00d6yk\u00fc Kitab\u0131\u201c \u00f6d\u00fcl\u00fcn\u00fc alm\u0131\u015flard\u0131. <\/p>\n","protected":false},"excerpt":{"rendered":"<p>Bir Bilgi Avc\u0131s\u0131 olan Sinan\u2019\u0131n k\u00f6pe\u011fi Gezgin\u2019le birlikte yapt\u0131\u011f\u0131 macera dolu bir Beyo\u011flu yolculu\u011fu&#8230;Bu yolculuk s\u0131ras\u0131nda, pe\u015finde \u015eifre Korsanlar\u0131 oldu\u011fu halde, Sinan ad\u0131m ad\u0131m Beyo\u011flu\u2019nu ar\u015f\u0131nl\u0131yor<span class=\"excerpt-hellip\"> [\u2026]<\/span><\/p>\n","protected":false},"featured_media":0,"template":"","meta":{"_monsterinsights_skip_tracking":false,"_monsterinsights_sitenote_active":false,"_monsterinsights_sitenote_note":"","_monsterinsights_sitenote_category":0},"product_brand":[],"product_cat":[12275,12274],"product_tag":[],"class_list":{"0":"post-693968","1":"product","2":"type-product","3":"status-publish","5":"product_cat-6-12-yas-kitaplari","6":"product_cat-cocuk-ve-genclik-kitaplari","7":"pa_cilt-ciltsiz","8":"pa_tur-kitap","9":"pa_yayinevi-yapi-kredi-yayinlari","10":"pa_yazar-arslan-sayman-sara-sahinkanat","12":"first","13":"instock","14":"sale","15":"shipping-taxable","16":"purchasable","17":"product-type-simple"},"_links":{"self":[{"href":"https:\/\/roveyayinevi.com.tr\/index.php\/wp-json\/wp\/v2\/product\/693968","targetHints":{"allow":["GET"]}}],"collection":[{"href":"https:\/\/roveyayinevi.com.tr\/index.php\/wp-json\/wp\/v2\/product"}],"about":[{"href":"https:\/\/roveyayinevi.com.tr\/index.php\/wp-json\/wp\/v2\/types\/product"}],"wp:attachment":[{"href":"https:\/\/roveyayinevi.com.tr\/index.php\/wp-json\/wp\/v2\/media?parent=693968"}],"wp:term":[{"taxonomy":"product_brand","embeddable":true,"href":"https:\/\/roveyayinevi.com.tr\/index.php\/wp-json\/wp\/v2\/product_brand?post=693968"},{"taxonomy":"product_cat","embeddable":true,"href":"https:\/\/roveyayinevi.com.tr\/index.php\/wp-json\/wp\/v2\/product_cat?post=693968"},{"taxonomy":"product_tag","embeddable":true,"href":"https:\/\/roveyayinevi.com.tr\/index.php\/wp-json\/wp\/v2\/product_tag?post=693968"}],"curies":[{"name":"wp","href":"https:\/\/api.w.org\/{rel}","templated":true}]}}