{"id":693967,"date":"2025-08-27T14:17:50","date_gmt":"2025-08-27T11:17:50","guid":{"rendered":"https:\/\/roveyayinevi.com.tr\/index.php\/urun\/mupteladir-gemiler-benim-denizlerime\/"},"modified":"2026-04-16T02:03:51","modified_gmt":"2026-04-15T23:03:51","slug":"mupteladir-gemiler-benim-denizlerime","status":"publish","type":"product","link":"https:\/\/roveyayinevi.com.tr\/index.php\/urun\/mupteladir-gemiler-benim-denizlerime\/","title":{"rendered":"M\u00fcptelad\u0131r Gemiler Benim Denizlerime"},"content":{"rendered":"<p>Nurullah Gen\u00e7&#8217;in hayata arma\u011fan etti\u011fi kelimeler, \u015fiirin en g\u00fczel duraklar\u0131na g\u00f6t\u00fcr\u00fcyor okuru yeniden. ey benim aynalarda g\u00fcl\u00fcmseyen \u00e7oklu\u011fumnar tad\u0131nda umutlar ta\u015f\u0131yan \u00e7ocuklu\u011fumg\u00f6zlerinin \u0131\u015f\u0131\u011f\u0131 yay\u0131ld\u0131 mahzenimeey benim can saray\u0131m, ey benim e\u015fsiz ku\u011fumasil tebess\u00fcm\u00fcn\u00fc d\u00fc\u015f\u00fcrd\u00fcn izlerimem\u00fcptelad\u0131r gemiler benim denizlerimeg\u00fcl\u00fcmsedin; kalmad\u0131 kederim, buruklu\u011fum\u00e7ehresinde h\u00e2t\u0131ran b\u00fcy\u00fcyor bebekleringizemine \u00e2\u015fina varl\u0131\u011f\u0131m ve yoklu\u011fum<\/p>\n","protected":false},"excerpt":{"rendered":"<p>Nurullah Gen\u00e7&#8217;in hayata arma\u011fan etti\u011fi kelimeler, \u015fiirin en g\u00fczel duraklar\u0131na g\u00f6t\u00fcr\u00fcyor okuru yeniden. ey benim aynalarda g\u00fcl\u00fcmseyen \u00e7oklu\u011fumnar tad\u0131nda umutlar ta\u015f\u0131yan \u00e7ocuklu\u011fumg\u00f6zlerinin \u0131\u015f\u0131\u011f\u0131 yay\u0131ld\u0131 mahzenimeey benim<span class=\"excerpt-hellip\"> [\u2026]<\/span><\/p>\n","protected":false},"featured_media":0,"template":"","meta":{"_monsterinsights_skip_tracking":false,"_monsterinsights_sitenote_active":false,"_monsterinsights_sitenote_note":"","_monsterinsights_sitenote_category":0},"product_brand":[],"product_cat":[12291,12509],"product_tag":[],"class_list":{"0":"post-693967","1":"product","2":"type-product","3":"status-publish","5":"product_cat-edebiyat","6":"product_cat-siir","7":"pa_cilt-ciltsiz","8":"pa_tur-kitap","9":"pa_yayinevi-timas-yayinlari","10":"pa_yazar-nurullah-genc","12":"first","13":"instock","14":"sale","15":"shipping-taxable","16":"purchasable","17":"product-type-simple"},"_links":{"self":[{"href":"https:\/\/roveyayinevi.com.tr\/index.php\/wp-json\/wp\/v2\/product\/693967","targetHints":{"allow":["GET"]}}],"collection":[{"href":"https:\/\/roveyayinevi.com.tr\/index.php\/wp-json\/wp\/v2\/product"}],"about":[{"href":"https:\/\/roveyayinevi.com.tr\/index.php\/wp-json\/wp\/v2\/types\/product"}],"wp:attachment":[{"href":"https:\/\/roveyayinevi.com.tr\/index.php\/wp-json\/wp\/v2\/media?parent=693967"}],"wp:term":[{"taxonomy":"product_brand","embeddable":true,"href":"https:\/\/roveyayinevi.com.tr\/index.php\/wp-json\/wp\/v2\/product_brand?post=693967"},{"taxonomy":"product_cat","embeddable":true,"href":"https:\/\/roveyayinevi.com.tr\/index.php\/wp-json\/wp\/v2\/product_cat?post=693967"},{"taxonomy":"product_tag","embeddable":true,"href":"https:\/\/roveyayinevi.com.tr\/index.php\/wp-json\/wp\/v2\/product_tag?post=693967"}],"curies":[{"name":"wp","href":"https:\/\/api.w.org\/{rel}","templated":true}]}}