{"id":693965,"date":"2025-08-27T14:17:50","date_gmt":"2025-08-27T11:17:50","guid":{"rendered":"https:\/\/roveyayinevi.com.tr\/index.php\/urun\/20-yuzyilda-dilbilim-ve-gostergebilim-kuramlari-2-temel-metinler\/"},"modified":"2026-04-16T02:03:51","modified_gmt":"2026-04-15T23:03:51","slug":"20-yuzyilda-dilbilim-ve-gostergebilim-kuramlari-2-temel-metinler","status":"publish","type":"product","link":"https:\/\/roveyayinevi.com.tr\/index.php\/urun\/20-yuzyilda-dilbilim-ve-gostergebilim-kuramlari-2-temel-metinler\/","title":{"rendered":"20. Y\u00fczy\u0131lda Dilbilim ve G\u00f6stergebilim Kuramlar\u0131 &#8211; 2. Temel Metinler"},"content":{"rendered":"<p>20. y\u00fczy\u0131l bilimlerinin doruk noktas\u0131na ula\u015ft\u0131\u011f\u0131 bir \u00e7a\u011f olarak da tan\u0131mlanabilir. 20. Y\u00fczy\u0131lda Dilbilim ve G\u00f6stergebilim Kuramlar\u0131 iki ciltten olu\u015fuyor: 1. Tarih\u00e7e ve Ele\u015ftirel D\u00fc\u015f\u00fcnceler; 2. Temel Metinler. 2. Cilt, hem de bu alanlarla yak\u0131ndan ba\u011flant\u0131l\u0131 anlat\u0131bilim, yorumbilim, yaz\u0131nsal ele\u015ftiri, yaz\u0131nbilim, al\u0131mlama esteti\u011fi, yap\u0131bozucu ele\u015ftiri, \u00e7eviribilim, vb&#8217;nde \u00e7\u0131\u011f\u0131r a\u00e7m\u0131\u015f ya da \u00e7evresindeki ara\u015ft\u0131rmac\u0131lara tutarl\u0131 bir \u00e7\u00f6z\u00fcmleme modeli sunabilmi\u015f \u015fu kuramc\u0131lar\u0131n temel metinlerden b\u00f6l\u00fcmler sunuyor: Arrive \/ Bahtin \/ Bally\/ Barthes\/ Benveniste \/ Bloomfield \/ Boas \/ Brandal \/ Chomsky \/ Coquet \/ Courtes \/ Ducrot \/ Eco\/ Eyhenbaum\/ Fishman\/ Fran\u00e7ois\/ Genette \/ Greimas \/ Guillaume \/ Harris \/ Helmslev \/ Iser \/ Jakobson \/ Jauss \/ Jespersen \/ Karsevski \/ Kristeva \/ Ladmiral \/ Landowski \/ Lotman \/ Man \/ Martinet \/ Meillet \/ Metz \/ Morris \/ Mounin \/ Osgood \/ Peirce \/ Pottier \/ Prieto \/ Propp \/ Ricceur \/ Riffaterre \/ Sapir \/ Saussure \/ Sebeok \/ \u015eklovski \/ Tesniere \/ Todorov \/ Togeby \/ Trubetskoy \/ Van Dijk \/ Walter. \ufffcTan\u0131t\u0131m Metni<\/p>\n","protected":false},"excerpt":{"rendered":"<p>20. y\u00fczy\u0131l bilimlerinin doruk noktas\u0131na ula\u015ft\u0131\u011f\u0131 bir \u00e7a\u011f olarak da tan\u0131mlanabilir. 20. Y\u00fczy\u0131lda Dilbilim ve G\u00f6stergebilim Kuramlar\u0131 iki ciltten olu\u015fuyor: 1. Tarih\u00e7e ve Ele\u015ftirel D\u00fc\u015f\u00fcnceler; 2.<span class=\"excerpt-hellip\"> [\u2026]<\/span><\/p>\n","protected":false},"featured_media":0,"template":"","meta":{"_monsterinsights_skip_tracking":false,"_monsterinsights_sitenote_active":false,"_monsterinsights_sitenote_note":"","_monsterinsights_sitenote_category":0},"product_brand":[],"product_cat":[12364],"product_tag":[],"class_list":{"0":"post-693965","1":"product","2":"type-product","3":"status-publish","5":"product_cat-genel-konular","6":"pa_cilt-ciltsiz","7":"pa_tur-kitap","8":"pa_yayinevi-yapi-kredi-yayinlari","9":"pa_yazar-mehmet-rifat","11":"first","12":"instock","13":"sale","14":"shipping-taxable","15":"purchasable","16":"product-type-simple"},"_links":{"self":[{"href":"https:\/\/roveyayinevi.com.tr\/index.php\/wp-json\/wp\/v2\/product\/693965","targetHints":{"allow":["GET"]}}],"collection":[{"href":"https:\/\/roveyayinevi.com.tr\/index.php\/wp-json\/wp\/v2\/product"}],"about":[{"href":"https:\/\/roveyayinevi.com.tr\/index.php\/wp-json\/wp\/v2\/types\/product"}],"wp:attachment":[{"href":"https:\/\/roveyayinevi.com.tr\/index.php\/wp-json\/wp\/v2\/media?parent=693965"}],"wp:term":[{"taxonomy":"product_brand","embeddable":true,"href":"https:\/\/roveyayinevi.com.tr\/index.php\/wp-json\/wp\/v2\/product_brand?post=693965"},{"taxonomy":"product_cat","embeddable":true,"href":"https:\/\/roveyayinevi.com.tr\/index.php\/wp-json\/wp\/v2\/product_cat?post=693965"},{"taxonomy":"product_tag","embeddable":true,"href":"https:\/\/roveyayinevi.com.tr\/index.php\/wp-json\/wp\/v2\/product_tag?post=693965"}],"curies":[{"name":"wp","href":"https:\/\/api.w.org\/{rel}","templated":true}]}}