{"id":693963,"date":"2025-08-27T14:17:49","date_gmt":"2025-08-27T11:17:49","guid":{"rendered":"https:\/\/roveyayinevi.com.tr\/index.php\/urun\/aysegul-05-arkadaslariyla-parkta\/"},"modified":"2026-04-16T02:03:51","modified_gmt":"2026-04-15T23:03:51","slug":"aysegul-05-arkadaslariyla-parkta","status":"publish","type":"product","link":"https:\/\/roveyayinevi.com.tr\/index.php\/urun\/aysegul-05-arkadaslariyla-parkta\/","title":{"rendered":"Ay\u015feg\u00fcl 05 &#8211; Arkada\u015flar\u0131yla Parkta"},"content":{"rendered":"<p>Ay\u015feg\u00fcl 1.Karde\u015fimi \u00c7ok Seviyorum 2.Ya\u015fas\u0131n Okul A\u00e7\u0131l\u0131yor! 3.Amerika&#8217;ya Vapurla Yolculuk 4.Ev \u0130\u015flerini Karde\u015fler Yap\u0131yor 5.Arkada\u015flar\u0131yla Parkta 6.Do\u011fum G\u00fcn\u00fcn\u00fc Kutluyor 7.Bisiklete Binmeyi \u00d6\u011freniyor 8.Yemek Yap\u0131yor 9.Y\u00fczme \u00f6\u011freniyor 10.Anneler G\u00fcn\u00fc \u00c7i\u00e7e\u011fi 11.Okulda Bir G\u00fcn 12.Do\u011fum G\u00fcn\u00fc Bebe\u011fi 13.Y\u0131lba\u015f\u0131 S\u00fcrprizi 14.K\u00fc\u00e7\u00fck A\u015f\u00e7\u0131lar 15.Ak\u0131ll\u0131 K\u00f6pek 16.Do\u011fay\u0131 Koruyor 17.Tiyatro Oyuncusu 18.Harikalar Sirki 19.K\u0131yafet Balosuna Haz\u0131rlan\u0131yor 20.Lunaparkta E\u011feniyor Ay\u015feg\u00fcl arkada\u015flar\u0131yla 1.Yollara D\u00fc\u015f\u00fcyor 2.K\u0131rlara Gidiyor O g\u00fcn hava g\u00fczel oldu\u011fu i\u00e7in Ay\u015feg\u00fcl arkada\u015flar\u0131yla parkta oynamaya gitti. Park\u0131n bek\u00e7isine \u0130yi g\u00fcnler Bek\u00e7i Amca dedi. \u0130yi g\u00fcnler \u00e7ocuklar.\u0130yi e\u011flenceler.Sak\u0131n \u00e7i\u00e7eklere zarar vermeyin! S\u00f6z Bek\u00e7i Amca! Haydi art\u0131k parka ko\u015fal\u0131m! \ufffc<\/p>\n","protected":false},"excerpt":{"rendered":"<p>Ay\u015feg\u00fcl 1.Karde\u015fimi \u00c7ok Seviyorum 2.Ya\u015fas\u0131n Okul A\u00e7\u0131l\u0131yor! 3.Amerika&#8217;ya Vapurla Yolculuk 4.Ev \u0130\u015flerini Karde\u015fler Yap\u0131yor 5.Arkada\u015flar\u0131yla Parkta 6.Do\u011fum G\u00fcn\u00fcn\u00fc Kutluyor 7.Bisiklete Binmeyi \u00d6\u011freniyor 8.Yemek Yap\u0131yor 9.Y\u00fczme \u00f6\u011freniyor<span class=\"excerpt-hellip\"> [\u2026]<\/span><\/p>\n","protected":false},"featured_media":0,"template":"","meta":{"_monsterinsights_skip_tracking":false,"_monsterinsights_sitenote_active":false,"_monsterinsights_sitenote_note":"","_monsterinsights_sitenote_category":0},"product_brand":[],"product_cat":[12274,12284],"product_tag":[],"class_list":{"0":"post-693963","1":"product","2":"type-product","3":"status-publish","5":"product_cat-cocuk-ve-genclik-kitaplari","6":"product_cat-hikayeler","7":"pa_cilt-ciltsiz","8":"pa_tur-kitap","9":"pa_yayinevi-yapi-kredi-yayinlari","10":"pa_yazar-marcel-marlier","12":"first","13":"instock","14":"sale","15":"shipping-taxable","16":"purchasable","17":"product-type-simple"},"_links":{"self":[{"href":"https:\/\/roveyayinevi.com.tr\/index.php\/wp-json\/wp\/v2\/product\/693963","targetHints":{"allow":["GET"]}}],"collection":[{"href":"https:\/\/roveyayinevi.com.tr\/index.php\/wp-json\/wp\/v2\/product"}],"about":[{"href":"https:\/\/roveyayinevi.com.tr\/index.php\/wp-json\/wp\/v2\/types\/product"}],"wp:attachment":[{"href":"https:\/\/roveyayinevi.com.tr\/index.php\/wp-json\/wp\/v2\/media?parent=693963"}],"wp:term":[{"taxonomy":"product_brand","embeddable":true,"href":"https:\/\/roveyayinevi.com.tr\/index.php\/wp-json\/wp\/v2\/product_brand?post=693963"},{"taxonomy":"product_cat","embeddable":true,"href":"https:\/\/roveyayinevi.com.tr\/index.php\/wp-json\/wp\/v2\/product_cat?post=693963"},{"taxonomy":"product_tag","embeddable":true,"href":"https:\/\/roveyayinevi.com.tr\/index.php\/wp-json\/wp\/v2\/product_tag?post=693963"}],"curies":[{"name":"wp","href":"https:\/\/api.w.org\/{rel}","templated":true}]}}