{"id":693961,"date":"2025-08-27T14:17:49","date_gmt":"2025-08-27T11:17:49","guid":{"rendered":"https:\/\/roveyayinevi.com.tr\/index.php\/urun\/bellegin-izinde\/"},"modified":"2026-04-16T02:03:51","modified_gmt":"2026-04-15T23:03:51","slug":"bellegin-izinde","status":"publish","type":"product","link":"https:\/\/roveyayinevi.com.tr\/index.php\/urun\/bellegin-izinde\/","title":{"rendered":"Belle\u011fin \u0130zinde"},"content":{"rendered":"<p>Belle\u011fin \u0130zinde, bellek\u00fczerine \u00e7al\u0131\u015fan en sayg\u0131n ara\u015ft\u0131rmac\u0131lardan psikoloji profes\u00f6r\u00fc n\u00f6robilimsel yakla\u015f\u0131mlar\u0131 akademik ve klinik bak\u0131\u015f a\u00e7\u0131s\u0131yla kapsaml\u0131 bir bi\u00e7imde inceledi\u011fi ilgin\u00e7 bir kitap. Bilimsel bulgular\u0131n sa\u011flam bir sentezinin yan\u0131 s\u0131ra konuyla ilgili sanat eserlerinin ilham verici bir derlemesini de sunun Schacter, insan\u0131n karma\u015f\u0131k bellek ya\u015fant\u0131s\u0131n\u0131 etkili bir bi\u00e7imde tasvir ediyor.Ayr\u0131ca, aralar\u0131nda yak\u0131n zamana dek bir ayr\u0131m yap\u0131lmayan farkl\u0131 bellek t\u00fcrlerini inceleyerek ve vaka analizleriyle deneyler arac\u0131l\u0131\u011f\u0131yla belle\u011fin gizemli i\u015fleyi\u015f s\u00fcre\u00e7lerini ayd\u0131nlatarak bu alanla amat\u00f6r ya da profesyonel olarak ilgilenen herkesin faydalanabilece\u011fi \u00f6nemli bir rehber olu\u015fturuyor. <\/p>\n","protected":false},"excerpt":{"rendered":"<p>Belle\u011fin \u0130zinde, bellek\u00fczerine \u00e7al\u0131\u015fan en sayg\u0131n ara\u015ft\u0131rmac\u0131lardan psikoloji profes\u00f6r\u00fc n\u00f6robilimsel yakla\u015f\u0131mlar\u0131 akademik ve klinik bak\u0131\u015f a\u00e7\u0131s\u0131yla kapsaml\u0131 bir bi\u00e7imde inceledi\u011fi ilgin\u00e7 bir kitap. Bilimsel bulgular\u0131n sa\u011flam<span class=\"excerpt-hellip\"> [\u2026]<\/span><\/p>\n","protected":false},"featured_media":0,"template":"","meta":{"_monsterinsights_skip_tracking":false,"_monsterinsights_sitenote_active":false,"_monsterinsights_sitenote_note":"","_monsterinsights_sitenote_category":0},"product_brand":[],"product_cat":[12312,12304],"product_tag":[],"class_list":{"0":"post-693961","1":"product","2":"type-product","3":"status-publish","5":"product_cat-diger","6":"product_cat-tarih","7":"pa_cilt-ciltsiz","8":"pa_tur-kitap","9":"pa_yayinevi-yapi-kredi-yayinlari","10":"pa_yazar-daniel-l-schancter","12":"first","13":"instock","14":"sale","15":"shipping-taxable","16":"purchasable","17":"product-type-simple"},"_links":{"self":[{"href":"https:\/\/roveyayinevi.com.tr\/index.php\/wp-json\/wp\/v2\/product\/693961","targetHints":{"allow":["GET"]}}],"collection":[{"href":"https:\/\/roveyayinevi.com.tr\/index.php\/wp-json\/wp\/v2\/product"}],"about":[{"href":"https:\/\/roveyayinevi.com.tr\/index.php\/wp-json\/wp\/v2\/types\/product"}],"wp:attachment":[{"href":"https:\/\/roveyayinevi.com.tr\/index.php\/wp-json\/wp\/v2\/media?parent=693961"}],"wp:term":[{"taxonomy":"product_brand","embeddable":true,"href":"https:\/\/roveyayinevi.com.tr\/index.php\/wp-json\/wp\/v2\/product_brand?post=693961"},{"taxonomy":"product_cat","embeddable":true,"href":"https:\/\/roveyayinevi.com.tr\/index.php\/wp-json\/wp\/v2\/product_cat?post=693961"},{"taxonomy":"product_tag","embeddable":true,"href":"https:\/\/roveyayinevi.com.tr\/index.php\/wp-json\/wp\/v2\/product_tag?post=693961"}],"curies":[{"name":"wp","href":"https:\/\/api.w.org\/{rel}","templated":true}]}}