{"id":693960,"date":"2025-08-27T14:17:48","date_gmt":"2025-08-27T11:17:48","guid":{"rendered":"https:\/\/roveyayinevi.com.tr\/index.php\/urun\/ben-mutlu-bir-down-annesiyim\/"},"modified":"2026-04-16T02:03:51","modified_gmt":"2026-04-15T23:03:51","slug":"ben-mutlu-bir-down-annesiyim","status":"publish","type":"product","link":"https:\/\/roveyayinevi.com.tr\/index.php\/urun\/ben-mutlu-bir-down-annesiyim\/","title":{"rendered":"Ben Mutlu Bir Down Annesiyim"},"content":{"rendered":"<p>Bu kitap, \u00f6ylesine canal\u0131c\u0131 bir hayat ser\u00fcvenine dayan\u0131yor ki, hem yazar\u0131 (ba\u015f tan\u0131\u011f\u0131), hem de yay\u0131nc\u0131s\u0131 i\u00e7in en b\u00fcy\u00fck g\u00fc\u00e7l\u00fck ona tek bir isim bulmak konusunda do\u011fuyor: Down Sendromlu O\u011flumla 17 Y\u0131l m\u0131 demeliydik, Yaln\u0131z De\u011filsiniz mi? Ben Bu \u0130\u015fi Ba\u015fard\u0131m m\u0131 en do\u011fru ba\u015fl\u0131k olurdu, yoksa Ya\u015fam\u0131n D\u0131\u015flanan Ger\u00e7ek Y\u00fcz\u00fc m\u00fc? El\u00e7in Tapan&#8217;\u0131n ve Erel Tapan&#8217;\u0131n (bir o kadar da Erkan Eran, Ela Tapan&#8217;\u0131n) ola\u011fan\u00fcst\u00fc, \u00fcrpertici, soluk kesici a\u015fk \u00f6yk\u00fcs\u00fc ba\u015fka hi\u00e7bir a\u015fk \u00f6yk\u00fcs\u00fcne benzemiyor: Bu y\u00fczden b\u00fct\u00fcn ba\u015fl\u0131klar onu \u00f6zetlemekte \u00e7aresiz kalm\u0131yor mu? Bu kitap, &#8216;ba\u015farabilme&#8217;nin tan\u0131kl\u0131\u011f\u0131&#8230; \ufffcTan\u0131t\u0131m Metni<\/p>\n","protected":false},"excerpt":{"rendered":"<p>Bu kitap, \u00f6ylesine canal\u0131c\u0131 bir hayat ser\u00fcvenine dayan\u0131yor ki, hem yazar\u0131 (ba\u015f tan\u0131\u011f\u0131), hem de yay\u0131nc\u0131s\u0131 i\u00e7in en b\u00fcy\u00fck g\u00fc\u00e7l\u00fck ona tek bir isim bulmak konusunda<span class=\"excerpt-hellip\"> [\u2026]<\/span><\/p>\n","protected":false},"featured_media":0,"template":"","meta":{"_monsterinsights_skip_tracking":false,"_monsterinsights_sitenote_active":false,"_monsterinsights_sitenote_note":"","_monsterinsights_sitenote_category":0},"product_brand":[],"product_cat":[12679,12357],"product_tag":[],"class_list":{"0":"post-693960","1":"product","2":"type-product","3":"status-publish","5":"product_cat-cocuk-psikolojisi","6":"product_cat-psikoloji","7":"pa_cilt-ciltsiz","8":"pa_tur-kitap","9":"pa_yayinevi-yapi-kredi-yayinlari","10":"pa_yazar-elcin-tapan","12":"first","13":"instock","14":"sale","15":"shipping-taxable","16":"purchasable","17":"product-type-simple"},"_links":{"self":[{"href":"https:\/\/roveyayinevi.com.tr\/index.php\/wp-json\/wp\/v2\/product\/693960","targetHints":{"allow":["GET"]}}],"collection":[{"href":"https:\/\/roveyayinevi.com.tr\/index.php\/wp-json\/wp\/v2\/product"}],"about":[{"href":"https:\/\/roveyayinevi.com.tr\/index.php\/wp-json\/wp\/v2\/types\/product"}],"wp:attachment":[{"href":"https:\/\/roveyayinevi.com.tr\/index.php\/wp-json\/wp\/v2\/media?parent=693960"}],"wp:term":[{"taxonomy":"product_brand","embeddable":true,"href":"https:\/\/roveyayinevi.com.tr\/index.php\/wp-json\/wp\/v2\/product_brand?post=693960"},{"taxonomy":"product_cat","embeddable":true,"href":"https:\/\/roveyayinevi.com.tr\/index.php\/wp-json\/wp\/v2\/product_cat?post=693960"},{"taxonomy":"product_tag","embeddable":true,"href":"https:\/\/roveyayinevi.com.tr\/index.php\/wp-json\/wp\/v2\/product_tag?post=693960"}],"curies":[{"name":"wp","href":"https:\/\/api.w.org\/{rel}","templated":true}]}}