{"id":693959,"date":"2025-08-27T14:17:48","date_gmt":"2025-08-27T11:17:48","guid":{"rendered":"https:\/\/roveyayinevi.com.tr\/index.php\/urun\/barba-ile-rabarba\/"},"modified":"2026-04-16T02:03:50","modified_gmt":"2026-04-15T23:03:50","slug":"barba-ile-rabarba","status":"publish","type":"product","link":"https:\/\/roveyayinevi.com.tr\/index.php\/urun\/barba-ile-rabarba\/","title":{"rendered":"Barba ile Rabarba"},"content":{"rendered":"<p>Arslan Sayman \u00e7ocuklar i\u00e7in \u00e7ok ne\u015feli kitaplar yazan bir yazar. \u015eiir ve tiyatronun hemen her kitab\u0131nda belirleyici bir pay\u0131 var. Barba ile Rabarba hem h\u00fcz\u00fcnl\u00fc, hem ne\u015feli ve s\u0131cak hikayesiyle \u00e7ocuklar\u0131n unutamayaca\u011f\u0131 bir kitap&#8230; Kasaba kasaba gezerek \u00e7ocuklara oyunlar sergileyen Barba ile Rabarba&#8217;n\u0131n dostlu\u011fu her okuyan\u0131n g\u00f6nl\u00fcnde derin izler b\u0131rakacak. Rabarba&#8217;n\u0131n a\u011fz\u0131ndan anlat\u0131lan bu yol ve dostluk hikayesini Deniz \u00dc\u00e7ba\u015faran resimledi. \ufffcTan\u0131t\u0131m Metni<\/p>\n","protected":false},"excerpt":{"rendered":"<p>Arslan Sayman \u00e7ocuklar i\u00e7in \u00e7ok ne\u015feli kitaplar yazan bir yazar. \u015eiir ve tiyatronun hemen her kitab\u0131nda belirleyici bir pay\u0131 var. Barba ile Rabarba hem h\u00fcz\u00fcnl\u00fc, hem<span class=\"excerpt-hellip\"> [\u2026]<\/span><\/p>\n","protected":false},"featured_media":0,"template":"","meta":{"_monsterinsights_skip_tracking":false,"_monsterinsights_sitenote_active":false,"_monsterinsights_sitenote_note":"","_monsterinsights_sitenote_category":0},"product_brand":[],"product_cat":[12274,12523],"product_tag":[],"class_list":{"0":"post-693959","1":"product","2":"type-product","3":"status-publish","5":"product_cat-cocuk-ve-genclik-kitaplari","6":"product_cat-masallar","7":"pa_cilt-ciltsiz","8":"pa_tur-kitap","9":"pa_yayinevi-yapi-kredi-yayinlari","10":"pa_yazar-arslan-sayman","12":"first","13":"instock","14":"sale","15":"shipping-taxable","16":"purchasable","17":"product-type-simple"},"_links":{"self":[{"href":"https:\/\/roveyayinevi.com.tr\/index.php\/wp-json\/wp\/v2\/product\/693959","targetHints":{"allow":["GET"]}}],"collection":[{"href":"https:\/\/roveyayinevi.com.tr\/index.php\/wp-json\/wp\/v2\/product"}],"about":[{"href":"https:\/\/roveyayinevi.com.tr\/index.php\/wp-json\/wp\/v2\/types\/product"}],"wp:attachment":[{"href":"https:\/\/roveyayinevi.com.tr\/index.php\/wp-json\/wp\/v2\/media?parent=693959"}],"wp:term":[{"taxonomy":"product_brand","embeddable":true,"href":"https:\/\/roveyayinevi.com.tr\/index.php\/wp-json\/wp\/v2\/product_brand?post=693959"},{"taxonomy":"product_cat","embeddable":true,"href":"https:\/\/roveyayinevi.com.tr\/index.php\/wp-json\/wp\/v2\/product_cat?post=693959"},{"taxonomy":"product_tag","embeddable":true,"href":"https:\/\/roveyayinevi.com.tr\/index.php\/wp-json\/wp\/v2\/product_tag?post=693959"}],"curies":[{"name":"wp","href":"https:\/\/api.w.org\/{rel}","templated":true}]}}