{"id":693958,"date":"2025-08-27T14:17:48","date_gmt":"2025-08-27T11:17:48","guid":{"rendered":"https:\/\/roveyayinevi.com.tr\/index.php\/urun\/baldaki-tuz\/"},"modified":"2026-04-07T02:08:05","modified_gmt":"2026-04-06T23:08:05","slug":"baldaki-tuz","status":"publish","type":"product","link":"https:\/\/roveyayinevi.com.tr\/index.php\/urun\/baldaki-tuz\/","title":{"rendered":"Baldaki Tuz"},"content":{"rendered":"<p>Baldaki Tuz, A\u011fac\u0131n \u00c7\u00fcr\u00fc\u011f\u00fc, Ustad\u0131r Ar\u0131 ve Zulm\u00fcn Arts\u0131n Ya\u015far Kemal&#8217;in gazetelerde, dergilerde yay\u0131nlanm\u0131\u015f toplumcu ve ger\u00e7ek\u00e7i bir bak\u0131\u015f a\u00e7\u0131s\u0131yla kaleme ald\u0131\u011f\u0131 yaz\u0131lardan ve konu\u015fmalardan derlenmi\u015ftir. Onun d\u00fc\u015f\u00fcnce ve yazarl\u0131k ser\u00fcvenine tan\u0131kl\u0131k eden bu yaz\u0131lar halk\u0131n y\u0131llard\u0131r i\u00e7ine s\u00fcr\u00fcklendi\u011fi karanl\u0131\u011f\u0131n belgeleridir. D\u00fcnyay\u0131 sonuna kadar \u00f6demek&#8230; \u00c7al\u0131\u015farak, kitaplar\u0131n, t\u00fcrl\u00fc insanlar\u0131n. Do\u011fan\u0131n maceras\u0131na kat\u0131larak, yoksul, ac\u0131 \u00e7ekerek \u00f6demek. \u00c7al\u0131\u015farak, kitaplar\u0131n, t\u00fcrl\u00fc insanlar\u0131n. Do\u011fan\u0131n maceras\u0131na kat\u0131larak, yoksul, \u00e7ekerek \u00f6demek. Ama d\u00fcnyay\u0131 sonuna kadar \u00f6demek. \u0130liklerine kadar b\u00fct\u00fcn yo\u011funlu\u011fuyla \u00f6demek. K\u0131rk y\u0131ll\u0131k yolda yaprak k\u0131m\u0131ldasa, y\u00fcre\u011finin ba\u015f\u0131nda duyarak d\u00fcnyan\u0131n ac\u0131s\u0131na, sevincine kat\u0131larak \u00f6demek. -Ya\u015far Kemal- \ufffcTan\u0131t\u0131m Metni<\/p>\n","protected":false},"excerpt":{"rendered":"<p>Baldaki Tuz, A\u011fac\u0131n \u00c7\u00fcr\u00fc\u011f\u00fc, Ustad\u0131r Ar\u0131 ve Zulm\u00fcn Arts\u0131n Ya\u015far Kemal&#8217;in gazetelerde, dergilerde yay\u0131nlanm\u0131\u015f toplumcu ve ger\u00e7ek\u00e7i bir bak\u0131\u015f a\u00e7\u0131s\u0131yla kaleme ald\u0131\u011f\u0131 yaz\u0131lardan ve konu\u015fmalardan derlenmi\u015ftir.<span class=\"excerpt-hellip\"> [\u2026]<\/span><\/p>\n","protected":false},"featured_media":0,"template":"","meta":{"_monsterinsights_skip_tracking":false,"_monsterinsights_sitenote_active":false,"_monsterinsights_sitenote_note":"","_monsterinsights_sitenote_category":0},"product_brand":[],"product_cat":[12777,12291],"product_tag":[],"class_list":{"0":"post-693958","1":"product","2":"type-product","3":"status-publish","5":"product_cat-deneme","6":"product_cat-edebiyat","7":"pa_cilt-ciltsiz","8":"pa_tur-kitap","9":"pa_yayinevi-yapi-kredi-yayinlari","10":"pa_yazar-yasar-kemal","12":"first","13":"instock","14":"sale","15":"shipping-taxable","16":"purchasable","17":"product-type-simple"},"_links":{"self":[{"href":"https:\/\/roveyayinevi.com.tr\/index.php\/wp-json\/wp\/v2\/product\/693958","targetHints":{"allow":["GET"]}}],"collection":[{"href":"https:\/\/roveyayinevi.com.tr\/index.php\/wp-json\/wp\/v2\/product"}],"about":[{"href":"https:\/\/roveyayinevi.com.tr\/index.php\/wp-json\/wp\/v2\/types\/product"}],"wp:attachment":[{"href":"https:\/\/roveyayinevi.com.tr\/index.php\/wp-json\/wp\/v2\/media?parent=693958"}],"wp:term":[{"taxonomy":"product_brand","embeddable":true,"href":"https:\/\/roveyayinevi.com.tr\/index.php\/wp-json\/wp\/v2\/product_brand?post=693958"},{"taxonomy":"product_cat","embeddable":true,"href":"https:\/\/roveyayinevi.com.tr\/index.php\/wp-json\/wp\/v2\/product_cat?post=693958"},{"taxonomy":"product_tag","embeddable":true,"href":"https:\/\/roveyayinevi.com.tr\/index.php\/wp-json\/wp\/v2\/product_tag?post=693958"}],"curies":[{"name":"wp","href":"https:\/\/api.w.org\/{rel}","templated":true}]}}