{"id":693957,"date":"2025-08-27T14:17:48","date_gmt":"2025-08-27T11:17:48","guid":{"rendered":"https:\/\/roveyayinevi.com.tr\/index.php\/urun\/balina-ile-mandalina\/"},"modified":"2026-04-16T02:03:50","modified_gmt":"2026-04-15T23:03:50","slug":"balina-ile-mandalina","status":"publish","type":"product","link":"https:\/\/roveyayinevi.com.tr\/index.php\/urun\/balina-ile-mandalina\/","title":{"rendered":"Balina ile Mandalina"},"content":{"rendered":"<p>Da\u011flarca \u00e7ocuklar i\u00e7in yazd\u0131\u011f\u0131 kitaplar\u0131 Da\u011flarca \u00c7ocuklarda dizisinde toplad\u0131. Bir balina ile bir mandalinan\u0131n s\u0131cak dostlu\u011funun anlat\u0131ld\u0131\u011f\u0131 Balina ile Mandalina&#8217;y\u0131 bu dizinin ilk kitab\u0131 olarak yay\u0131nl\u0131yoruz. D\u00fc\u015f&#8217;le ger\u00e7ek birbirine yak\u0131nd\u0131r Bilmez misin D\u00fc\u015fler G\u00fc\u00e7l\u00fc d\u00fc\u015fler Ger\u00e7ek olur er ge\u00e7.<\/p>\n","protected":false},"excerpt":{"rendered":"<p>Da\u011flarca \u00e7ocuklar i\u00e7in yazd\u0131\u011f\u0131 kitaplar\u0131 Da\u011flarca \u00c7ocuklarda dizisinde toplad\u0131. Bir balina ile bir mandalinan\u0131n s\u0131cak dostlu\u011funun anlat\u0131ld\u0131\u011f\u0131 Balina ile Mandalina&#8217;y\u0131 bu dizinin ilk kitab\u0131 olarak yay\u0131nl\u0131yoruz.<span class=\"excerpt-hellip\"> [\u2026]<\/span><\/p>\n","protected":false},"featured_media":0,"template":"","meta":{"_monsterinsights_skip_tracking":false,"_monsterinsights_sitenote_active":false,"_monsterinsights_sitenote_note":"","_monsterinsights_sitenote_category":0},"product_brand":[],"product_cat":[12274,12284],"product_tag":[],"class_list":{"0":"post-693957","1":"product","2":"type-product","3":"status-publish","5":"product_cat-cocuk-ve-genclik-kitaplari","6":"product_cat-hikayeler","7":"pa_cilt-ciltsiz","8":"pa_tur-kitap","9":"pa_yayinevi-yapi-kredi-yayinlari","10":"pa_yazar-fazil-husnu-daglarca","12":"first","13":"instock","14":"sale","15":"shipping-taxable","16":"purchasable","17":"product-type-simple"},"_links":{"self":[{"href":"https:\/\/roveyayinevi.com.tr\/index.php\/wp-json\/wp\/v2\/product\/693957","targetHints":{"allow":["GET"]}}],"collection":[{"href":"https:\/\/roveyayinevi.com.tr\/index.php\/wp-json\/wp\/v2\/product"}],"about":[{"href":"https:\/\/roveyayinevi.com.tr\/index.php\/wp-json\/wp\/v2\/types\/product"}],"wp:attachment":[{"href":"https:\/\/roveyayinevi.com.tr\/index.php\/wp-json\/wp\/v2\/media?parent=693957"}],"wp:term":[{"taxonomy":"product_brand","embeddable":true,"href":"https:\/\/roveyayinevi.com.tr\/index.php\/wp-json\/wp\/v2\/product_brand?post=693957"},{"taxonomy":"product_cat","embeddable":true,"href":"https:\/\/roveyayinevi.com.tr\/index.php\/wp-json\/wp\/v2\/product_cat?post=693957"},{"taxonomy":"product_tag","embeddable":true,"href":"https:\/\/roveyayinevi.com.tr\/index.php\/wp-json\/wp\/v2\/product_tag?post=693957"}],"curies":[{"name":"wp","href":"https:\/\/api.w.org\/{rel}","templated":true}]}}