{"id":693954,"date":"2025-08-27T14:17:47","date_gmt":"2025-08-27T11:17:47","guid":{"rendered":"https:\/\/roveyayinevi.com.tr\/index.php\/urun\/aysegul-19-kiyafet-balosuna-hazirlaniyor\/"},"modified":"2026-04-16T02:03:50","modified_gmt":"2026-04-15T23:03:50","slug":"aysegul-19-kiyafet-balosuna-hazirlaniyor","status":"publish","type":"product","link":"https:\/\/roveyayinevi.com.tr\/index.php\/urun\/aysegul-19-kiyafet-balosuna-hazirlaniyor\/","title":{"rendered":"Ay\u015feg\u00fcl 19 &#8211; K\u0131yafet Balosuna Haz\u0131rlan\u0131yor"},"content":{"rendered":"<p>Ay\u015feg\u00fcl \u00f6yk\u00fcleri, yal\u0131n bir olay \u00f6rg\u00fcs\u00fcn\u00fcn yal\u0131n bir anlat\u0131m\u0131ndan olu\u015fur. Ama \u00f6yk\u00fc kadar, kitab\u0131n her sayfas\u0131n\u0131 s\u00fcsleyen \u015fiir gibi resimler de \u00e7ok etkileyicidir. Ne yapar Ay\u015feg\u00fcl? \u00d6rne\u011fin her \u00e7ocuk gibi karde\u015fiyle \u00e7eki\u015fir, kavga eder. Sonra karde\u015fine haks\u0131zl\u0131k yapt\u0131\u011f\u0131n\u0131n bilincine var\u0131r, onun g\u00f6nl\u00fcn\u00fc almak i\u00e7in mektup yazar, resim yapar, bir arma\u011fan g\u00f6t\u00fcr\u00fcr ona. Oysa o arada karde\u015fi de ablas\u0131na kar\u015f\u0131 haks\u0131zl\u0131k yapt\u0131\u011f\u0131n\u0131 d\u00fc\u015f\u00fcnmektedir. \u0130ki karde\u015f hemen bar\u0131\u015f\u0131r. Annelerinin ve babalar\u0131n\u0131n g\u00f6nl\u00fcn\u00fc almaya giderler. <\/p>\n","protected":false},"excerpt":{"rendered":"<p>Ay\u015feg\u00fcl \u00f6yk\u00fcleri, yal\u0131n bir olay \u00f6rg\u00fcs\u00fcn\u00fcn yal\u0131n bir anlat\u0131m\u0131ndan olu\u015fur. Ama \u00f6yk\u00fc kadar, kitab\u0131n her sayfas\u0131n\u0131 s\u00fcsleyen \u015fiir gibi resimler de \u00e7ok etkileyicidir. Ne yapar Ay\u015feg\u00fcl?<span class=\"excerpt-hellip\"> [\u2026]<\/span><\/p>\n","protected":false},"featured_media":0,"template":"","meta":{"_monsterinsights_skip_tracking":false,"_monsterinsights_sitenote_active":false,"_monsterinsights_sitenote_note":"","_monsterinsights_sitenote_category":0},"product_brand":[],"product_cat":[12274,12284],"product_tag":[],"class_list":{"0":"post-693954","1":"product","2":"type-product","3":"status-publish","5":"product_cat-cocuk-ve-genclik-kitaplari","6":"product_cat-hikayeler","7":"pa_cilt-ciltsiz","8":"pa_tur-kitap","9":"pa_yayinevi-yapi-kredi-yayinlari","10":"pa_yazar-gilbert-delahaye","12":"first","13":"instock","14":"sale","15":"shipping-taxable","16":"purchasable","17":"product-type-simple"},"_links":{"self":[{"href":"https:\/\/roveyayinevi.com.tr\/index.php\/wp-json\/wp\/v2\/product\/693954","targetHints":{"allow":["GET"]}}],"collection":[{"href":"https:\/\/roveyayinevi.com.tr\/index.php\/wp-json\/wp\/v2\/product"}],"about":[{"href":"https:\/\/roveyayinevi.com.tr\/index.php\/wp-json\/wp\/v2\/types\/product"}],"wp:attachment":[{"href":"https:\/\/roveyayinevi.com.tr\/index.php\/wp-json\/wp\/v2\/media?parent=693954"}],"wp:term":[{"taxonomy":"product_brand","embeddable":true,"href":"https:\/\/roveyayinevi.com.tr\/index.php\/wp-json\/wp\/v2\/product_brand?post=693954"},{"taxonomy":"product_cat","embeddable":true,"href":"https:\/\/roveyayinevi.com.tr\/index.php\/wp-json\/wp\/v2\/product_cat?post=693954"},{"taxonomy":"product_tag","embeddable":true,"href":"https:\/\/roveyayinevi.com.tr\/index.php\/wp-json\/wp\/v2\/product_tag?post=693954"}],"curies":[{"name":"wp","href":"https:\/\/api.w.org\/{rel}","templated":true}]}}