{"id":693952,"date":"2025-08-27T14:17:47","date_gmt":"2025-08-27T11:17:47","guid":{"rendered":"https:\/\/roveyayinevi.com.tr\/index.php\/urun\/franny-ve-zooey\/"},"modified":"2026-04-16T02:03:50","modified_gmt":"2026-04-15T23:03:50","slug":"franny-ve-zooey","status":"publish","type":"product","link":"https:\/\/roveyayinevi.com.tr\/index.php\/urun\/franny-ve-zooey\/","title":{"rendered":"Franny ve Zooey"},"content":{"rendered":"<p>Glass&#8217;lar; \u00f6ncesi, sava\u015f ve sonras\u0131 ile 2. D\u00fcnya Sava\u015f\u0131&#8217;n\u0131n &#8220;yaralanm\u0131\u015f&#8221; ku\u015fa\u011f\u0131n\u0131n yedi &#8220;tuhaf&#8221; karde\u015fli &#8220;tipik&#8221; bir ailesi&#8230; \u00d6l\u00fcmler, intiharlar, g\u00fcvence aranan mistik savrulu\u015flar ve a\u015fklar aras\u0131nda, hayatla ya\u015fanan y\u00fcksek voltajl\u0131 ve suskun uyumsuzluklar, sessiz \u00e7\u0131ld\u0131rma e\u015fikleri&#8230; &#8220;Biz d\u00f6rd\u00fcm\u00fcz, birbirimize yak\u0131n kan ba\u011f\u0131yla ba\u011fl\u0131y\u0131z ve bir t\u00fcr deruni aile diliyle, iki nokta aras\u0131ndaki en k\u0131sa mesafenin neredeyse tam bir daire oldu\u011fu bir \u00e7e\u015fit romantik geometri ile konu\u015furuz. Son bir uyar\u0131 s\u00f6z\u00fc: Aile soyad\u0131m\u0131z Glass. Bir dakika sonra, Glass erkeklerinden en genci, ya\u015fayan b\u00fcy\u00fck a\u011fabeyi Buddy Glass&#8217;\u0131n kendisine g\u00f6nderdi\u011fi a\u015f\u0131r\u0131 derecede uzun mektubu okurken g\u00f6r\u00fclecek (&#8230;) Bana s\u00f6yledi\u011fine g\u00f6re, mektubun \u00fcslubu, bu anlat\u0131c\u0131n\u0131n \u00fcslubuna ya da yaz\u0131l\u0131 \u00fcslup\u00e7ulu\u011funa, rastgeleli\u011fin adamak\u0131ll\u0131 \u00f6tesinde bir benzerlik g\u00f6steriyormu\u015f; genel okur da hi\u00e7 \u015f\u00fcphesiz, mektubun yazar\u0131 ile bendenizin ayn\u0131 ki\u015fi oldu\u011fu sonucuna bal\u0131klama atlayacakt\u0131r. Atlayacakt\u0131r ve maalesef atlamal\u0131d\u0131r da&#8221;&#8230; Nicedir, bir 20. y\u00fczy\u0131l &#8220;modern-klasik&#8221;i olarak an\u0131lan &#8220;k\u0131rk y\u0131ll\u0131k suskun&#8221; J. D. Salinger&#8217;dan, hayat \u00fcst\u00fcne, sanki kendi gelece\u011fini de okudu\u011fu tedirgin, derin, ac\u0131 iki uzun &#8220;hikaye&#8221;.<\/p>\n","protected":false},"excerpt":{"rendered":"<p>Glass&#8217;lar; \u00f6ncesi, sava\u015f ve sonras\u0131 ile 2. D\u00fcnya Sava\u015f\u0131&#8217;n\u0131n &#8220;yaralanm\u0131\u015f&#8221; ku\u015fa\u011f\u0131n\u0131n yedi &#8220;tuhaf&#8221; karde\u015fli &#8220;tipik&#8221; bir ailesi&#8230; \u00d6l\u00fcmler, intiharlar, g\u00fcvence aranan mistik savrulu\u015flar ve a\u015fklar aras\u0131nda,<span class=\"excerpt-hellip\"> [\u2026]<\/span><\/p>\n","protected":false},"featured_media":0,"template":"","meta":{"_monsterinsights_skip_tracking":false,"_monsterinsights_sitenote_active":false,"_monsterinsights_sitenote_note":"","_monsterinsights_sitenote_category":0},"product_brand":[],"product_cat":[12891,12291],"product_tag":[],"class_list":{"0":"post-693952","1":"product","2":"type-product","3":"status-publish","5":"product_cat-amerikan-edebiyati","6":"product_cat-edebiyat","7":"pa_cilt-ciltsiz","8":"pa_tur-kitap","9":"pa_yayinevi-yapi-kredi-yayinlari","10":"pa_yazar-jerome-david-salinger","12":"first","13":"instock","14":"sale","15":"shipping-taxable","16":"purchasable","17":"product-type-simple"},"_links":{"self":[{"href":"https:\/\/roveyayinevi.com.tr\/index.php\/wp-json\/wp\/v2\/product\/693952","targetHints":{"allow":["GET"]}}],"collection":[{"href":"https:\/\/roveyayinevi.com.tr\/index.php\/wp-json\/wp\/v2\/product"}],"about":[{"href":"https:\/\/roveyayinevi.com.tr\/index.php\/wp-json\/wp\/v2\/types\/product"}],"wp:attachment":[{"href":"https:\/\/roveyayinevi.com.tr\/index.php\/wp-json\/wp\/v2\/media?parent=693952"}],"wp:term":[{"taxonomy":"product_brand","embeddable":true,"href":"https:\/\/roveyayinevi.com.tr\/index.php\/wp-json\/wp\/v2\/product_brand?post=693952"},{"taxonomy":"product_cat","embeddable":true,"href":"https:\/\/roveyayinevi.com.tr\/index.php\/wp-json\/wp\/v2\/product_cat?post=693952"},{"taxonomy":"product_tag","embeddable":true,"href":"https:\/\/roveyayinevi.com.tr\/index.php\/wp-json\/wp\/v2\/product_tag?post=693952"}],"curies":[{"name":"wp","href":"https:\/\/api.w.org\/{rel}","templated":true}]}}