{"id":693948,"date":"2025-08-27T14:17:46","date_gmt":"2025-08-27T11:17:46","guid":{"rendered":"https:\/\/roveyayinevi.com.tr\/index.php\/urun\/felsefe-yazilari-2\/"},"modified":"2026-04-16T02:03:50","modified_gmt":"2026-04-15T23:03:50","slug":"felsefe-yazilari-2","status":"publish","type":"product","link":"https:\/\/roveyayinevi.com.tr\/index.php\/urun\/felsefe-yazilari-2\/","title":{"rendered":"Felsefe Yaz\u0131lar\u0131"},"content":{"rendered":"<p>Felsefe Yaz\u0131lar\u0131&#8217;nda Selahattin Hilav&#8217;\u0131n Marksizmi bir dogma de\u011fil bir y\u00f6ntem olarak ele alan d\u00fc\u015f\u00fcnce \u00e7abas\u0131n\u0131n \u00fcr\u00fcnleri yer al\u0131yor. Osmanl\u0131 ve Cumhuriyet T\u00fcrkiye&#8217;sinin toplumsal ve k\u00fclt\u00fcrel ger\u00e7eklerini resmi tarih ve ideolojinin \u00f6tesine ge\u00e7erek anlamaya ve a\u00e7\u0131klamaya \u00e7al\u0131\u015fan bu yaz\u0131larda yabanc\u0131la\u015fma ve Asya Tibi \u00dcretim Tarz\u0131 gibi kavramlar ele al\u0131n\u0131yor, bizde ve Do\u011fu&#8217;da birey in Bat\u0131&#8217;dakinden neden ve nas\u0131l farkl\u0131 oldu\u011fu \u00fczerinde duruluyor. \u00c7e\u015fitli Bat\u0131 d\u00fc\u015f\u00fcnce ak\u0131mlar\u0131n\u0131n felsefesiz bir toplumla ili\u015fkileri ve bu toplumda nas\u0131l \u00f6z\u00fcmlendikleri ya da \u00f6z\u00fcmlenemedikleri de kitapta i\u015flenen konular aras\u0131nda. \ufffcTan\u0131t\u0131m Metni<\/p>\n","protected":false},"excerpt":{"rendered":"<p>Felsefe Yaz\u0131lar\u0131&#8217;nda Selahattin Hilav&#8217;\u0131n Marksizmi bir dogma de\u011fil bir y\u00f6ntem olarak ele alan d\u00fc\u015f\u00fcnce \u00e7abas\u0131n\u0131n \u00fcr\u00fcnleri yer al\u0131yor. Osmanl\u0131 ve Cumhuriyet T\u00fcrkiye&#8217;sinin toplumsal ve k\u00fclt\u00fcrel ger\u00e7eklerini<span class=\"excerpt-hellip\"> [\u2026]<\/span><\/p>\n","protected":false},"featured_media":0,"template":"","meta":{"_monsterinsights_skip_tracking":false,"_monsterinsights_sitenote_active":false,"_monsterinsights_sitenote_note":"","_monsterinsights_sitenote_category":0},"product_brand":[],"product_cat":[12388,13555],"product_tag":[],"class_list":{"0":"post-693948","1":"product","2":"type-product","3":"status-publish","5":"product_cat-felsefe","6":"product_cat-genel-felsefe","7":"pa_cilt-ciltsiz","8":"pa_tur-kitap","9":"pa_yayinevi-yapi-kredi-yayinlari","10":"pa_yazar-selahattin-hilav","12":"first","13":"instock","14":"sale","15":"shipping-taxable","16":"purchasable","17":"product-type-simple"},"_links":{"self":[{"href":"https:\/\/roveyayinevi.com.tr\/index.php\/wp-json\/wp\/v2\/product\/693948","targetHints":{"allow":["GET"]}}],"collection":[{"href":"https:\/\/roveyayinevi.com.tr\/index.php\/wp-json\/wp\/v2\/product"}],"about":[{"href":"https:\/\/roveyayinevi.com.tr\/index.php\/wp-json\/wp\/v2\/types\/product"}],"wp:attachment":[{"href":"https:\/\/roveyayinevi.com.tr\/index.php\/wp-json\/wp\/v2\/media?parent=693948"}],"wp:term":[{"taxonomy":"product_brand","embeddable":true,"href":"https:\/\/roveyayinevi.com.tr\/index.php\/wp-json\/wp\/v2\/product_brand?post=693948"},{"taxonomy":"product_cat","embeddable":true,"href":"https:\/\/roveyayinevi.com.tr\/index.php\/wp-json\/wp\/v2\/product_cat?post=693948"},{"taxonomy":"product_tag","embeddable":true,"href":"https:\/\/roveyayinevi.com.tr\/index.php\/wp-json\/wp\/v2\/product_tag?post=693948"}],"curies":[{"name":"wp","href":"https:\/\/api.w.org\/{rel}","templated":true}]}}