{"id":693947,"date":"2025-08-27T14:17:45","date_gmt":"2025-08-27T11:17:45","guid":{"rendered":"https:\/\/roveyayinevi.com.tr\/index.php\/urun\/devam-eden-hikayemiz\/"},"modified":"2026-04-16T02:03:50","modified_gmt":"2026-04-15T23:03:50","slug":"devam-eden-hikayemiz","status":"publish","type":"product","link":"https:\/\/roveyayinevi.com.tr\/index.php\/urun\/devam-eden-hikayemiz\/","title":{"rendered":"Devam Eden Hikayemiz"},"content":{"rendered":"<p>Varolan \u00fczerinde d\u00fc\u015f\u00fcnmek, \u00e7abalamak&#8230; De\u011fi\u015fmekte olan\u0131 g\u00f6rerek yeniyi yakalamak, yaratmak, iletmek&#8230; Her de\u011fi\u015fimi ve yenili\u011fi \u00e7o\u011faltmak&#8230; \u0130\u015fke Erel&#8217;in ya\u015fam\u0131. Bir ya\u015fam\u0131, uyum ve denge i\u00e7erisinde, kal\u0131pla\u015fm\u0131\u015f s\u0131n\u0131rlar\u0131n \u00f6tesine: renkli ve \u00e7ok\u0131\u015f\u0131kl\u0131 alanlara ta\u015f\u0131mak&#8230; O ya\u015fam\u0131n i\u00e7ine c\u0131v\u0131l c\u0131v\u0131l ba\u015fka ya\u015famlar\u0131 katmak&#8230; Ya\u015fad\u0131klar\u0131, yazd\u0131klar\u0131, d\u00fc\u015f\u00fcnd\u00fckleriyle gen\u00e7 kalabilmek&#8230; \u0130\u015fte El\u00e7inTapan&#8217;\u0131n ya\u015fam\u0131. Ve o ya\u015fama mektuplar\u0131, telefonlar\u0131, fakslar\u0131yla; y\u00fcrekleri, y\u00fcreklerindeki sevgileri, g\u00f6zlerindeki umut p\u0131r\u0131lt\u0131lar\u0131yla kat\u0131lan; hayatlar\u0131 \u00e7o\u011faltan ba\u015fka ya\u015famlar&#8230; Asl\u0131nda mutlu olmak, olabilmek ne kadar da kolay! \ufffcTan\u0131t\u0131m Metni<\/p>\n","protected":false},"excerpt":{"rendered":"<p>Varolan \u00fczerinde d\u00fc\u015f\u00fcnmek, \u00e7abalamak&#8230; De\u011fi\u015fmekte olan\u0131 g\u00f6rerek yeniyi yakalamak, yaratmak, iletmek&#8230; Her de\u011fi\u015fimi ve yenili\u011fi \u00e7o\u011faltmak&#8230; \u0130\u015fke Erel&#8217;in ya\u015fam\u0131. Bir ya\u015fam\u0131, uyum ve denge i\u00e7erisinde, kal\u0131pla\u015fm\u0131\u015f<span class=\"excerpt-hellip\"> [\u2026]<\/span><\/p>\n","protected":false},"featured_media":0,"template":"","meta":{"_monsterinsights_skip_tracking":false,"_monsterinsights_sitenote_active":false,"_monsterinsights_sitenote_note":"","_monsterinsights_sitenote_category":0},"product_brand":[],"product_cat":[12291,12292],"product_tag":[],"class_list":{"0":"post-693947","1":"product","2":"type-product","3":"status-publish","5":"product_cat-edebiyat","6":"product_cat-turk-edebiyati","7":"pa_cilt-ciltsiz","8":"pa_tur-kitap","9":"pa_yayinevi-yapi-kredi-yayinlari","10":"pa_yazar-elcin-tapan","12":"first","13":"instock","14":"sale","15":"shipping-taxable","16":"purchasable","17":"product-type-simple"},"_links":{"self":[{"href":"https:\/\/roveyayinevi.com.tr\/index.php\/wp-json\/wp\/v2\/product\/693947","targetHints":{"allow":["GET"]}}],"collection":[{"href":"https:\/\/roveyayinevi.com.tr\/index.php\/wp-json\/wp\/v2\/product"}],"about":[{"href":"https:\/\/roveyayinevi.com.tr\/index.php\/wp-json\/wp\/v2\/types\/product"}],"wp:attachment":[{"href":"https:\/\/roveyayinevi.com.tr\/index.php\/wp-json\/wp\/v2\/media?parent=693947"}],"wp:term":[{"taxonomy":"product_brand","embeddable":true,"href":"https:\/\/roveyayinevi.com.tr\/index.php\/wp-json\/wp\/v2\/product_brand?post=693947"},{"taxonomy":"product_cat","embeddable":true,"href":"https:\/\/roveyayinevi.com.tr\/index.php\/wp-json\/wp\/v2\/product_cat?post=693947"},{"taxonomy":"product_tag","embeddable":true,"href":"https:\/\/roveyayinevi.com.tr\/index.php\/wp-json\/wp\/v2\/product_tag?post=693947"}],"curies":[{"name":"wp","href":"https:\/\/api.w.org\/{rel}","templated":true}]}}