{"id":693944,"date":"2025-08-27T14:17:45","date_gmt":"2025-08-27T11:17:45","guid":{"rendered":"https:\/\/roveyayinevi.com.tr\/index.php\/urun\/esik-1947-1975-toplu-siirler-1\/"},"modified":"2026-04-16T02:03:50","modified_gmt":"2026-04-15T23:03:50","slug":"esik-1947-1975-toplu-siirler-1","status":"publish","type":"product","link":"https:\/\/roveyayinevi.com.tr\/index.php\/urun\/esik-1947-1975-toplu-siirler-1\/","title":{"rendered":"E\u015fik 1947-1975 Toplu \u015eiirler 1"},"content":{"rendered":"<p>\u015eiirimizin b\u00fcy\u00fck ustalar\u0131ndan \u0130lhan Berk\u2019in Toplu \u015eiirleri (E\u015fik, A\u015fk Taht\u0131, Ak\u015fama Do\u011fru) \u00fc\u00e7 cilt halinde Yap\u0131 Kredi Yay\u0131nlar\u0131 \u015fiir dizisinden \u00e7\u0131kt\u0131. Yap\u0131 Kredi Yay\u0131nlar\u0131 \u0130lhan Berk\u2019in, 1994\u2019ten ba\u015flayarak \u0130nferno, Kanatl\u0131 At, Logos, As\u0131l\u0131 Eros, El Yaz\u0131lar\u0131na Vuruyor G\u00fcne\u015f, Uzun Bir Adam, Poetika, K\u00fclt Kitap isimli \u015fiir \u00fcst\u00fcne yaz\u0131lar, \u00e7eviri \u015fiirler, biyografik denemeler, g\u00fcnl\u00fck ve defterlerini -k\u0131sacas\u0131, \u015fiirleri d\u0131\u015f\u0131nda t\u00fcm eserlerini- kitapla\u015ft\u0131rm\u0131\u015ft\u0131. Toplu \u015eiirlerin de yay\u0131mlanmas\u0131yla \u0130lhan Berk \u2018B\u00fct\u00fcn Eserlerine Do\u011fru\u2019 b\u00fcy\u00fck bir ad\u0131m daha at\u0131lm\u0131\u015f oldu. 1918 Manisa do\u011fumlu \u0130lhan Berk\u2019in 1947\u2019de yay\u0131mlanan \u0130stanbul kitab\u0131 ile ba\u015flayan Toplu \u015eiirler bug\u00fcne dek yay\u0131mlad\u0131\u011f\u0131 18 \u015fiir kitab\u0131n\u0131 bir araya getiriyor. Galata ve Pera kitaplar\u0131 ise, \u015fairin iste\u011fi do\u011frultusunda, \u00f6n\u00fcm\u00fczdeki aylarda ayr\u0131 bir ciltte bir araya gelecek. Toplu \u015eiirlerin birinci cildi olan E\u015fik 1947-1975 y\u0131llar\u0131 aras\u0131nda yay\u0131mlad\u0131\u011f\u0131 onbir kitab\u0131n\u0131 kaps\u0131yor. \u0130kinci cilt A\u015fk Taht\u0131 ise \u015fairin 1976-1982 aras\u0131nda yay\u0131mlad\u0131\u011f\u0131 olduk\u00e7a hacimli Atlas, K\u00fcl ve Deniz Eskisi\u2019ni bir araya getiriyor. (\u015eimdilik) Son cilt Ak\u015fama Do\u011fru\u2019da ise \u015fairin 1984-1996 aras\u0131nda yay\u0131mlanan, k\u0131sa \u015fiirlerinin a\u011f\u0131rl\u0131kta oldu\u011fu sond\u00f6nem kitaplar\u0131n\u0131 kaps\u0131yor: Delta ve \u00c7ocuk, G\u00fczel Irmak, D\u00fcn Da\u011flarda Dola\u015ft\u0131m Evde Yoktum ve Avluya D\u00fc\u015fen G\u00f6lge. Necatigil\u2019e g\u00f6re, \u201c\u015fairimizin u\u00e7 beyi\u201d, \u201ckorkun\u00e7 \u00e7ocu\u011fu\u201d o. Yazamak denen cehennemin g\u00f6n\u00fcll\u00fc \u00e7al\u0131\u015fkan\u0131\u2026 Yeni biny\u0131l girerken \u015fiirin bizzat kendisine d\u00f6n\u00fc\u015fm\u00fc\u015f \u0130lhan Berk\u2019ten b\u00fcy\u00fck hediye\u2026 Hem \u015fiirseverlere, hem T\u00fcrk diline\u2026<\/p>\n","protected":false},"excerpt":{"rendered":"<p>\u015eiirimizin b\u00fcy\u00fck ustalar\u0131ndan \u0130lhan Berk\u2019in Toplu \u015eiirleri (E\u015fik, A\u015fk Taht\u0131, Ak\u015fama Do\u011fru) \u00fc\u00e7 cilt halinde Yap\u0131 Kredi Yay\u0131nlar\u0131 \u015fiir dizisinden \u00e7\u0131kt\u0131. Yap\u0131 Kredi Yay\u0131nlar\u0131 \u0130lhan Berk\u2019in,<span class=\"excerpt-hellip\"> [\u2026]<\/span><\/p>\n","protected":false},"featured_media":0,"template":"","meta":{"_monsterinsights_skip_tracking":false,"_monsterinsights_sitenote_active":false,"_monsterinsights_sitenote_note":"","_monsterinsights_sitenote_category":0},"product_brand":[],"product_cat":[12291,12509],"product_tag":[],"class_list":{"0":"post-693944","1":"product","2":"type-product","3":"status-publish","5":"product_cat-edebiyat","6":"product_cat-siir","7":"pa_cilt-ciltsiz","8":"pa_tur-kitap","9":"pa_yayinevi-yapi-kredi-yayinlari","10":"pa_yazar-ilhan-berk","12":"first","13":"instock","14":"sale","15":"shipping-taxable","16":"purchasable","17":"product-type-simple"},"_links":{"self":[{"href":"https:\/\/roveyayinevi.com.tr\/index.php\/wp-json\/wp\/v2\/product\/693944","targetHints":{"allow":["GET"]}}],"collection":[{"href":"https:\/\/roveyayinevi.com.tr\/index.php\/wp-json\/wp\/v2\/product"}],"about":[{"href":"https:\/\/roveyayinevi.com.tr\/index.php\/wp-json\/wp\/v2\/types\/product"}],"wp:attachment":[{"href":"https:\/\/roveyayinevi.com.tr\/index.php\/wp-json\/wp\/v2\/media?parent=693944"}],"wp:term":[{"taxonomy":"product_brand","embeddable":true,"href":"https:\/\/roveyayinevi.com.tr\/index.php\/wp-json\/wp\/v2\/product_brand?post=693944"},{"taxonomy":"product_cat","embeddable":true,"href":"https:\/\/roveyayinevi.com.tr\/index.php\/wp-json\/wp\/v2\/product_cat?post=693944"},{"taxonomy":"product_tag","embeddable":true,"href":"https:\/\/roveyayinevi.com.tr\/index.php\/wp-json\/wp\/v2\/product_tag?post=693944"}],"curies":[{"name":"wp","href":"https:\/\/api.w.org\/{rel}","templated":true}]}}