{"id":693943,"date":"2025-08-27T14:17:45","date_gmt":"2025-08-27T11:17:45","guid":{"rendered":"https:\/\/roveyayinevi.com.tr\/index.php\/urun\/everest-my-lord-iste-bas-iste-govde-iste-kanatlar\/"},"modified":"2026-04-16T02:03:50","modified_gmt":"2026-04-15T23:03:50","slug":"everest-my-lord-iste-bas-iste-govde-iste-kanatlar","status":"publish","type":"product","link":"https:\/\/roveyayinevi.com.tr\/index.php\/urun\/everest-my-lord-iste-bas-iste-govde-iste-kanatlar\/","title":{"rendered":"Everest My Lord \u0130\u015fte Ba\u015f \u0130\u015fte G\u00f6vde \u0130\u015fte Kanatlar"},"content":{"rendered":"<p>Sevim Burak, teatral davran\u0131\u015flar\u0131, g\u00f6steri\u015fli g\u00fczelli\u011fi, tuhaf be\u011fenileri ve kendinden emin savruklu\u011fuyla yazd\u0131\u011f\u0131 gibi ya\u015fad\u0131.\u0130lk kitab\u0131ndan itibaren efsanevi bir kimlik olu\u015fturdu.B\u00fct\u00fcn yap\u0131tlar\u0131nda \u00f6fkesinde berrakla\u015fan yazar; \u015f\u00fcphe, korku, yaln\u0131zl\u0131k, yabanc\u0131la\u015fma, y\u0131k\u0131m ve \u00f6l\u00fcme kurmacayla, mizahla, oyunla kar\u015f\u0131 durdu. Herkesin gitti\u011fi yoldan ba\u015fka yol var m\u0131? diyen SevimBurak&#8217;tan Ford Mach I, Yan\u0131k Saraylar; Sahibinin Sesi ve Afrika Dans\u0131&#8217;nldan sonra iki oyun: Everest My Lord ve \u0130\u015fte Ba\u015f \u0130\u015fte G\u00f6vde \u0130\u015fte Kanatlar&#8230; \ufffcTan\u0131t\u0131m Metni<\/p>\n","protected":false},"excerpt":{"rendered":"<p>Sevim Burak, teatral davran\u0131\u015flar\u0131, g\u00f6steri\u015fli g\u00fczelli\u011fi, tuhaf be\u011fenileri ve kendinden emin savruklu\u011fuyla yazd\u0131\u011f\u0131 gibi ya\u015fad\u0131.\u0130lk kitab\u0131ndan itibaren efsanevi bir kimlik olu\u015fturdu.B\u00fct\u00fcn yap\u0131tlar\u0131nda \u00f6fkesinde berrakla\u015fan yazar; \u015f\u00fcphe,<span class=\"excerpt-hellip\"> [\u2026]<\/span><\/p>\n","protected":false},"featured_media":0,"template":"","meta":{"_monsterinsights_skip_tracking":false,"_monsterinsights_sitenote_active":false,"_monsterinsights_sitenote_note":"","_monsterinsights_sitenote_category":0},"product_brand":[],"product_cat":[12291,14272],"product_tag":[],"class_list":{"0":"post-693943","1":"product","2":"type-product","3":"status-publish","5":"product_cat-edebiyat","6":"product_cat-tiyatro","7":"pa_cilt-ciltsiz","8":"pa_tur-kitap","9":"pa_yayinevi-yapi-kredi-yayinlari","10":"pa_yazar-sevim-burak","12":"first","13":"instock","14":"sale","15":"shipping-taxable","16":"purchasable","17":"product-type-simple"},"_links":{"self":[{"href":"https:\/\/roveyayinevi.com.tr\/index.php\/wp-json\/wp\/v2\/product\/693943","targetHints":{"allow":["GET"]}}],"collection":[{"href":"https:\/\/roveyayinevi.com.tr\/index.php\/wp-json\/wp\/v2\/product"}],"about":[{"href":"https:\/\/roveyayinevi.com.tr\/index.php\/wp-json\/wp\/v2\/types\/product"}],"wp:attachment":[{"href":"https:\/\/roveyayinevi.com.tr\/index.php\/wp-json\/wp\/v2\/media?parent=693943"}],"wp:term":[{"taxonomy":"product_brand","embeddable":true,"href":"https:\/\/roveyayinevi.com.tr\/index.php\/wp-json\/wp\/v2\/product_brand?post=693943"},{"taxonomy":"product_cat","embeddable":true,"href":"https:\/\/roveyayinevi.com.tr\/index.php\/wp-json\/wp\/v2\/product_cat?post=693943"},{"taxonomy":"product_tag","embeddable":true,"href":"https:\/\/roveyayinevi.com.tr\/index.php\/wp-json\/wp\/v2\/product_tag?post=693943"}],"curies":[{"name":"wp","href":"https:\/\/api.w.org\/{rel}","templated":true}]}}