{"id":693942,"date":"2025-08-27T14:17:44","date_gmt":"2025-08-27T11:17:44","guid":{"rendered":"https:\/\/roveyayinevi.com.tr\/index.php\/urun\/evvel-zaman-icinde-mezopotamya\/"},"modified":"2025-11-13T02:31:08","modified_gmt":"2025-11-12T23:31:08","slug":"evvel-zaman-icinde-mezopotamya","status":"publish","type":"product","link":"https:\/\/roveyayinevi.com.tr\/index.php\/urun\/evvel-zaman-icinde-mezopotamya\/","title":{"rendered":"Evvel Zaman \u0130\u00e7inde Mezopotamya"},"content":{"rendered":"<p>Dicle ve F\u0131rat aras\u0131nda suskunlu\u011fa g\u00f6m\u00fclm\u00fc\u015f, sazlarla kapl\u0131, kilden bir \u00fclke. Geriye hi\u00e7bir \u015fey kalmam\u0131\u015f. Hi\u00e7bir \u015fey? \u00c7iviyaz\u0131s\u0131 tabletleri, yitik bir medeniyeti g\u00fcn \u0131\u015f\u0131\u011f\u0131na \u00e7\u0131karacak m\u0131yd\u0131? Y\u0131l 1802, ola\u011fan\u00fcst\u00fc bir ser\u00fcvenin hen\u00fcz ba\u015flang\u0131c\u0131nday\u0131z. Antik Yunan-Do\u011fu\u2019nun en b\u00fcy\u00fck medeniyeti Mezopotamya, bu tabletlerin ard\u0131na saklan\u0131yor. G\u00fcn be g\u00fcn, y\u0131llar boyu s\u00fcren \u00e7al\u0131\u015fmalar, bu gizemli yaz\u0131y\u0131 \u00e7\u00f6z\u00fcyor. Zaman\u2019\u0131n kumlar\u0131n\u0131n \u00f6rtt\u00fc\u011f\u00fc Babil, Asur, Horsabad&#8230; Jean Bott\u00e9ro ve Marie-Joseph St\u00e8ve Tarih\u2019in do\u011fu\u015funu g\u00f6zler \u00f6n\u00fcne seriyorlar. \ufffcTan\u0131t\u0131m Metni<\/p>\n","protected":false},"excerpt":{"rendered":"<p>Dicle ve F\u0131rat aras\u0131nda suskunlu\u011fa g\u00f6m\u00fclm\u00fc\u015f, sazlarla kapl\u0131, kilden bir \u00fclke. Geriye hi\u00e7bir \u015fey kalmam\u0131\u015f. Hi\u00e7bir \u015fey? \u00c7iviyaz\u0131s\u0131 tabletleri, yitik bir medeniyeti g\u00fcn \u0131\u015f\u0131\u011f\u0131na \u00e7\u0131karacak m\u0131yd\u0131?<span class=\"excerpt-hellip\"> [\u2026]<\/span><\/p>\n","protected":false},"featured_media":0,"template":"","meta":{"_monsterinsights_skip_tracking":false,"_monsterinsights_sitenote_active":false,"_monsterinsights_sitenote_note":"","_monsterinsights_sitenote_category":0},"product_brand":[],"product_cat":[12312,12304],"product_tag":[],"class_list":{"0":"post-693942","1":"product","2":"type-product","3":"status-publish","5":"product_cat-diger","6":"product_cat-tarih","7":"pa_cilt-ciltsiz","8":"pa_tur-kitap","9":"pa_yayinevi-yapi-kredi-yayinlari","10":"pa_yazar-marie-joseph-steve","12":"first","13":"instock","14":"sale","15":"shipping-taxable","16":"purchasable","17":"product-type-simple"},"_links":{"self":[{"href":"https:\/\/roveyayinevi.com.tr\/index.php\/wp-json\/wp\/v2\/product\/693942","targetHints":{"allow":["GET"]}}],"collection":[{"href":"https:\/\/roveyayinevi.com.tr\/index.php\/wp-json\/wp\/v2\/product"}],"about":[{"href":"https:\/\/roveyayinevi.com.tr\/index.php\/wp-json\/wp\/v2\/types\/product"}],"wp:attachment":[{"href":"https:\/\/roveyayinevi.com.tr\/index.php\/wp-json\/wp\/v2\/media?parent=693942"}],"wp:term":[{"taxonomy":"product_brand","embeddable":true,"href":"https:\/\/roveyayinevi.com.tr\/index.php\/wp-json\/wp\/v2\/product_brand?post=693942"},{"taxonomy":"product_cat","embeddable":true,"href":"https:\/\/roveyayinevi.com.tr\/index.php\/wp-json\/wp\/v2\/product_cat?post=693942"},{"taxonomy":"product_tag","embeddable":true,"href":"https:\/\/roveyayinevi.com.tr\/index.php\/wp-json\/wp\/v2\/product_tag?post=693942"}],"curies":[{"name":"wp","href":"https:\/\/api.w.org\/{rel}","templated":true}]}}