{"id":693939,"date":"2025-08-27T14:17:44","date_gmt":"2025-08-27T11:17:44","guid":{"rendered":"https:\/\/roveyayinevi.com.tr\/index.php\/urun\/eski-sokak-secme-siirler\/"},"modified":"2026-04-16T02:03:50","modified_gmt":"2026-04-15T23:03:50","slug":"eski-sokak-secme-siirler","status":"publish","type":"product","link":"https:\/\/roveyayinevi.com.tr\/index.php\/urun\/eski-sokak-secme-siirler\/","title":{"rendered":"Eski Sokak &#8211; Se\u00e7me \u015eiirler"},"content":{"rendered":"<p>K\u00fc\u00e7\u00fck ah\u015fap bir dizi evlerdi On y\u0131l \u00f6nce sokak. Sonra geni\u015f caddelere \u00e7\u0131kt\u0131k Apartman sizden uzak. \ufffc<\/p>\n","protected":false},"excerpt":{"rendered":"<p>K\u00fc\u00e7\u00fck ah\u015fap bir dizi evlerdi On y\u0131l \u00f6nce sokak. Sonra geni\u015f caddelere \u00e7\u0131kt\u0131k Apartman sizden uzak. \ufffc<\/p>\n","protected":false},"featured_media":0,"template":"","meta":{"_monsterinsights_skip_tracking":false,"_monsterinsights_sitenote_active":false,"_monsterinsights_sitenote_note":"","_monsterinsights_sitenote_category":0},"product_brand":[],"product_cat":[12291,12509],"product_tag":[],"class_list":{"0":"post-693939","1":"product","2":"type-product","3":"status-publish","5":"product_cat-edebiyat","6":"product_cat-siir","7":"pa_cilt-ciltsiz","8":"pa_tur-kitap","9":"pa_yayinevi-yapi-kredi-yayinlari","10":"pa_yazar-behcet-necatigil","12":"first","13":"instock","14":"sale","15":"shipping-taxable","16":"purchasable","17":"product-type-simple"},"_links":{"self":[{"href":"https:\/\/roveyayinevi.com.tr\/index.php\/wp-json\/wp\/v2\/product\/693939","targetHints":{"allow":["GET"]}}],"collection":[{"href":"https:\/\/roveyayinevi.com.tr\/index.php\/wp-json\/wp\/v2\/product"}],"about":[{"href":"https:\/\/roveyayinevi.com.tr\/index.php\/wp-json\/wp\/v2\/types\/product"}],"wp:attachment":[{"href":"https:\/\/roveyayinevi.com.tr\/index.php\/wp-json\/wp\/v2\/media?parent=693939"}],"wp:term":[{"taxonomy":"product_brand","embeddable":true,"href":"https:\/\/roveyayinevi.com.tr\/index.php\/wp-json\/wp\/v2\/product_brand?post=693939"},{"taxonomy":"product_cat","embeddable":true,"href":"https:\/\/roveyayinevi.com.tr\/index.php\/wp-json\/wp\/v2\/product_cat?post=693939"},{"taxonomy":"product_tag","embeddable":true,"href":"https:\/\/roveyayinevi.com.tr\/index.php\/wp-json\/wp\/v2\/product_tag?post=693939"}],"curies":[{"name":"wp","href":"https:\/\/api.w.org\/{rel}","templated":true}]}}