{"id":693938,"date":"2025-08-27T14:17:43","date_gmt":"2025-08-27T11:17:43","guid":{"rendered":"https:\/\/roveyayinevi.com.tr\/index.php\/urun\/bakisin-kirlettigi-ayna\/"},"modified":"2026-04-16T02:03:50","modified_gmt":"2026-04-15T23:03:50","slug":"bakisin-kirlettigi-ayna","status":"publish","type":"product","link":"https:\/\/roveyayinevi.com.tr\/index.php\/urun\/bakisin-kirlettigi-ayna\/","title":{"rendered":"Bak\u0131\u015f\u0131n Kirletti\u011fi Ayna"},"content":{"rendered":"<p>\u201cBenim i\u00e7in g\u00f6zler yoktu art\u0131k, g\u00f6zleri dikenli teller gibi koruyan kirpikler vard\u0131. G\u00f6zler vard\u0131 tabii ama kirpikleri a\u015f\u0131p ula\u015fam\u0131yordum onlara. G\u00f6zler yoktu yani, ama asl\u0131nda ula\u015f\u0131lmazl\u0131klar\u0131 oran\u0131nda daha g\u00fc\u00e7l\u00fc olarak vard\u0131lar. G\u00f6zler vard\u0131 yani. Ama kimin g\u00f6zleri? Neredeydi o? Hi\u00e7bir yerde olmad\u0131\u011f\u0131 i\u00e7in her yerdeydi. Nerede oldu\u011funu bilmedi\u011fim i\u00e7in buradayd\u0131. (&#8230;) Onun sokaklar\u0131nda bir hac\u0131yd\u0131m.\u201cOkurla kavgal\u0131 bir ili\u015fki kuran Mehmet Erte bu kitab\u0131n \u201cDelik\u201c adl\u0131 ilk b\u00f6l\u00fcm\u00fcnde, s\u0131radan durumlar\u0131 paranoyak bir zihnin i\u015fleyi\u015f s\u00fcreci i\u00e7inde, ironik bir dille \u00f6yk\u00fcle\u015ftirerek somutla soyutu alt\u00fcst ediyor. \u201cBir K\u00f6lenin E\u011fitim Sorunlar\u0131\u201c, \u201cBak\u0131\u015f\u0131n Kirletti\u011fi Ayna\u201c ve \u201cVazge\u00e7ilmi\u015f Renk\u201c adl\u0131 di\u011fer b\u00f6l\u00fcmler ise k\u00f6le-efendi ili\u015fkisi, irade, kader, a\u015fk, ba\u011fl\u0131l\u0131k, cinsellik, aldatmak-aldat\u0131lmak-aldanmak kavramlar\u0131 etraf\u0131nda, farkl\u0131 bi\u00e7im ve bi\u00e7emlerde d\u00f6nerek, gizli bir ana ba\u015fl\u0131k alt\u0131nda toplan\u0131yor.Varolu\u015f kabu\u011funda bir delik a\u00e7arak bedene, intihara, ergenli\u011fe, birlikteliklerden do\u011fan iktidara, d\u00fc\u015f\u00fcnce\u2019nin mahrem b\u00f6lgelerine \u2019bakmak\u2019 isteyenler Bak\u0131\u015f\u0131n Kirletti\u011fi Ayna\u2019y\u0131 okurken topuklu ayakkab\u0131lar\u0131n\u0131, kravatlar\u0131n\u0131, g\u00fcne\u015f g\u00f6zl\u00fcklerini \u00e7\u0131kars\u0131nlar&#8230; <\/p>\n","protected":false},"excerpt":{"rendered":"<p>\u201cBenim i\u00e7in g\u00f6zler yoktu art\u0131k, g\u00f6zleri dikenli teller gibi koruyan kirpikler vard\u0131. G\u00f6zler vard\u0131 tabii ama kirpikleri a\u015f\u0131p ula\u015fam\u0131yordum onlara. G\u00f6zler yoktu yani, ama asl\u0131nda ula\u015f\u0131lmazl\u0131klar\u0131<span class=\"excerpt-hellip\"> [\u2026]<\/span><\/p>\n","protected":false},"featured_media":0,"template":"","meta":{"_monsterinsights_skip_tracking":false,"_monsterinsights_sitenote_active":false,"_monsterinsights_sitenote_note":"","_monsterinsights_sitenote_category":0},"product_brand":[],"product_cat":[12291,12292],"product_tag":[],"class_list":{"0":"post-693938","1":"product","2":"type-product","3":"status-publish","5":"product_cat-edebiyat","6":"product_cat-turk-edebiyati","7":"pa_cilt-ciltsiz","8":"pa_tur-kitap","9":"pa_yayinevi-yapi-kredi-yayinlari","10":"pa_yazar-mehmet-erte","12":"first","13":"instock","14":"sale","15":"shipping-taxable","16":"purchasable","17":"product-type-simple"},"_links":{"self":[{"href":"https:\/\/roveyayinevi.com.tr\/index.php\/wp-json\/wp\/v2\/product\/693938","targetHints":{"allow":["GET"]}}],"collection":[{"href":"https:\/\/roveyayinevi.com.tr\/index.php\/wp-json\/wp\/v2\/product"}],"about":[{"href":"https:\/\/roveyayinevi.com.tr\/index.php\/wp-json\/wp\/v2\/types\/product"}],"wp:attachment":[{"href":"https:\/\/roveyayinevi.com.tr\/index.php\/wp-json\/wp\/v2\/media?parent=693938"}],"wp:term":[{"taxonomy":"product_brand","embeddable":true,"href":"https:\/\/roveyayinevi.com.tr\/index.php\/wp-json\/wp\/v2\/product_brand?post=693938"},{"taxonomy":"product_cat","embeddable":true,"href":"https:\/\/roveyayinevi.com.tr\/index.php\/wp-json\/wp\/v2\/product_cat?post=693938"},{"taxonomy":"product_tag","embeddable":true,"href":"https:\/\/roveyayinevi.com.tr\/index.php\/wp-json\/wp\/v2\/product_tag?post=693938"}],"curies":[{"name":"wp","href":"https:\/\/api.w.org\/{rel}","templated":true}]}}