{"id":693934,"date":"2025-08-27T14:17:43","date_gmt":"2025-08-27T11:17:43","guid":{"rendered":"https:\/\/roveyayinevi.com.tr\/index.php\/urun\/aysegul-13-yilbasi-surprizi\/"},"modified":"2026-04-16T02:03:50","modified_gmt":"2026-04-15T23:03:50","slug":"aysegul-13-yilbasi-surprizi","status":"publish","type":"product","link":"https:\/\/roveyayinevi.com.tr\/index.php\/urun\/aysegul-13-yilbasi-surprizi\/","title":{"rendered":"Ay\u015feg\u00fcl 13 &#8211; Y\u0131lba\u015f\u0131 S\u00fcrprizi"},"content":{"rendered":"<p>D\u00fcnya \u00e7ap\u0131nda b\u00fcy\u00fck bir okur kitlesine sahip olan Ay\u015feg\u00fcl\u2019\u00fcn b\u00fct\u00fcn maceralar\u0131 Yap\u0131 Kredi Yay\u0131nlar\u0131 kalitesiyle yay\u0131mlan\u0131yor. T\u00fcrkiye\u2019de pek \u00e7ok ku\u015fak, Ay\u015feg\u00fcl ve arkada\u015flar\u0131yla b\u00fcy\u00fcd\u00fc; ebeveynlerle \u00e7ocuklar\u0131n ortak arkada\u015f\u0131 oldu. Ay\u015feg\u00fcl, yeni maceralar\u0131yla \u00e7ocuklar\u0131n yan\u0131nda olmaya devam ediyor.<\/p>\n","protected":false},"excerpt":{"rendered":"<p>D\u00fcnya \u00e7ap\u0131nda b\u00fcy\u00fck bir okur kitlesine sahip olan Ay\u015feg\u00fcl\u2019\u00fcn b\u00fct\u00fcn maceralar\u0131 Yap\u0131 Kredi Yay\u0131nlar\u0131 kalitesiyle yay\u0131mlan\u0131yor. T\u00fcrkiye\u2019de pek \u00e7ok ku\u015fak, Ay\u015feg\u00fcl ve arkada\u015flar\u0131yla b\u00fcy\u00fcd\u00fc; ebeveynlerle \u00e7ocuklar\u0131n<span class=\"excerpt-hellip\"> [\u2026]<\/span><\/p>\n","protected":false},"featured_media":0,"template":"","meta":{"_monsterinsights_skip_tracking":false,"_monsterinsights_sitenote_active":false,"_monsterinsights_sitenote_note":"","_monsterinsights_sitenote_category":0},"product_brand":[],"product_cat":[12913,12274],"product_tag":[],"class_list":{"0":"post-693934","1":"product","2":"type-product","3":"status-publish","5":"product_cat-3-6-yas-kitaplari","6":"product_cat-cocuk-ve-genclik-kitaplari","7":"pa_cilt-ciltsiz","8":"pa_tur-kitap","9":"pa_yayinevi-yapi-kredi-yayinlari","10":"pa_yazar-marcel-marlier","12":"first","13":"instock","14":"sale","15":"shipping-taxable","16":"purchasable","17":"product-type-simple"},"_links":{"self":[{"href":"https:\/\/roveyayinevi.com.tr\/index.php\/wp-json\/wp\/v2\/product\/693934","targetHints":{"allow":["GET"]}}],"collection":[{"href":"https:\/\/roveyayinevi.com.tr\/index.php\/wp-json\/wp\/v2\/product"}],"about":[{"href":"https:\/\/roveyayinevi.com.tr\/index.php\/wp-json\/wp\/v2\/types\/product"}],"wp:attachment":[{"href":"https:\/\/roveyayinevi.com.tr\/index.php\/wp-json\/wp\/v2\/media?parent=693934"}],"wp:term":[{"taxonomy":"product_brand","embeddable":true,"href":"https:\/\/roveyayinevi.com.tr\/index.php\/wp-json\/wp\/v2\/product_brand?post=693934"},{"taxonomy":"product_cat","embeddable":true,"href":"https:\/\/roveyayinevi.com.tr\/index.php\/wp-json\/wp\/v2\/product_cat?post=693934"},{"taxonomy":"product_tag","embeddable":true,"href":"https:\/\/roveyayinevi.com.tr\/index.php\/wp-json\/wp\/v2\/product_tag?post=693934"}],"curies":[{"name":"wp","href":"https:\/\/api.w.org\/{rel}","templated":true}]}}