{"id":693930,"date":"2025-08-27T14:17:42","date_gmt":"2025-08-27T11:17:42","guid":{"rendered":"https:\/\/roveyayinevi.com.tr\/index.php\/urun\/entelektueller-ve-eylem\/"},"modified":"2026-04-16T02:03:50","modified_gmt":"2026-04-15T23:03:50","slug":"entelektueller-ve-eylem","status":"publish","type":"product","link":"https:\/\/roveyayinevi.com.tr\/index.php\/urun\/entelektueller-ve-eylem\/","title":{"rendered":"Entelekt\u00fceller ve Eylem"},"content":{"rendered":"<p>Entelekt\u00fceller ve Eylem, Selahattin Hilav&#8217;\u0131n d\u00fcnya g\u00f6r\u00fc\u015f\u00fcn\u00fc, edebiyat alan\u0131na getirdi\u011fi felsefi bak\u0131\u015f a\u00e7\u0131s\u0131n\u0131, kavramlar konusundaki duyarl\u0131 tutumunu farkl\u0131 ba\u011flamlarda yans\u0131tan yaz\u0131lar, s\u00f6yle\u015filer ve tart\u0131\u015fmalardan olu\u015fuyor. \ufffcTan\u0131t\u0131m Metni<\/p>\n","protected":false},"excerpt":{"rendered":"<p>Entelekt\u00fceller ve Eylem, Selahattin Hilav&#8217;\u0131n d\u00fcnya g\u00f6r\u00fc\u015f\u00fcn\u00fc, edebiyat alan\u0131na getirdi\u011fi felsefi bak\u0131\u015f a\u00e7\u0131s\u0131n\u0131, kavramlar konusundaki duyarl\u0131 tutumunu farkl\u0131 ba\u011flamlarda yans\u0131tan yaz\u0131lar, s\u00f6yle\u015filer ve tart\u0131\u015fmalardan olu\u015fuyor. \ufffcTan\u0131t\u0131m<span class=\"excerpt-hellip\"> [\u2026]<\/span><\/p>\n","protected":false},"featured_media":0,"template":"","meta":{"_monsterinsights_skip_tracking":false,"_monsterinsights_sitenote_active":false,"_monsterinsights_sitenote_note":"","_monsterinsights_sitenote_category":0},"product_brand":[],"product_cat":[12389,12388],"product_tag":[],"class_list":{"0":"post-693930","1":"product","2":"type-product","3":"status-publish","5":"product_cat-diger-felsefe","6":"product_cat-felsefe","7":"pa_cilt-ciltsiz","8":"pa_tur-kitap","9":"pa_yayinevi-yapi-kredi-yayinlari","10":"pa_yazar-selahattin-hilav","12":"first","13":"instock","14":"sale","15":"shipping-taxable","16":"purchasable","17":"product-type-simple"},"_links":{"self":[{"href":"https:\/\/roveyayinevi.com.tr\/index.php\/wp-json\/wp\/v2\/product\/693930","targetHints":{"allow":["GET"]}}],"collection":[{"href":"https:\/\/roveyayinevi.com.tr\/index.php\/wp-json\/wp\/v2\/product"}],"about":[{"href":"https:\/\/roveyayinevi.com.tr\/index.php\/wp-json\/wp\/v2\/types\/product"}],"wp:attachment":[{"href":"https:\/\/roveyayinevi.com.tr\/index.php\/wp-json\/wp\/v2\/media?parent=693930"}],"wp:term":[{"taxonomy":"product_brand","embeddable":true,"href":"https:\/\/roveyayinevi.com.tr\/index.php\/wp-json\/wp\/v2\/product_brand?post=693930"},{"taxonomy":"product_cat","embeddable":true,"href":"https:\/\/roveyayinevi.com.tr\/index.php\/wp-json\/wp\/v2\/product_cat?post=693930"},{"taxonomy":"product_tag","embeddable":true,"href":"https:\/\/roveyayinevi.com.tr\/index.php\/wp-json\/wp\/v2\/product_tag?post=693930"}],"curies":[{"name":"wp","href":"https:\/\/api.w.org\/{rel}","templated":true}]}}