{"id":693927,"date":"2025-08-27T14:17:41","date_gmt":"2025-08-27T11:17:41","guid":{"rendered":"https:\/\/roveyayinevi.com.tr\/index.php\/urun\/anemon-toplu-siirler-1988-1998\/"},"modified":"2026-04-16T02:03:50","modified_gmt":"2026-04-15T23:03:50","slug":"anemon-toplu-siirler-1988-1998","status":"publish","type":"product","link":"https:\/\/roveyayinevi.com.tr\/index.php\/urun\/anemon-toplu-siirler-1988-1998\/","title":{"rendered":"Anemon Toplu \u015eiirler (1988-1998)"},"content":{"rendered":"<p>\u201cortas\u0131na b\u0131rak\u0131ld\u0131\u011f\u0131m bir \u00fclke&#8230; eyl\u00fcl \u00fclkesi&#8230;mistikler gibi ge\u00e7ilen belirsiz geceler&#8230;bir alg r\u00fczg\u00e2r\u0131&#8230; denizalt\u0131 karanl\u0131\u011f\u0131nda\u0131\u015f\u0131k ve siyah&#8230; deniz a\u011fa\u00e7lar\u0131nda g\u00fczel bir maiaramak&#8230; okyanuslar\u0131n siyah g\u00fcne\u015fi&#8230;bir yosun m\u00fczi\u011fi&#8230; mani&#8230; melankoli&#8230;\u201d <\/p>\n","protected":false},"excerpt":{"rendered":"<p>\u201cortas\u0131na b\u0131rak\u0131ld\u0131\u011f\u0131m bir \u00fclke&#8230; eyl\u00fcl \u00fclkesi&#8230;mistikler gibi ge\u00e7ilen belirsiz geceler&#8230;bir alg r\u00fczg\u00e2r\u0131&#8230; denizalt\u0131 karanl\u0131\u011f\u0131nda\u0131\u015f\u0131k ve siyah&#8230; deniz a\u011fa\u00e7lar\u0131nda g\u00fczel bir maiaramak&#8230; okyanuslar\u0131n siyah g\u00fcne\u015fi&#8230;bir yosun m\u00fczi\u011fi&#8230;<span class=\"excerpt-hellip\"> [\u2026]<\/span><\/p>\n","protected":false},"featured_media":0,"template":"","meta":{"_monsterinsights_skip_tracking":false,"_monsterinsights_sitenote_active":false,"_monsterinsights_sitenote_note":"","_monsterinsights_sitenote_category":0},"product_brand":[],"product_cat":[12291,12292],"product_tag":[],"class_list":{"0":"post-693927","1":"product","2":"type-product","3":"status-publish","5":"product_cat-edebiyat","6":"product_cat-turk-edebiyati","7":"pa_cilt-ciltsiz","8":"pa_tur-kitap","9":"pa_yayinevi-yapi-kredi-yayinlari","10":"pa_yazar-lale-muldur","12":"first","13":"instock","14":"sale","15":"shipping-taxable","16":"purchasable","17":"product-type-simple"},"_links":{"self":[{"href":"https:\/\/roveyayinevi.com.tr\/index.php\/wp-json\/wp\/v2\/product\/693927","targetHints":{"allow":["GET"]}}],"collection":[{"href":"https:\/\/roveyayinevi.com.tr\/index.php\/wp-json\/wp\/v2\/product"}],"about":[{"href":"https:\/\/roveyayinevi.com.tr\/index.php\/wp-json\/wp\/v2\/types\/product"}],"wp:attachment":[{"href":"https:\/\/roveyayinevi.com.tr\/index.php\/wp-json\/wp\/v2\/media?parent=693927"}],"wp:term":[{"taxonomy":"product_brand","embeddable":true,"href":"https:\/\/roveyayinevi.com.tr\/index.php\/wp-json\/wp\/v2\/product_brand?post=693927"},{"taxonomy":"product_cat","embeddable":true,"href":"https:\/\/roveyayinevi.com.tr\/index.php\/wp-json\/wp\/v2\/product_cat?post=693927"},{"taxonomy":"product_tag","embeddable":true,"href":"https:\/\/roveyayinevi.com.tr\/index.php\/wp-json\/wp\/v2\/product_tag?post=693927"}],"curies":[{"name":"wp","href":"https:\/\/api.w.org\/{rel}","templated":true}]}}