{"id":693926,"date":"2025-08-27T14:17:41","date_gmt":"2025-08-27T11:17:41","guid":{"rendered":"https:\/\/roveyayinevi.com.tr\/index.php\/urun\/ask-tahti-1976-1982-toplu-siirler-2\/"},"modified":"2026-04-16T02:03:50","modified_gmt":"2026-04-15T23:03:50","slug":"ask-tahti-1976-1982-toplu-siirler-2","status":"publish","type":"product","link":"https:\/\/roveyayinevi.com.tr\/index.php\/urun\/ask-tahti-1976-1982-toplu-siirler-2\/","title":{"rendered":"A\u015fk Taht\u0131 1976-1982 Toplu \u015eiirler 2"},"content":{"rendered":"<p>Necatigil&#8217;e g\u00f6re o, \u015fiirin korkun\u00e7 \u00e7ocu\u011fu , \u015fiirimizin u\u00e7 beyi. Toplumcu ger\u00e7ek\u00e7i \u015fiirle ba\u015flad\u0131, imgeci ve kapal\u0131 \u015fiiriyle \u0130kinci Yeni&#8217;nin \u00f6nc\u00fcs\u00fc oldu. Asla ayn\u0131 yerde durmad\u0131, duram\u0131yor. A\u015fktan nesnelere, otlardan b\u00f6ceklere, sokaklara s\u00fcrekli yatak de\u011fi\u015ftiriyor&#8230; Kendisine sorarsan\u0131z, yazmak bir cehennemdir diyor. Ve altm\u0131\u015f y\u0131ld\u0131r bu cehennemde sabah ak\u015fam, da\u011f bay\u0131r demeden dola\u015f\u0131yor. Modern \u015fiirimizin iyile\u015fmez ustas\u0131 \u0130lhan Berk&#8217;in Toplu \u015eiirlerinin ikinci cildi A\u015fk Taht\u0131&#8217;nda \u015fairin (1976), K\u00fcl (1978) ve Deniz Eskisi\/\u015eiirin Gizli Tarihi (1982) adl\u0131 kitaplar\u0131 biraya geliyor. \ufffcTan\u0131t\u0131m Metni<\/p>\n","protected":false},"excerpt":{"rendered":"<p>Necatigil&#8217;e g\u00f6re o, \u015fiirin korkun\u00e7 \u00e7ocu\u011fu , \u015fiirimizin u\u00e7 beyi. Toplumcu ger\u00e7ek\u00e7i \u015fiirle ba\u015flad\u0131, imgeci ve kapal\u0131 \u015fiiriyle \u0130kinci Yeni&#8217;nin \u00f6nc\u00fcs\u00fc oldu. Asla ayn\u0131 yerde durmad\u0131,<span class=\"excerpt-hellip\"> [\u2026]<\/span><\/p>\n","protected":false},"featured_media":0,"template":"","meta":{"_monsterinsights_skip_tracking":false,"_monsterinsights_sitenote_active":false,"_monsterinsights_sitenote_note":"","_monsterinsights_sitenote_category":0},"product_brand":[],"product_cat":[12291,12292],"product_tag":[],"class_list":{"0":"post-693926","1":"product","2":"type-product","3":"status-publish","5":"product_cat-edebiyat","6":"product_cat-turk-edebiyati","7":"pa_cilt-ciltsiz","8":"pa_tur-kitap","9":"pa_yayinevi-yapi-kredi-yayinlari","10":"pa_yazar-ilhan-berk","12":"first","13":"instock","14":"sale","15":"shipping-taxable","16":"purchasable","17":"product-type-simple"},"_links":{"self":[{"href":"https:\/\/roveyayinevi.com.tr\/index.php\/wp-json\/wp\/v2\/product\/693926","targetHints":{"allow":["GET"]}}],"collection":[{"href":"https:\/\/roveyayinevi.com.tr\/index.php\/wp-json\/wp\/v2\/product"}],"about":[{"href":"https:\/\/roveyayinevi.com.tr\/index.php\/wp-json\/wp\/v2\/types\/product"}],"wp:attachment":[{"href":"https:\/\/roveyayinevi.com.tr\/index.php\/wp-json\/wp\/v2\/media?parent=693926"}],"wp:term":[{"taxonomy":"product_brand","embeddable":true,"href":"https:\/\/roveyayinevi.com.tr\/index.php\/wp-json\/wp\/v2\/product_brand?post=693926"},{"taxonomy":"product_cat","embeddable":true,"href":"https:\/\/roveyayinevi.com.tr\/index.php\/wp-json\/wp\/v2\/product_cat?post=693926"},{"taxonomy":"product_tag","embeddable":true,"href":"https:\/\/roveyayinevi.com.tr\/index.php\/wp-json\/wp\/v2\/product_tag?post=693926"}],"curies":[{"name":"wp","href":"https:\/\/api.w.org\/{rel}","templated":true}]}}