{"id":693925,"date":"2025-08-27T14:17:40","date_gmt":"2025-08-27T11:17:40","guid":{"rendered":"https:\/\/roveyayinevi.com.tr\/index.php\/urun\/deniz-kustu\/"},"modified":"2026-04-16T02:03:50","modified_gmt":"2026-04-15T23:03:50","slug":"deniz-kustu","status":"publish","type":"product","link":"https:\/\/roveyayinevi.com.tr\/index.php\/urun\/deniz-kustu\/","title":{"rendered":"Deniz K\u00fcst\u00fc"},"content":{"rendered":"<p>Romanlar\u0131nda, Karadeniz&#8217;den Toroslar&#8217;a, A\u011fr\u0131 Da\u011f\u0131&#8217;ndan Ege&#8217;ye uzanan \u00e7ok geni\u015f bir Anadolu co\u011frafyas\u0131n\u0131 anlatan Ya\u015far Kemal, Deniz K\u00fcst\u00fc&#8217;de ana tema olarak \u0130stanbul&#8217;un \u00e7\u00fcr\u00fcyen do\u011fas\u0131n\u0131 se\u00e7er. Bir kentin t\u00fcm co\u011frafyas\u0131yla her anlamda yozla\u015fmas\u0131n\u0131n ve \u00e7\u00fcr\u00fcmesinin anlat\u0131ld\u0131\u011f\u0131 romanda, t\u00fcm karakterler \u0130stanbul&#8217;a g\u00f6\u00e7 yoluyla gelmi\u015fler ve beraberlerinde hayallerini de s\u00fcr\u00fcklemi\u015flerdir. Deniz K\u00fcst\u00fc \u00fctopyalar\u0131n ve anti \u00fctopyalar\u0131n \u00e7arp\u0131\u015fma alan\u0131d\u0131r. Kemal, a\u00e7g\u00f6zl\u00fcl\u00fck, nefret ve \u00e7\u00fcr\u00fcmenin, ayn\u0131 zamanda a\u015fk\u0131n ve kurtulu\u015fun \u00f6yk\u00fcs\u00fcn\u00fc yazm\u0131\u015f.Times Literary Supplement, (\u0130ngilizce) \u00c7a\u011f\u0131m\u0131zda \u00f6rnekleri pek bol olmayan g\u00fc\u00e7l\u00fc ve soluklu yazarlardan biri. The Gazette, (Kanada) Ya\u015far Kemal&#8217;in sanat\u0131 k\u00fc\u00e7\u00fck kulislerin, klikle\u015fmelerin ve g\u00fcnl\u00fck moda ak\u0131mlar\u0131n d\u0131\u015f\u0131nda \u00e7izgisini s\u00fcrd\u00fcregeliyor. Panait Istrati, Maksim Gorki, Jean Giono \u00e7ap\u0131nda bir yazar olman\u0131n sa\u011flad\u0131\u011f\u0131 g\u00fcc\u00fcn verdi\u011fi g\u00fcvenle&#8230;Gerard Mordillat, Liberation, (Fransa) Ya\u015far Kemal&#8217;in dili zengin ve dinamik, \u00e7izdi\u011fi sahneler \u00e7ok g\u00fc\u00e7l\u00fc. Curt Bladh, Skansa Dagbladet (\u0130sve\u00e7) Sadece b\u00fcy\u00fck bir yetene\u011fin \u00fcretebilece\u011fi enerjiye, \u00e7e\u015fitlili\u011fe ve isabete sahip. The Guardian, (\u0130ngiltere) \ufffcTan\u0131t\u0131m Metni<\/p>\n","protected":false},"excerpt":{"rendered":"<p>Romanlar\u0131nda, Karadeniz&#8217;den Toroslar&#8217;a, A\u011fr\u0131 Da\u011f\u0131&#8217;ndan Ege&#8217;ye uzanan \u00e7ok geni\u015f bir Anadolu co\u011frafyas\u0131n\u0131 anlatan Ya\u015far Kemal, Deniz K\u00fcst\u00fc&#8217;de ana tema olarak \u0130stanbul&#8217;un \u00e7\u00fcr\u00fcyen do\u011fas\u0131n\u0131 se\u00e7er. Bir kentin<span class=\"excerpt-hellip\"> [\u2026]<\/span><\/p>\n","protected":false},"featured_media":0,"template":"","meta":{"_monsterinsights_skip_tracking":false,"_monsterinsights_sitenote_active":false,"_monsterinsights_sitenote_note":"","_monsterinsights_sitenote_category":0},"product_brand":[],"product_cat":[12291,12292],"product_tag":[],"class_list":{"0":"post-693925","1":"product","2":"type-product","3":"status-publish","5":"product_cat-edebiyat","6":"product_cat-turk-edebiyati","7":"pa_cilt-ciltsiz","8":"pa_tur-kitap","9":"pa_yayinevi-yapi-kredi-yayinlari","10":"pa_yazar-yasar-kemal","12":"first","13":"instock","14":"sale","15":"shipping-taxable","16":"purchasable","17":"product-type-simple"},"_links":{"self":[{"href":"https:\/\/roveyayinevi.com.tr\/index.php\/wp-json\/wp\/v2\/product\/693925","targetHints":{"allow":["GET"]}}],"collection":[{"href":"https:\/\/roveyayinevi.com.tr\/index.php\/wp-json\/wp\/v2\/product"}],"about":[{"href":"https:\/\/roveyayinevi.com.tr\/index.php\/wp-json\/wp\/v2\/types\/product"}],"wp:attachment":[{"href":"https:\/\/roveyayinevi.com.tr\/index.php\/wp-json\/wp\/v2\/media?parent=693925"}],"wp:term":[{"taxonomy":"product_brand","embeddable":true,"href":"https:\/\/roveyayinevi.com.tr\/index.php\/wp-json\/wp\/v2\/product_brand?post=693925"},{"taxonomy":"product_cat","embeddable":true,"href":"https:\/\/roveyayinevi.com.tr\/index.php\/wp-json\/wp\/v2\/product_cat?post=693925"},{"taxonomy":"product_tag","embeddable":true,"href":"https:\/\/roveyayinevi.com.tr\/index.php\/wp-json\/wp\/v2\/product_tag?post=693925"}],"curies":[{"name":"wp","href":"https:\/\/api.w.org\/{rel}","templated":true}]}}