{"id":693924,"date":"2025-08-27T14:17:40","date_gmt":"2025-08-27T11:17:40","guid":{"rendered":"https:\/\/roveyayinevi.com.tr\/index.php\/urun\/degirmen\/"},"modified":"2026-04-16T02:03:50","modified_gmt":"2026-04-15T23:03:50","slug":"degirmen","status":"publish","type":"product","link":"https:\/\/roveyayinevi.com.tr\/index.php\/urun\/degirmen\/","title":{"rendered":"De\u011firmen"},"content":{"rendered":"<p>\u0130\u015fte ada\u015f\u0131m, sana seven bir \u00c7ingene&#8217;nin hikayesi. \u00c7i\u00e7eklerin a\u00e7t\u0131\u011f\u0131 bir mevsimde, senin kollar\u0131na yaslanan ve \u00e7i\u00e7ekler kadar g\u00fczel kokan bir v\u00fccutla uzak su kenarlar\u0131nda oturmak ve \u00f6p\u00fc\u015fmek, yoruluncaya kadar \u00f6p\u00fc\u015fmek ho\u015f \u015feydir&#8230; (&#8230;) Fakat sevgili bir v\u00fccutta bulunmayan bir \u015feyi kendisinde ta\u015f\u0131maya tahamm\u00fcl etmeyerek onu kopar\u0131p atabilmek, i\u015fte ada\u015f\u0131m, yaln\u0131z bu sevmektir. De\u011firmen&#8217;den T\u00fcrk edebiyat\u0131n\u0131n \u00f6zg\u00fcr sesi Sabahattin Ali&#8217;den y\u0131llara meydan okuyan \u00f6yk\u00fcler&#8230; \ufffc<\/p>\n","protected":false},"excerpt":{"rendered":"<p>\u0130\u015fte ada\u015f\u0131m, sana seven bir \u00c7ingene&#8217;nin hikayesi. \u00c7i\u00e7eklerin a\u00e7t\u0131\u011f\u0131 bir mevsimde, senin kollar\u0131na yaslanan ve \u00e7i\u00e7ekler kadar g\u00fczel kokan bir v\u00fccutla uzak su kenarlar\u0131nda oturmak ve<span class=\"excerpt-hellip\"> [\u2026]<\/span><\/p>\n","protected":false},"featured_media":0,"template":"","meta":{"_monsterinsights_skip_tracking":false,"_monsterinsights_sitenote_active":false,"_monsterinsights_sitenote_note":"","_monsterinsights_sitenote_category":0},"product_brand":[],"product_cat":[13835],"product_tag":[],"class_list":{"0":"post-693924","1":"product","2":"type-product","3":"status-publish","5":"product_cat-cok-satanlar","6":"pa_cilt-ciltsiz","7":"pa_tur-kitap","8":"pa_yayinevi-yapi-kredi-yayinlari","9":"pa_yazar-sabahattin-ali","11":"first","12":"instock","13":"sale","14":"shipping-taxable","15":"purchasable","16":"product-type-simple"},"_links":{"self":[{"href":"https:\/\/roveyayinevi.com.tr\/index.php\/wp-json\/wp\/v2\/product\/693924","targetHints":{"allow":["GET"]}}],"collection":[{"href":"https:\/\/roveyayinevi.com.tr\/index.php\/wp-json\/wp\/v2\/product"}],"about":[{"href":"https:\/\/roveyayinevi.com.tr\/index.php\/wp-json\/wp\/v2\/types\/product"}],"wp:attachment":[{"href":"https:\/\/roveyayinevi.com.tr\/index.php\/wp-json\/wp\/v2\/media?parent=693924"}],"wp:term":[{"taxonomy":"product_brand","embeddable":true,"href":"https:\/\/roveyayinevi.com.tr\/index.php\/wp-json\/wp\/v2\/product_brand?post=693924"},{"taxonomy":"product_cat","embeddable":true,"href":"https:\/\/roveyayinevi.com.tr\/index.php\/wp-json\/wp\/v2\/product_cat?post=693924"},{"taxonomy":"product_tag","embeddable":true,"href":"https:\/\/roveyayinevi.com.tr\/index.php\/wp-json\/wp\/v2\/product_tag?post=693924"}],"curies":[{"name":"wp","href":"https:\/\/api.w.org\/{rel}","templated":true}]}}