{"id":693923,"date":"2025-08-27T14:17:40","date_gmt":"2025-08-27T11:17:40","guid":{"rendered":"https:\/\/roveyayinevi.com.tr\/index.php\/urun\/amphitryon\/"},"modified":"2026-04-16T02:03:50","modified_gmt":"2026-04-15T23:03:50","slug":"amphitryon","status":"publish","type":"product","link":"https:\/\/roveyayinevi.com.tr\/index.php\/urun\/amphitryon\/","title":{"rendered":"Amphitryon"},"content":{"rendered":"<p>Alman edebiyat\u0131nda, klasik d\u00f6nemden romantizme ge\u00e7i\u015f evresinin en b\u00fcy\u00fck yazarlar\u0131ndan olan Heinrinch von Kleist, Amphitryon adl\u0131 oyununda Latin komedya yazar\u0131 Plautus&#8217;a kadar uzanan eski bir konuyu,  aldat\u0131lan koca\/ aldatman\u0131s\u0131na kar\u015f\u0131n su\u00e7suz kad\u0131n  temas\u0131n\u0131 i\u015fler. Kendi metninde ilke olarak Moliere&#8217;in ayn\u0131 adl\u0131 oyununun kurgusuna ba\u011fl\u0131 kalan Kleist, az say\u0131da de\u011fi\u015fiklikle esere Moliere&#8217;inkinden \u00e7ok farkl\u0131, b\u00fct\u00fcn\u00fcyle kendi \u00e7a\u011f\u0131n\u0131 yans\u0131tan bir atmosfer kazand\u0131rmay\u0131 ba\u015farm\u0131\u015ft\u0131r. Amphitryon, Kleist&#8217;\u0131n en g\u00fc\u00e7l\u00fc eserlerinden biri olmas\u0131n\u0131n yan\u0131nda, k\u00f6kenleri klasik Yunan mitolojisine kadar uzanan \u00e7ok eski bir konunun d\u00fcnya edebiyat tarihinin ak\u0131\u015f\u0131 boyunca nas\u0131l hep yeniden g\u00fcndeme getirilmi\u015f oldu\u011funu g\u00f6steremesi bak\u0131m\u0131dan da \u00f6nem ta\u015f\u0131maktad\u0131r. <\/p>\n","protected":false},"excerpt":{"rendered":"<p>Alman edebiyat\u0131nda, klasik d\u00f6nemden romantizme ge\u00e7i\u015f evresinin en b\u00fcy\u00fck yazarlar\u0131ndan olan Heinrinch von Kleist, Amphitryon adl\u0131 oyununda Latin komedya yazar\u0131 Plautus&#8217;a kadar uzanan eski bir konuyu,<span class=\"excerpt-hellip\"> [\u2026]<\/span><\/p>\n","protected":false},"featured_media":0,"template":"","meta":{"_monsterinsights_skip_tracking":false,"_monsterinsights_sitenote_active":false,"_monsterinsights_sitenote_note":"","_monsterinsights_sitenote_category":0},"product_brand":[],"product_cat":[12291,14272],"product_tag":[],"class_list":{"0":"post-693923","1":"product","2":"type-product","3":"status-publish","5":"product_cat-edebiyat","6":"product_cat-tiyatro","7":"pa_cilt-ciltsiz","8":"pa_tur-kitap","9":"pa_yayinevi-yapi-kredi-yayinlari","10":"pa_yazar-heinrich-von-kleist","12":"first","13":"instock","14":"sale","15":"shipping-taxable","16":"purchasable","17":"product-type-simple"},"_links":{"self":[{"href":"https:\/\/roveyayinevi.com.tr\/index.php\/wp-json\/wp\/v2\/product\/693923","targetHints":{"allow":["GET"]}}],"collection":[{"href":"https:\/\/roveyayinevi.com.tr\/index.php\/wp-json\/wp\/v2\/product"}],"about":[{"href":"https:\/\/roveyayinevi.com.tr\/index.php\/wp-json\/wp\/v2\/types\/product"}],"wp:attachment":[{"href":"https:\/\/roveyayinevi.com.tr\/index.php\/wp-json\/wp\/v2\/media?parent=693923"}],"wp:term":[{"taxonomy":"product_brand","embeddable":true,"href":"https:\/\/roveyayinevi.com.tr\/index.php\/wp-json\/wp\/v2\/product_brand?post=693923"},{"taxonomy":"product_cat","embeddable":true,"href":"https:\/\/roveyayinevi.com.tr\/index.php\/wp-json\/wp\/v2\/product_cat?post=693923"},{"taxonomy":"product_tag","embeddable":true,"href":"https:\/\/roveyayinevi.com.tr\/index.php\/wp-json\/wp\/v2\/product_tag?post=693923"}],"curies":[{"name":"wp","href":"https:\/\/api.w.org\/{rel}","templated":true}]}}