{"id":693922,"date":"2025-08-27T14:17:40","date_gmt":"2025-08-27T11:17:40","guid":{"rendered":"https:\/\/roveyayinevi.com.tr\/index.php\/urun\/agacin-curugu\/"},"modified":"2026-04-16T02:03:50","modified_gmt":"2026-04-15T23:03:50","slug":"agacin-curugu","status":"publish","type":"product","link":"https:\/\/roveyayinevi.com.tr\/index.php\/urun\/agacin-curugu\/","title":{"rendered":"A\u011fac\u0131n \u00c7\u00fcr\u00fc\u011f\u00fc"},"content":{"rendered":"<p>A\u011fac\u0131n \u00c7\u00fcr\u00fc\u011f\u00fc, Baldaki Tuz, ustad\u0131r Ar\u0131 ve Zulm\u00fcn Arts\u0131n Ya\u015far Kemal&#8217;in gazetelerde, dergilerde yay\u0131nlanm\u0131\u015f toplumcu ve gerek\u00e7i bir bak\u0131\u015f a\u00e7\u0131s\u0131yla kaleme ald\u0131\u011f\u0131 yaz\u0131lar\u0131ndan ve konu\u015fmalar\u0131ndan derlenen kitaplard\u0131r. Yazar\u0131n d\u00fc\u015f\u00fcnce ve yazarl\u0131k ser\u00fcvenine tan\u0131kl\u0131k eden bu yaz\u0131lar halk\u0131n y\u0131llard\u0131r i\u00e7ine s\u00fcr\u00fcklendi\u011fi karanl\u0131\u011f\u0131n belgeleridir. \ufffcTan\u0131t\u0131m Metni<\/p>\n","protected":false},"excerpt":{"rendered":"<p>A\u011fac\u0131n \u00c7\u00fcr\u00fc\u011f\u00fc, Baldaki Tuz, ustad\u0131r Ar\u0131 ve Zulm\u00fcn Arts\u0131n Ya\u015far Kemal&#8217;in gazetelerde, dergilerde yay\u0131nlanm\u0131\u015f toplumcu ve gerek\u00e7i bir bak\u0131\u015f a\u00e7\u0131s\u0131yla kaleme ald\u0131\u011f\u0131 yaz\u0131lar\u0131ndan ve konu\u015fmalar\u0131ndan derlenen<span class=\"excerpt-hellip\"> [\u2026]<\/span><\/p>\n","protected":false},"featured_media":0,"template":"","meta":{"_monsterinsights_skip_tracking":false,"_monsterinsights_sitenote_active":false,"_monsterinsights_sitenote_note":"","_monsterinsights_sitenote_category":0},"product_brand":[],"product_cat":[12364],"product_tag":[],"class_list":{"0":"post-693922","1":"product","2":"type-product","3":"status-publish","5":"product_cat-genel-konular","6":"pa_cilt-ciltsiz","7":"pa_tur-kitap","8":"pa_yayinevi-yapi-kredi-yayinlari","9":"pa_yazar-yasar-kemal","11":"first","12":"instock","13":"sale","14":"shipping-taxable","15":"purchasable","16":"product-type-simple"},"_links":{"self":[{"href":"https:\/\/roveyayinevi.com.tr\/index.php\/wp-json\/wp\/v2\/product\/693922","targetHints":{"allow":["GET"]}}],"collection":[{"href":"https:\/\/roveyayinevi.com.tr\/index.php\/wp-json\/wp\/v2\/product"}],"about":[{"href":"https:\/\/roveyayinevi.com.tr\/index.php\/wp-json\/wp\/v2\/types\/product"}],"wp:attachment":[{"href":"https:\/\/roveyayinevi.com.tr\/index.php\/wp-json\/wp\/v2\/media?parent=693922"}],"wp:term":[{"taxonomy":"product_brand","embeddable":true,"href":"https:\/\/roveyayinevi.com.tr\/index.php\/wp-json\/wp\/v2\/product_brand?post=693922"},{"taxonomy":"product_cat","embeddable":true,"href":"https:\/\/roveyayinevi.com.tr\/index.php\/wp-json\/wp\/v2\/product_cat?post=693922"},{"taxonomy":"product_tag","embeddable":true,"href":"https:\/\/roveyayinevi.com.tr\/index.php\/wp-json\/wp\/v2\/product_tag?post=693922"}],"curies":[{"name":"wp","href":"https:\/\/api.w.org\/{rel}","templated":true}]}}