{"id":693921,"date":"2025-08-27T14:17:40","date_gmt":"2025-08-27T11:17:40","guid":{"rendered":"https:\/\/roveyayinevi.com.tr\/index.php\/urun\/al-gozum-seyreyle-salih\/"},"modified":"2026-04-16T02:03:49","modified_gmt":"2026-04-15T23:03:49","slug":"al-gozum-seyreyle-salih","status":"publish","type":"product","link":"https:\/\/roveyayinevi.com.tr\/index.php\/urun\/al-gozum-seyreyle-salih\/","title":{"rendered":"Al G\u00f6z\u00fcm Seyreyle Salih"},"content":{"rendered":"<p>Al G\u00f6z\u00fcm Seyreyle Salih&#8217;te Karadeniz&#8217;in k\u00fc\u00e7\u00fck bir kasaba\u0131nda on bir ya\u015f\u0131ndaki Salih&#8217;in, kanad\u0131 k\u0131r\u0131k bir mart\u0131ya duydu\u011fu sevgi ve mavi oyuncak bir kamyonu elde etme iste\u011fi konu al\u0131n\u0131r. 1970&#8217;lerin T\u00fcrkiyesi, d\u00f6nemin insan, devlet, iktidar ili\u015fkileri Salih&#8217;in d\u00fcnyas\u0131n\u0131 \u00e7evreler. Ya\u015far Kemal, Salih&#8217;in g\u00f6z\u00fcndenhayata bakar ve \u00e7ocuklu\u011fun bah\u00e7esinden, T\u00fcrkiye&#8217;nin genel yap\u0131s\u0131n\u0131 t\u00fcm inceli\u011fiyle \u00e7izer. Ya\u015far Kemal bir halk\u0131n k\u00fclt\u00fcr\u00fcn\u00fc temsil etmektedir. Epi\u011fi geni\u015f, kat\u0131ks\u0131z bir halk\u00e7\u0131 temele yaslanm\u0131\u015ft\u0131r.Romanlar\u0131 ya\u015fam\u0131n zenginli\u011fi, s\u0131cakl\u0131\u011f\u0131, g\u00fczelli\u011fiyle doludur. Joel Ohlsson, Arbetet,(\u0130sve\u00e7) Ya\u015far Kemal&#8217;in yap\u0131tlar\u0131 olgun, nefis bir meyve tadarcas\u0131na okunuyor. Gerard-Hunbert Goury, Le Matin, (Fransa) Kemal b\u00fcy\u00fck bir sevecenlik ve merhametle yaz\u0131yor. Daily Telegraph (\u0130ngiltere) Ya\u015far Kemal&#8217;in destans\u0131 anlat\u0131m\u0131nda hi\u00e7bir \u015fey k\u00fc\u00e7\u00fck de\u011fil. Onun her s\u00f6z\u00fc, denizin k\u00f6p\u00fcren dalgalar\u0131 gibi \u00e7a\u011f\u0131ld\u0131yor. Frankfurter Allgemeine Zeitung (Almanya) \ufffcTan\u0131t\u0131m Metni<\/p>\n","protected":false},"excerpt":{"rendered":"<p>Al G\u00f6z\u00fcm Seyreyle Salih&#8217;te Karadeniz&#8217;in k\u00fc\u00e7\u00fck bir kasaba\u0131nda on bir ya\u015f\u0131ndaki Salih&#8217;in, kanad\u0131 k\u0131r\u0131k bir mart\u0131ya duydu\u011fu sevgi ve mavi oyuncak bir kamyonu elde etme iste\u011fi<span class=\"excerpt-hellip\"> [\u2026]<\/span><\/p>\n","protected":false},"featured_media":0,"template":"","meta":{"_monsterinsights_skip_tracking":false,"_monsterinsights_sitenote_active":false,"_monsterinsights_sitenote_note":"","_monsterinsights_sitenote_category":0},"product_brand":[],"product_cat":[12291,12292],"product_tag":[],"class_list":{"0":"post-693921","1":"product","2":"type-product","3":"status-publish","5":"product_cat-edebiyat","6":"product_cat-turk-edebiyati","7":"pa_cilt-ciltsiz","8":"pa_tur-kitap","9":"pa_yayinevi-yapi-kredi-yayinlari","10":"pa_yazar-yasar-kemal","12":"first","13":"instock","14":"sale","15":"shipping-taxable","16":"purchasable","17":"product-type-simple"},"_links":{"self":[{"href":"https:\/\/roveyayinevi.com.tr\/index.php\/wp-json\/wp\/v2\/product\/693921","targetHints":{"allow":["GET"]}}],"collection":[{"href":"https:\/\/roveyayinevi.com.tr\/index.php\/wp-json\/wp\/v2\/product"}],"about":[{"href":"https:\/\/roveyayinevi.com.tr\/index.php\/wp-json\/wp\/v2\/types\/product"}],"wp:attachment":[{"href":"https:\/\/roveyayinevi.com.tr\/index.php\/wp-json\/wp\/v2\/media?parent=693921"}],"wp:term":[{"taxonomy":"product_brand","embeddable":true,"href":"https:\/\/roveyayinevi.com.tr\/index.php\/wp-json\/wp\/v2\/product_brand?post=693921"},{"taxonomy":"product_cat","embeddable":true,"href":"https:\/\/roveyayinevi.com.tr\/index.php\/wp-json\/wp\/v2\/product_cat?post=693921"},{"taxonomy":"product_tag","embeddable":true,"href":"https:\/\/roveyayinevi.com.tr\/index.php\/wp-json\/wp\/v2\/product_tag?post=693921"}],"curies":[{"name":"wp","href":"https:\/\/api.w.org\/{rel}","templated":true}]}}