{"id":693906,"date":"2025-08-27T14:17:36","date_gmt":"2025-08-27T11:17:36","guid":{"rendered":"https:\/\/roveyayinevi.com.tr\/index.php\/urun\/aysegul-02-yasasin-okul-aciliyor\/"},"modified":"2026-04-16T02:03:49","modified_gmt":"2026-04-15T23:03:49","slug":"aysegul-02-yasasin-okul-aciliyor","status":"publish","type":"product","link":"https:\/\/roveyayinevi.com.tr\/index.php\/urun\/aysegul-02-yasasin-okul-aciliyor\/","title":{"rendered":"Ay\u015feg\u00fcl 02 &#8211; Ya\u015fas\u0131n Okul A\u00e7\u0131l\u0131yor"},"content":{"rendered":"<p>Onun ad\u0131 \u201cAy\u015feg\u00fcl\u201c&#8230; \u0130lk olarak 1954\u2019te, Bel\u00e7ika\u2019da \u201cMartine\u201c ad\u0131yla yay\u0131mland\u0131, \u00e7ok ge\u00e7meden de \u201cAy\u015feg\u00fcl\u201c ad\u0131yla T\u00fcrkiye\u2019ye geldi. Elli y\u0131ll\u0131k T\u00fcrkiye ser\u00fcveni boyunca, pek \u00e7ok ku\u015fak, o ve arkada\u015flar\u0131yla b\u00fcy\u00fcd\u00fc; ebeveynlerle \u00e7ocuklar\u0131n ortak arkada\u015f\u0131 oldu. \ufffcTan\u0131t\u0131m Metni<\/p>\n","protected":false},"excerpt":{"rendered":"<p>Onun ad\u0131 \u201cAy\u015feg\u00fcl\u201c&#8230; \u0130lk olarak 1954\u2019te, Bel\u00e7ika\u2019da \u201cMartine\u201c ad\u0131yla yay\u0131mland\u0131, \u00e7ok ge\u00e7meden de \u201cAy\u015feg\u00fcl\u201c ad\u0131yla T\u00fcrkiye\u2019ye geldi. Elli y\u0131ll\u0131k T\u00fcrkiye ser\u00fcveni boyunca, pek \u00e7ok ku\u015fak, o<span class=\"excerpt-hellip\"> [\u2026]<\/span><\/p>\n","protected":false},"featured_media":0,"template":"","meta":{"_monsterinsights_skip_tracking":false,"_monsterinsights_sitenote_active":false,"_monsterinsights_sitenote_note":"","_monsterinsights_sitenote_category":0},"product_brand":[],"product_cat":[12274,12284],"product_tag":[],"class_list":{"0":"post-693906","1":"product","2":"type-product","3":"status-publish","5":"product_cat-cocuk-ve-genclik-kitaplari","6":"product_cat-hikayeler","7":"pa_cilt-ciltsiz","8":"pa_tur-kitap","9":"pa_yayinevi-yapi-kredi-yayinlari","10":"pa_yazar-gilbert-delahaye","12":"first","13":"instock","14":"sale","15":"shipping-taxable","16":"purchasable","17":"product-type-simple"},"_links":{"self":[{"href":"https:\/\/roveyayinevi.com.tr\/index.php\/wp-json\/wp\/v2\/product\/693906","targetHints":{"allow":["GET"]}}],"collection":[{"href":"https:\/\/roveyayinevi.com.tr\/index.php\/wp-json\/wp\/v2\/product"}],"about":[{"href":"https:\/\/roveyayinevi.com.tr\/index.php\/wp-json\/wp\/v2\/types\/product"}],"wp:attachment":[{"href":"https:\/\/roveyayinevi.com.tr\/index.php\/wp-json\/wp\/v2\/media?parent=693906"}],"wp:term":[{"taxonomy":"product_brand","embeddable":true,"href":"https:\/\/roveyayinevi.com.tr\/index.php\/wp-json\/wp\/v2\/product_brand?post=693906"},{"taxonomy":"product_cat","embeddable":true,"href":"https:\/\/roveyayinevi.com.tr\/index.php\/wp-json\/wp\/v2\/product_cat?post=693906"},{"taxonomy":"product_tag","embeddable":true,"href":"https:\/\/roveyayinevi.com.tr\/index.php\/wp-json\/wp\/v2\/product_tag?post=693906"}],"curies":[{"name":"wp","href":"https:\/\/api.w.org\/{rel}","templated":true}]}}