{"id":693903,"date":"2025-08-27T14:17:35","date_gmt":"2025-08-27T11:17:35","guid":{"rendered":"https:\/\/roveyayinevi.com.tr\/index.php\/urun\/canakkale-destani\/"},"modified":"2026-04-13T02:04:49","modified_gmt":"2026-04-12T23:04:49","slug":"canakkale-destani","status":"publish","type":"product","link":"https:\/\/roveyayinevi.com.tr\/index.php\/urun\/canakkale-destani\/","title":{"rendered":"\u00c7anakkale Destan\u0131"},"content":{"rendered":"<p>\u00c7anakkale Destan\u0131 Bilgin Adal\u0131&#8217;n\u0131n yaln\u0131zca gen\u00e7ler ve \u00e7ocuklar i\u00e7in de\u011fil, \u00c7anakkale Sava\u015f\u0131&#8217;na farkl\u0131 bir g\u00f6zle bakmak isteyen her ya\u015ftaki okuyucu i\u00e7in yazd\u0131\u011f\u0131 bir destan. Bu destanda sadece kahramanl\u0131klar de\u011fil, sava\u015f\u0131n insani boyutu \u00f6ne \u00e7\u0131k\u0131yor. Hi\u00e7bir cephede, hi\u00e7bir sava\u015fta g\u00f6r\u00fclmemi\u015f unutlmaz insan \u00f6yk\u00fcleri&#8230; Sular\u0131n ba\u015flad\u0131\u011f\u0131 yerde, topra\u011f\u0131n kurallar\u0131 sona erer. Kan da\u011f\u0131l\u0131r suda, ate\u015f s\u00f6ner, yery\u00fcz\u00fcn\u00fcn g\u00fcr\u00fclt\u00fcs\u00fc biter&#8230; B\u00f6yle olmam\u0131\u015ft\u0131 bu kez tutu\u015fmu\u015ftu denizin \u00fcst\u00fc bile, ate\u015f, kan ve barut kokusu \u00f6rtm\u00fc\u015ft\u00fc her \u015feyin \u00fcst\u00fcn\u00fc. <\/p>\n","protected":false},"excerpt":{"rendered":"<p>\u00c7anakkale Destan\u0131 Bilgin Adal\u0131&#8217;n\u0131n yaln\u0131zca gen\u00e7ler ve \u00e7ocuklar i\u00e7in de\u011fil, \u00c7anakkale Sava\u015f\u0131&#8217;na farkl\u0131 bir g\u00f6zle bakmak isteyen her ya\u015ftaki okuyucu i\u00e7in yazd\u0131\u011f\u0131 bir destan. Bu destanda<span class=\"excerpt-hellip\"> [\u2026]<\/span><\/p>\n","protected":false},"featured_media":0,"template":"","meta":{"_monsterinsights_skip_tracking":false,"_monsterinsights_sitenote_active":false,"_monsterinsights_sitenote_note":"","_monsterinsights_sitenote_category":0},"product_brand":[],"product_cat":[12274,12284],"product_tag":[],"class_list":{"0":"post-693903","1":"product","2":"type-product","3":"status-publish","5":"product_cat-cocuk-ve-genclik-kitaplari","6":"product_cat-hikayeler","7":"pa_cilt-ciltsiz","8":"pa_tur-kitap","9":"pa_yayinevi-yapi-kredi-yayinlari","10":"pa_yazar-bilgin-adali","12":"first","13":"instock","14":"sale","15":"shipping-taxable","16":"purchasable","17":"product-type-simple"},"_links":{"self":[{"href":"https:\/\/roveyayinevi.com.tr\/index.php\/wp-json\/wp\/v2\/product\/693903","targetHints":{"allow":["GET"]}}],"collection":[{"href":"https:\/\/roveyayinevi.com.tr\/index.php\/wp-json\/wp\/v2\/product"}],"about":[{"href":"https:\/\/roveyayinevi.com.tr\/index.php\/wp-json\/wp\/v2\/types\/product"}],"wp:attachment":[{"href":"https:\/\/roveyayinevi.com.tr\/index.php\/wp-json\/wp\/v2\/media?parent=693903"}],"wp:term":[{"taxonomy":"product_brand","embeddable":true,"href":"https:\/\/roveyayinevi.com.tr\/index.php\/wp-json\/wp\/v2\/product_brand?post=693903"},{"taxonomy":"product_cat","embeddable":true,"href":"https:\/\/roveyayinevi.com.tr\/index.php\/wp-json\/wp\/v2\/product_cat?post=693903"},{"taxonomy":"product_tag","embeddable":true,"href":"https:\/\/roveyayinevi.com.tr\/index.php\/wp-json\/wp\/v2\/product_tag?post=693903"}],"curies":[{"name":"wp","href":"https:\/\/api.w.org\/{rel}","templated":true}]}}