{"id":693901,"date":"2025-08-27T14:17:35","date_gmt":"2025-08-27T11:17:35","guid":{"rendered":"https:\/\/roveyayinevi.com.tr\/index.php\/urun\/arkadasim-menderes\/"},"modified":"2026-04-16T02:03:49","modified_gmt":"2026-04-15T23:03:49","slug":"arkadasim-menderes","status":"publish","type":"product","link":"https:\/\/roveyayinevi.com.tr\/index.php\/urun\/arkadasim-menderes\/","title":{"rendered":"Arkada\u015f\u0131m Menderes"},"content":{"rendered":"<p>Bu yaz\u0131larda yaln\u0131z bir insan var. Kusurlar\u0131, meziyetleriyle \u00fcst\u00fcn yarat\u0131lm\u0131\u015f bir insan. Onunla arkada\u015fl\u0131\u011f\u0131mdan kalan hat\u0131ralar aras\u0131nda bu her iki yan\u0131ndan a \u00e7izgiler olacak elbet. Ben onu, boylar\u0131 yarad\u0131l\u0131\u015f \u00e7ap\u0131na uygun bu meziyetleri kadar bu kusurlar\u0131yla da sevdim. Meziyetlerine hayran olarak, kusurlar\u0131n\u0131 yererek. \ufffcTan\u0131t\u0131m Metni<\/p>\n","protected":false},"excerpt":{"rendered":"<p>Bu yaz\u0131larda yaln\u0131z bir insan var. Kusurlar\u0131, meziyetleriyle \u00fcst\u00fcn yarat\u0131lm\u0131\u015f bir insan. Onunla arkada\u015fl\u0131\u011f\u0131mdan kalan hat\u0131ralar aras\u0131nda bu her iki yan\u0131ndan a \u00e7izgiler olacak elbet. Ben<span class=\"excerpt-hellip\"> [\u2026]<\/span><\/p>\n","protected":false},"featured_media":0,"template":"","meta":{"_monsterinsights_skip_tracking":false,"_monsterinsights_sitenote_active":false,"_monsterinsights_sitenote_note":"","_monsterinsights_sitenote_category":0},"product_brand":[],"product_cat":[13701,12291],"product_tag":[],"class_list":{"0":"post-693901","1":"product","2":"type-product","3":"status-publish","5":"product_cat-ani-mektup-gunluk","6":"product_cat-edebiyat","7":"pa_cilt-ciltsiz","8":"pa_tur-kitap","9":"pa_yayinevi-yapi-kredi-yayinlari","10":"pa_yazar-samet-agaoglu","12":"first","13":"instock","14":"sale","15":"shipping-taxable","16":"purchasable","17":"product-type-simple"},"_links":{"self":[{"href":"https:\/\/roveyayinevi.com.tr\/index.php\/wp-json\/wp\/v2\/product\/693901","targetHints":{"allow":["GET"]}}],"collection":[{"href":"https:\/\/roveyayinevi.com.tr\/index.php\/wp-json\/wp\/v2\/product"}],"about":[{"href":"https:\/\/roveyayinevi.com.tr\/index.php\/wp-json\/wp\/v2\/types\/product"}],"wp:attachment":[{"href":"https:\/\/roveyayinevi.com.tr\/index.php\/wp-json\/wp\/v2\/media?parent=693901"}],"wp:term":[{"taxonomy":"product_brand","embeddable":true,"href":"https:\/\/roveyayinevi.com.tr\/index.php\/wp-json\/wp\/v2\/product_brand?post=693901"},{"taxonomy":"product_cat","embeddable":true,"href":"https:\/\/roveyayinevi.com.tr\/index.php\/wp-json\/wp\/v2\/product_cat?post=693901"},{"taxonomy":"product_tag","embeddable":true,"href":"https:\/\/roveyayinevi.com.tr\/index.php\/wp-json\/wp\/v2\/product_tag?post=693901"}],"curies":[{"name":"wp","href":"https:\/\/api.w.org\/{rel}","templated":true}]}}