{"id":693899,"date":"2025-08-27T14:17:35","date_gmt":"2025-08-27T11:17:35","guid":{"rendered":"https:\/\/roveyayinevi.com.tr\/index.php\/urun\/albertine-kayip\/"},"modified":"2026-04-16T02:03:49","modified_gmt":"2026-04-15T23:03:49","slug":"albertine-kayip","status":"publish","type":"product","link":"https:\/\/roveyayinevi.com.tr\/index.php\/urun\/albertine-kayip\/","title":{"rendered":"Albertine Kay\u0131p"},"content":{"rendered":"<p>Marcel Proust\u2019un dev yap\u0131t\u0131n\u0131n alt\u0131nc\u0131 cildi Albertine Kay\u0131p, tam da Mahpus\u2019un bitti\u011fi yerden ba\u015fl\u0131yor: \u201cMademoiselle Albertine gitti!\u201d Hizmet\u00e7i Fran\u00e7oise\u2019\u0131n bu \u00fcnleminin yank\u0131s\u0131, roman\u0131 geni\u015fleyen halkalarla ku\u015fat\u0131yor: Andr\u00e9e\u2019yle y\u00fczle\u015fme, birbirini izleyen telgraflar, Boulogne Orman\u0131\u2019ndaki sar\u0131\u015f\u0131n, birbirini yank\u0131layan Combray ve Venedik&#8230; Gelgitin ard\u0131ndan, bir gondol gezintisinde a\u011f\u0131r a\u011f\u0131r a\u00e7\u0131lan yeni ufuklar.     Kay\u0131p Zaman\u0131n \u0130zinde hem komik romand\u0131r hem trajik roman, hem ser\u00fcven roman\u0131d\u0131r hem \u015fiirsel roman, hem d\u00fc\u015flerin roman\u0131d\u0131r hem de imgeler roman\u0131&#8230;     \u201c\u2018Mademoiselle Albertine gitti!\u2019 Ist\u0131rap, insan psikolojisine, psikoloji biliminden \u00e7ok daha derinlemesine n\u00fcfuz eder. Daha bir dakika \u00f6nce, hislerimi tahlil ederken, Albertine\u2019le son bir kez g\u00f6r\u00fc\u015fmeden, bu \u015fekilde ayr\u0131lman\u0131n, en \u00e7ok istedi\u011fim \u015fey oldu\u011funa kanaat getirmi\u015f, Albertine\u2019in bana verdi\u011fi hazlar\u0131n vasatl\u0131\u011f\u0131yla beni mahrum etti\u011fi hazlar\u0131n bollu\u011funu kar\u015f\u0131la\u015ft\u0131r\u0131p kendimi \u00e7ok zeki bulmu\u015f, onu art\u0131k g\u00f6rmek istemedi\u011fim, sevmedi\u011fim sonucuna varm\u0131\u015ft\u0131m. Oysa, \u2018Mademoiselle Albertine gitti\u2019 s\u00f6zleri, kalbime \u00f6yle bir ac\u0131 saplam\u0131\u015ft\u0131 ki, bu ac\u0131ya pek uzun s\u00fcre dayanamayaca\u011f\u0131m\u0131 hissediyordum. Benim nazar\u0131mda bir hi\u00e7 oldu\u011funu zannetti\u011fim \u015fey, demek ki asl\u0131nda b\u00fct\u00fcn hayat\u0131m, her \u015feyimdi.\u201d <\/p>\n","protected":false},"excerpt":{"rendered":"<p>Marcel Proust\u2019un dev yap\u0131t\u0131n\u0131n alt\u0131nc\u0131 cildi Albertine Kay\u0131p, tam da Mahpus\u2019un bitti\u011fi yerden ba\u015fl\u0131yor: \u201cMademoiselle Albertine gitti!\u201d Hizmet\u00e7i Fran\u00e7oise\u2019\u0131n bu \u00fcnleminin yank\u0131s\u0131, roman\u0131 geni\u015fleyen halkalarla ku\u015fat\u0131yor:<span class=\"excerpt-hellip\"> [\u2026]<\/span><\/p>\n","protected":false},"featured_media":0,"template":"","meta":{"_monsterinsights_skip_tracking":false,"_monsterinsights_sitenote_active":false,"_monsterinsights_sitenote_note":"","_monsterinsights_sitenote_category":0},"product_brand":[],"product_cat":[12291,13376],"product_tag":[],"class_list":{"0":"post-693899","1":"product","2":"type-product","3":"status-publish","5":"product_cat-edebiyat","6":"product_cat-fransiz-edebiyati","7":"pa_cilt-ciltsiz","8":"pa_tur-kitap","9":"pa_yayinevi-yapi-kredi-yayinlari","10":"pa_yazar-marcel-proust","12":"first","13":"instock","14":"sale","15":"shipping-taxable","16":"purchasable","17":"product-type-simple"},"_links":{"self":[{"href":"https:\/\/roveyayinevi.com.tr\/index.php\/wp-json\/wp\/v2\/product\/693899","targetHints":{"allow":["GET"]}}],"collection":[{"href":"https:\/\/roveyayinevi.com.tr\/index.php\/wp-json\/wp\/v2\/product"}],"about":[{"href":"https:\/\/roveyayinevi.com.tr\/index.php\/wp-json\/wp\/v2\/types\/product"}],"wp:attachment":[{"href":"https:\/\/roveyayinevi.com.tr\/index.php\/wp-json\/wp\/v2\/media?parent=693899"}],"wp:term":[{"taxonomy":"product_brand","embeddable":true,"href":"https:\/\/roveyayinevi.com.tr\/index.php\/wp-json\/wp\/v2\/product_brand?post=693899"},{"taxonomy":"product_cat","embeddable":true,"href":"https:\/\/roveyayinevi.com.tr\/index.php\/wp-json\/wp\/v2\/product_cat?post=693899"},{"taxonomy":"product_tag","embeddable":true,"href":"https:\/\/roveyayinevi.com.tr\/index.php\/wp-json\/wp\/v2\/product_tag?post=693899"}],"curies":[{"name":"wp","href":"https:\/\/api.w.org\/{rel}","templated":true}]}}