{"id":693898,"date":"2025-08-27T14:17:34","date_gmt":"2025-08-27T11:17:34","guid":{"rendered":"https:\/\/roveyayinevi.com.tr\/index.php\/urun\/adriana-mater\/"},"modified":"2026-04-16T02:03:49","modified_gmt":"2026-04-15T23:03:49","slug":"adriana-mater","status":"publish","type":"product","link":"https:\/\/roveyayinevi.com.tr\/index.php\/urun\/adriana-mater\/","title":{"rendered":"Adriana Mater"},"content":{"rendered":"<p>U\u011frad\u0131\u011f\u0131 tecav\u00fcz sonucu hamile kalan ve \u00e7ocu\u011funu ald\u0131rmay\u0131 reddeden anne Adriana, b\u00fcy\u00fcd\u00fc\u011f\u00fcnde babas\u0131n\u0131n ger\u00e7ek kimli\u011fini \u00f6\u011frenen ve onu \u00f6ld\u00fcrmeye yemin eden o\u011ful Yonas, sava\u015ftan yaral\u0131 olarak d\u00f6nen ve zaman\u0131n\u0131n dolmas\u0131n\u0131 bekleyen baba Tsargo ve Adriana&#8217;n\u0131n k\u0131z karde\u015fi Refka. Annelik ya da barbarl\u0131k; \u00f6l\u00fcm ya da ya\u015fam; ba\u011f\u0131\u015flama ya da intikam&#8230; Amin Maalouf, bize s\u0131k s\u0131k Ortado\u011fu&#8217;yu ya da Balkanlar\u0131 an\u0131msatan bir co\u011frafyada, sava\u015f\u0131n ya\u015fand\u0131\u011f\u0131 bir \u00fclkede, d\u00fc\u015fmanl\u0131\u011f\u0131n ve yabanc\u0131l\u0131\u011f\u0131n e\u015fi\u011finde, t\u00fckenmekte olan bir d\u00fcnyan\u0131n e\u011fretilmesini sunuyor. Maalouf&#8217;un Uzaktan A\u015fk&#8217;tan sonra ikinci librettosu olan Adriana Mater (Ana Adriana), insano\u011flunun unutulmaz trajedilerine \u0131\u015f\u0131k tutuyor&#8230; <\/p>\n","protected":false},"excerpt":{"rendered":"<p>U\u011frad\u0131\u011f\u0131 tecav\u00fcz sonucu hamile kalan ve \u00e7ocu\u011funu ald\u0131rmay\u0131 reddeden anne Adriana, b\u00fcy\u00fcd\u00fc\u011f\u00fcnde babas\u0131n\u0131n ger\u00e7ek kimli\u011fini \u00f6\u011frenen ve onu \u00f6ld\u00fcrmeye yemin eden o\u011ful Yonas, sava\u015ftan yaral\u0131 olarak<span class=\"excerpt-hellip\"> [\u2026]<\/span><\/p>\n","protected":false},"featured_media":0,"template":"","meta":{"_monsterinsights_skip_tracking":false,"_monsterinsights_sitenote_active":false,"_monsterinsights_sitenote_note":"","_monsterinsights_sitenote_category":0},"product_brand":[],"product_cat":[12291,13376],"product_tag":[],"class_list":{"0":"post-693898","1":"product","2":"type-product","3":"status-publish","5":"product_cat-edebiyat","6":"product_cat-fransiz-edebiyati","7":"pa_cilt-ciltsiz","8":"pa_tur-kitap","9":"pa_yayinevi-yapi-kredi-yayinlari","10":"pa_yazar-amin-maalouf","12":"first","13":"instock","14":"sale","15":"shipping-taxable","16":"purchasable","17":"product-type-simple"},"_links":{"self":[{"href":"https:\/\/roveyayinevi.com.tr\/index.php\/wp-json\/wp\/v2\/product\/693898","targetHints":{"allow":["GET"]}}],"collection":[{"href":"https:\/\/roveyayinevi.com.tr\/index.php\/wp-json\/wp\/v2\/product"}],"about":[{"href":"https:\/\/roveyayinevi.com.tr\/index.php\/wp-json\/wp\/v2\/types\/product"}],"wp:attachment":[{"href":"https:\/\/roveyayinevi.com.tr\/index.php\/wp-json\/wp\/v2\/media?parent=693898"}],"wp:term":[{"taxonomy":"product_brand","embeddable":true,"href":"https:\/\/roveyayinevi.com.tr\/index.php\/wp-json\/wp\/v2\/product_brand?post=693898"},{"taxonomy":"product_cat","embeddable":true,"href":"https:\/\/roveyayinevi.com.tr\/index.php\/wp-json\/wp\/v2\/product_cat?post=693898"},{"taxonomy":"product_tag","embeddable":true,"href":"https:\/\/roveyayinevi.com.tr\/index.php\/wp-json\/wp\/v2\/product_tag?post=693898"}],"curies":[{"name":"wp","href":"https:\/\/api.w.org\/{rel}","templated":true}]}}