{"id":693896,"date":"2025-08-27T14:17:34","date_gmt":"2025-08-27T11:17:34","guid":{"rendered":"https:\/\/roveyayinevi.com.tr\/index.php\/urun\/afacan-resimler\/"},"modified":"2026-04-16T02:03:49","modified_gmt":"2026-04-15T23:03:49","slug":"afacan-resimler","status":"publish","type":"product","link":"https:\/\/roveyayinevi.com.tr\/index.php\/urun\/afacan-resimler\/","title":{"rendered":"Afacan Resimler"},"content":{"rendered":"<p>Kalem Sincab\u0131 Italo Calvino&#8217;dan \u00e7ocuklara&#8230; Afacan Resimler \u0130talyan ve d\u00fcnya edebiyat\u0131n\u0131n en \u00f6nemli yazarlar\u0131ndan Italo Calvino 1923 y\u0131l\u0131nda do\u011fdu. Romanlar\u0131, hikayeleri ve denemeleri d\u00fcnya \u00e7ap\u0131nda okundu, sevildi. \u00c7ocuklar i\u00e7in de yazd\u0131, ama b\u00fct\u00fcn iyi kitaplar gibi bunlar da her ya\u015ftan okura seslenen kitaplar oldu. \u0130kiye B\u00f6l\u00fcnen Vikont, A\u011faca T\u00fcneyen Baron, Varolmayan \u015e\u00f6valye, Dere Tepe Ters ba\u015fl\u0131ca eserleridir. Lodolinda mutlu oldu\u011fu zaman kelebek, gelincik resimleri yapmaktad\u0131r. Ama ya k\u0131zg\u0131n oldu\u011funda? \u00d6fkeli bo\u011falar, korsan gemileri&#8230; Bir g\u00fcn evde, ailesinin arkada\u015flar\u0131n\u0131n o\u011flu Federiko&#8217;la ba\u015f ba\u015fa kal\u0131r Lodolinda. Federiko, denizdeki hortumun neye benzedi\u011fini anlas\u0131nlar diye, akvaryumdaki bal\u0131klar\u0131 bula\u015f\u0131k marinesine koymaya kalk\u0131\u015f\u0131nca, bizim kiz, i\u015fte o zaman \u00e7ok sinirlenir&#8230;<\/p>\n","protected":false},"excerpt":{"rendered":"<p>Kalem Sincab\u0131 Italo Calvino&#8217;dan \u00e7ocuklara&#8230; Afacan Resimler \u0130talyan ve d\u00fcnya edebiyat\u0131n\u0131n en \u00f6nemli yazarlar\u0131ndan Italo Calvino 1923 y\u0131l\u0131nda do\u011fdu. Romanlar\u0131, hikayeleri ve denemeleri d\u00fcnya \u00e7ap\u0131nda okundu,<span class=\"excerpt-hellip\"> [\u2026]<\/span><\/p>\n","protected":false},"featured_media":0,"template":"","meta":{"_monsterinsights_skip_tracking":false,"_monsterinsights_sitenote_active":false,"_monsterinsights_sitenote_note":"","_monsterinsights_sitenote_category":0},"product_brand":[],"product_cat":[12274,12523],"product_tag":[],"class_list":{"0":"post-693896","1":"product","2":"type-product","3":"status-publish","5":"product_cat-cocuk-ve-genclik-kitaplari","6":"product_cat-masallar","7":"pa_cilt-ciltsiz","8":"pa_tur-kitap","9":"pa_yayinevi-yapi-kredi-yayinlari","10":"pa_yazar-italo-calvino","12":"first","13":"instock","14":"sale","15":"shipping-taxable","16":"purchasable","17":"product-type-simple"},"_links":{"self":[{"href":"https:\/\/roveyayinevi.com.tr\/index.php\/wp-json\/wp\/v2\/product\/693896","targetHints":{"allow":["GET"]}}],"collection":[{"href":"https:\/\/roveyayinevi.com.tr\/index.php\/wp-json\/wp\/v2\/product"}],"about":[{"href":"https:\/\/roveyayinevi.com.tr\/index.php\/wp-json\/wp\/v2\/types\/product"}],"wp:attachment":[{"href":"https:\/\/roveyayinevi.com.tr\/index.php\/wp-json\/wp\/v2\/media?parent=693896"}],"wp:term":[{"taxonomy":"product_brand","embeddable":true,"href":"https:\/\/roveyayinevi.com.tr\/index.php\/wp-json\/wp\/v2\/product_brand?post=693896"},{"taxonomy":"product_cat","embeddable":true,"href":"https:\/\/roveyayinevi.com.tr\/index.php\/wp-json\/wp\/v2\/product_cat?post=693896"},{"taxonomy":"product_tag","embeddable":true,"href":"https:\/\/roveyayinevi.com.tr\/index.php\/wp-json\/wp\/v2\/product_tag?post=693896"}],"curies":[{"name":"wp","href":"https:\/\/api.w.org\/{rel}","templated":true}]}}