{"id":693895,"date":"2025-08-27T14:17:34","date_gmt":"2025-08-27T11:17:34","guid":{"rendered":"https:\/\/roveyayinevi.com.tr\/index.php\/urun\/din-ile-bilim\/"},"modified":"2026-04-16T02:03:49","modified_gmt":"2026-04-15T23:03:49","slug":"din-ile-bilim","status":"publish","type":"product","link":"https:\/\/roveyayinevi.com.tr\/index.php\/urun\/din-ile-bilim\/","title":{"rendered":"Din ile Bilim"},"content":{"rendered":"<p>D\u00fcnyan\u0131n pek \u00e7ok b\u00f6lgesinde din ve bilim sava\u015f\u0131 ge\u00e7mi\u015f y\u00fczy\u0131llardaki gibi a\u00e7\u0131ktan a\u00e7\u0131\u011fa s\u00fcrm\u00fcyor mu? Pek \u00e7ok insan, pek \u00e7ok y\u00f6netici Engizisyon ve Karanl\u0131k \u00c7a\u011f\u0131n dehlizlerinde iz s\u00fcrmeye devam etmiyor mu? \u0130nsanlar \u00f6zg\u00fcrl\u00fckleri ve mutluluklar\u0131 konusunda hala b\u00fcy\u00fck bir tedirginlik duymuyorlar m\u0131?20. y\u00fczy\u0131la damgas\u0131n\u0131 vurmu\u015f bir d\u00fc\u015f\u00fcn\u00fcr (ayn\u0131 zamanda eylem adam\u0131) olan Bertrand Russell\u2019dan d\u00fc\u015f\u00fcnce klasikleri aras\u0131na girmi\u015f bir yap\u0131t: \u201cDin ile Bilim\u201c.\u201cDin ile Bilim\u201cde Russell, k\u00f6r inan\u00e7la us, duygusal de\u011ferle ger\u00e7ek de\u011fer aras\u0131ndaki kesin ayr\u0131m\u0131n bilincine var\u0131lmad\u0131k\u00e7a ger\u00e7ek anlamda bir ilerlemenin m\u00fcmk\u00fcn olamayaca\u011f\u0131n\u0131 g\u00f6steriyor.<\/p>\n","protected":false},"excerpt":{"rendered":"<p>D\u00fcnyan\u0131n pek \u00e7ok b\u00f6lgesinde din ve bilim sava\u015f\u0131 ge\u00e7mi\u015f y\u00fczy\u0131llardaki gibi a\u00e7\u0131ktan a\u00e7\u0131\u011fa s\u00fcrm\u00fcyor mu? Pek \u00e7ok insan, pek \u00e7ok y\u00f6netici Engizisyon ve Karanl\u0131k \u00c7a\u011f\u0131n dehlizlerinde<span class=\"excerpt-hellip\"> [\u2026]<\/span><\/p>\n","protected":false},"featured_media":0,"template":"","meta":{"_monsterinsights_skip_tracking":false,"_monsterinsights_sitenote_active":false,"_monsterinsights_sitenote_note":"","_monsterinsights_sitenote_category":0},"product_brand":[],"product_cat":[12718,16794],"product_tag":[],"class_list":{"0":"post-693895","1":"product","2":"type-product","3":"status-publish","5":"product_cat-din","6":"product_cat-dinler-tarihi","7":"pa_cilt-ciltsiz","8":"pa_tur-kitap","9":"pa_yayinevi-yapi-kredi-yayinlari","10":"pa_yazar-bertrand-russell","12":"first","13":"instock","14":"sale","15":"shipping-taxable","16":"purchasable","17":"product-type-simple"},"_links":{"self":[{"href":"https:\/\/roveyayinevi.com.tr\/index.php\/wp-json\/wp\/v2\/product\/693895","targetHints":{"allow":["GET"]}}],"collection":[{"href":"https:\/\/roveyayinevi.com.tr\/index.php\/wp-json\/wp\/v2\/product"}],"about":[{"href":"https:\/\/roveyayinevi.com.tr\/index.php\/wp-json\/wp\/v2\/types\/product"}],"wp:attachment":[{"href":"https:\/\/roveyayinevi.com.tr\/index.php\/wp-json\/wp\/v2\/media?parent=693895"}],"wp:term":[{"taxonomy":"product_brand","embeddable":true,"href":"https:\/\/roveyayinevi.com.tr\/index.php\/wp-json\/wp\/v2\/product_brand?post=693895"},{"taxonomy":"product_cat","embeddable":true,"href":"https:\/\/roveyayinevi.com.tr\/index.php\/wp-json\/wp\/v2\/product_cat?post=693895"},{"taxonomy":"product_tag","embeddable":true,"href":"https:\/\/roveyayinevi.com.tr\/index.php\/wp-json\/wp\/v2\/product_tag?post=693895"}],"curies":[{"name":"wp","href":"https:\/\/api.w.org\/{rel}","templated":true}]}}