{"id":693894,"date":"2025-08-27T14:17:33","date_gmt":"2025-08-27T11:17:33","guid":{"rendered":"https:\/\/roveyayinevi.com.tr\/index.php\/urun\/ademle-havvanin-guncesi\/"},"modified":"2026-04-16T02:03:49","modified_gmt":"2026-04-15T23:03:49","slug":"ademle-havvanin-guncesi","status":"publish","type":"product","link":"https:\/\/roveyayinevi.com.tr\/index.php\/urun\/ademle-havvanin-guncesi\/","title":{"rendered":"Adem\u2019le Havva\u2019n\u0131n G\u00fcncesi"},"content":{"rendered":"<p>Twain\u2019in kad\u0131n erkek ili\u015fkilerinin evrensel de\u011fi\u015fmezlerini tad\u0131na doyulmaz bir mizah duygusuyla kaleme ald\u0131\u011f\u0131 \u201cAdem\u2019le Havva\u2019n\u0131n G\u00fcncesi\u201d ayn\u0131 zamanda gelmi\u015f ge\u00e7mi\u015f en g\u00fczel a\u015fk hikayelerinden biri. \ufffcTan\u0131t\u0131m Metni<\/p>\n","protected":false},"excerpt":{"rendered":"<p>Twain\u2019in kad\u0131n erkek ili\u015fkilerinin evrensel de\u011fi\u015fmezlerini tad\u0131na doyulmaz bir mizah duygusuyla kaleme ald\u0131\u011f\u0131 \u201cAdem\u2019le Havva\u2019n\u0131n G\u00fcncesi\u201d ayn\u0131 zamanda gelmi\u015f ge\u00e7mi\u015f en g\u00fczel a\u015fk hikayelerinden biri. \ufffcTan\u0131t\u0131m<span class=\"excerpt-hellip\"> [\u2026]<\/span><\/p>\n","protected":false},"featured_media":0,"template":"","meta":{"_monsterinsights_skip_tracking":false,"_monsterinsights_sitenote_active":false,"_monsterinsights_sitenote_note":"","_monsterinsights_sitenote_category":0},"product_brand":[],"product_cat":[12891,12291],"product_tag":[],"class_list":{"0":"post-693894","1":"product","2":"type-product","3":"status-publish","5":"product_cat-amerikan-edebiyati","6":"product_cat-edebiyat","7":"pa_cilt-ciltsiz","8":"pa_tur-kitap","9":"pa_yayinevi-yapi-kredi-yayinlari","10":"pa_yazar-mark-twain","12":"first","13":"instock","14":"sale","15":"shipping-taxable","16":"purchasable","17":"product-type-simple"},"_links":{"self":[{"href":"https:\/\/roveyayinevi.com.tr\/index.php\/wp-json\/wp\/v2\/product\/693894","targetHints":{"allow":["GET"]}}],"collection":[{"href":"https:\/\/roveyayinevi.com.tr\/index.php\/wp-json\/wp\/v2\/product"}],"about":[{"href":"https:\/\/roveyayinevi.com.tr\/index.php\/wp-json\/wp\/v2\/types\/product"}],"wp:attachment":[{"href":"https:\/\/roveyayinevi.com.tr\/index.php\/wp-json\/wp\/v2\/media?parent=693894"}],"wp:term":[{"taxonomy":"product_brand","embeddable":true,"href":"https:\/\/roveyayinevi.com.tr\/index.php\/wp-json\/wp\/v2\/product_brand?post=693894"},{"taxonomy":"product_cat","embeddable":true,"href":"https:\/\/roveyayinevi.com.tr\/index.php\/wp-json\/wp\/v2\/product_cat?post=693894"},{"taxonomy":"product_tag","embeddable":true,"href":"https:\/\/roveyayinevi.com.tr\/index.php\/wp-json\/wp\/v2\/product_tag?post=693894"}],"curies":[{"name":"wp","href":"https:\/\/api.w.org\/{rel}","templated":true}]}}