{"id":693892,"date":"2025-08-27T14:17:33","date_gmt":"2025-08-27T11:17:33","guid":{"rendered":"https:\/\/roveyayinevi.com.tr\/index.php\/urun\/deli-kizin-turkusu\/"},"modified":"2026-04-16T02:03:49","modified_gmt":"2026-04-15T23:03:49","slug":"deli-kizin-turkusu","status":"publish","type":"product","link":"https:\/\/roveyayinevi.com.tr\/index.php\/urun\/deli-kizin-turkusu\/","title":{"rendered":"Deli K\u0131z\u0131n T\u00fcrk\u00fcs\u00fc"},"content":{"rendered":"<p>T\u00fcrk \u015fiirinin gen\u00e7ler i\u00e7in \u00f6zel olarak se\u00e7ilmi\u015f en g\u00fczel \u00f6rnekleri Yap\u0131 Kredi Yay\u0131nlar\u0131 \u201cSe\u00e7me \u015eiirler\u201c dizisinde&#8230;Do\u011fan Karde\u015f Dizisi, \u00e7a\u011fda\u015f T\u00fcrk \u015fiirinin en \u00f6nemli \u015fairlerinin se\u00e7me \u015fiirlerini gen\u00e7lerle bulu\u015fturuyor. Gen\u00e7 okurlar\u0131n, \u015fairlerimizin \u015fiir ser\u00fcvenlerini kronolojik bir bi\u00e7imde izleyebilece\u011fi dizinin son kitab\u0131 G\u00fclten ak\u0131n\u2019a ait.Elimi uzatsam tutamasamOlanca sevgimi yaln\u0131zl\u0131\u011f\u0131m\u0131D\u00fc\u015f\u00fcnsem hay\u0131r d\u00fc\u015f\u00fcnmesemSenin hi\u00e7 haberin olmasaSenin hi\u00e7 haberin olmaz kiBa\u015flar biter kendi kendine o t\u00fcrk\u00fc ,<\/p>\n","protected":false},"excerpt":{"rendered":"<p>T\u00fcrk \u015fiirinin gen\u00e7ler i\u00e7in \u00f6zel olarak se\u00e7ilmi\u015f en g\u00fczel \u00f6rnekleri Yap\u0131 Kredi Yay\u0131nlar\u0131 \u201cSe\u00e7me \u015eiirler\u201c dizisinde&#8230;Do\u011fan Karde\u015f Dizisi, \u00e7a\u011fda\u015f T\u00fcrk \u015fiirinin en \u00f6nemli \u015fairlerinin se\u00e7me \u015fiirlerini<span class=\"excerpt-hellip\"> [\u2026]<\/span><\/p>\n","protected":false},"featured_media":0,"template":"","meta":{"_monsterinsights_skip_tracking":false,"_monsterinsights_sitenote_active":false,"_monsterinsights_sitenote_note":"","_monsterinsights_sitenote_category":0},"product_brand":[],"product_cat":[12291,12292],"product_tag":[],"class_list":{"0":"post-693892","1":"product","2":"type-product","3":"status-publish","5":"product_cat-edebiyat","6":"product_cat-turk-edebiyati","7":"pa_cilt-ciltsiz","8":"pa_tur-kitap","9":"pa_yayinevi-yapi-kredi-yayinlari","10":"pa_yazar-gulten-akin","12":"first","13":"instock","14":"sale","15":"shipping-taxable","16":"purchasable","17":"product-type-simple"},"_links":{"self":[{"href":"https:\/\/roveyayinevi.com.tr\/index.php\/wp-json\/wp\/v2\/product\/693892","targetHints":{"allow":["GET"]}}],"collection":[{"href":"https:\/\/roveyayinevi.com.tr\/index.php\/wp-json\/wp\/v2\/product"}],"about":[{"href":"https:\/\/roveyayinevi.com.tr\/index.php\/wp-json\/wp\/v2\/types\/product"}],"wp:attachment":[{"href":"https:\/\/roveyayinevi.com.tr\/index.php\/wp-json\/wp\/v2\/media?parent=693892"}],"wp:term":[{"taxonomy":"product_brand","embeddable":true,"href":"https:\/\/roveyayinevi.com.tr\/index.php\/wp-json\/wp\/v2\/product_brand?post=693892"},{"taxonomy":"product_cat","embeddable":true,"href":"https:\/\/roveyayinevi.com.tr\/index.php\/wp-json\/wp\/v2\/product_cat?post=693892"},{"taxonomy":"product_tag","embeddable":true,"href":"https:\/\/roveyayinevi.com.tr\/index.php\/wp-json\/wp\/v2\/product_tag?post=693892"}],"curies":[{"name":"wp","href":"https:\/\/api.w.org\/{rel}","templated":true}]}}