{"id":693890,"date":"2025-08-27T14:17:33","date_gmt":"2025-08-27T11:17:33","guid":{"rendered":"https:\/\/roveyayinevi.com.tr\/index.php\/urun\/2-richard\/"},"modified":"2026-04-16T02:03:49","modified_gmt":"2026-04-15T23:03:49","slug":"2-richard","status":"publish","type":"product","link":"https:\/\/roveyayinevi.com.tr\/index.php\/urun\/2-richard\/","title":{"rendered":"2. Richard"},"content":{"rendered":"<p>II. Richard Shakespeare\u2019in \u0130ngiltere\u2019deki i\u00e7sava\u015flarla ilgili tarihsel oyunlar\u0131 aras\u0131ndaki gerek \u015fiirselli\u011fi, gerek oyun ki\u015filerine sa\u011flad\u0131\u011f\u0131 zengin olanaklar a\u00e7\u0131s\u0131ndan en sevilen ve en s\u0131k oynanan yap\u0131tlar\u0131ndan biridir. \u00d6b\u00fcr tarihsel oyunlar\u0131nda oldu\u011fu gibi Shakespeare bu oyununda da Holingshed\u2019in vakayinamelerinden yararlanm\u0131\u015f ve ge\u00e7i\u015f d\u00f6neminin \u00e7alkant\u0131lar\u0131n\u0131 Orta\u00e7a\u011f krall\u0131k kavram\u0131 ile Yeni\u00e7a\u011f\u0131n siyasal ger\u00e7ek\u00e7ili\u011fi aras\u0131ndaki \u00e7eli\u015fkilerle sergilemi\u015ftir.Oyunun kahraman\u0131 Kral II. Richard, geleneksel ve y\u00fcceltilmi\u015f krall\u0131k anlay\u0131\u015f\u0131n\u0131 \u00f6ylesine benimsemi\u015f, bu kutsall\u0131\u011f\u0131na inand\u0131\u011f\u0131 konuyla \u00f6ylesine ba\u015f\u0131 d\u00f6nm\u00fc\u015ft\u00fcr ki, \u00fclkesinin somut ger\u00e7ekleri ve karma\u015f\u0131k sorunlar\u0131yla ba\u015fa \u00e7\u0131kamayacak bir duruma d\u00fc\u015fm\u00fc\u015ft\u00fcr. Ba\u015far\u0131l\u0131 bir eylem adam\u0131 olamad\u0131\u011f\u0131 i\u00e7in de s\u00fcrg\u00fcne g\u00f6nderdi\u011fi amcao\u011flu Bolinbroke\u2019un geri d\u00f6n\u00fcp haks\u0131z olarak el konulan topraklar\u0131n\u0131 geri istedi\u011fi zaman, Bolingbroke\u2019un \u00f6b\u00fcr soylulardan g\u00f6rd\u00fc\u011f\u00fc b\u00fcy\u00fck destek kar\u015f\u0131s\u0131nda amcao\u011fluna topraklar\u0131yla birlikte tac\u0131n\u0131 da kendi eliyle vermi\u015f, kendine ac\u0131yan bir oyuncu durumuna d\u00fc\u015fm\u00fc\u015ft\u00fcr.II. Richard oyun oynamaktan ho\u015flanan bir karakter olarak bir bak\u0131ma Hamlet\u2019in habercisi gibi de d\u00fc\u015f\u00fcn\u00fclebilir. Ancak Hamlet\u2019in eylemlerine d\u00fc\u015f\u00fcnceleri ve kulland\u0131\u011f\u0131 s\u00f6zc\u00fckler y\u00f6n verirken, Richard\u2019\u0131n eylemleri s\u00f6zc\u00fcklerinin denetimindedir. Shakespeare bu oyununda g\u00fczel s\u00f6z s\u00f6yleme esrikli\u011fini oyun ki\u015fileri arac\u0131l\u0131\u011f\u0131 ile s\u0131n\u0131rs\u0131zca kullanm\u0131\u015f olsa bile, insan do\u011fas\u0131n\u0131n ve tarihsel ger\u00e7eklerin eksiksiz bir yorumunu sunmay\u0131 ba\u015far\u0131r. <\/p>\n","protected":false},"excerpt":{"rendered":"<p>II. Richard Shakespeare\u2019in \u0130ngiltere\u2019deki i\u00e7sava\u015flarla ilgili tarihsel oyunlar\u0131 aras\u0131ndaki gerek \u015fiirselli\u011fi, gerek oyun ki\u015filerine sa\u011flad\u0131\u011f\u0131 zengin olanaklar a\u00e7\u0131s\u0131ndan en sevilen ve en s\u0131k oynanan yap\u0131tlar\u0131ndan biridir.<span class=\"excerpt-hellip\"> [\u2026]<\/span><\/p>\n","protected":false},"featured_media":0,"template":"","meta":{"_monsterinsights_skip_tracking":false,"_monsterinsights_sitenote_active":false,"_monsterinsights_sitenote_note":"","_monsterinsights_sitenote_category":0},"product_brand":[],"product_cat":[12409,12408],"product_tag":[],"class_list":{"0":"post-693890","1":"product","2":"type-product","3":"status-publish","5":"product_cat-fotograf-sinema-tiyatro","6":"product_cat-sanat","7":"pa_cilt-ciltsiz","8":"pa_tur-kitap","9":"pa_yayinevi-yapi-kredi-yayinlari","10":"pa_yazar-william-shakespeare","12":"first","13":"instock","14":"sale","15":"shipping-taxable","16":"purchasable","17":"product-type-simple"},"_links":{"self":[{"href":"https:\/\/roveyayinevi.com.tr\/index.php\/wp-json\/wp\/v2\/product\/693890","targetHints":{"allow":["GET"]}}],"collection":[{"href":"https:\/\/roveyayinevi.com.tr\/index.php\/wp-json\/wp\/v2\/product"}],"about":[{"href":"https:\/\/roveyayinevi.com.tr\/index.php\/wp-json\/wp\/v2\/types\/product"}],"wp:attachment":[{"href":"https:\/\/roveyayinevi.com.tr\/index.php\/wp-json\/wp\/v2\/media?parent=693890"}],"wp:term":[{"taxonomy":"product_brand","embeddable":true,"href":"https:\/\/roveyayinevi.com.tr\/index.php\/wp-json\/wp\/v2\/product_brand?post=693890"},{"taxonomy":"product_cat","embeddable":true,"href":"https:\/\/roveyayinevi.com.tr\/index.php\/wp-json\/wp\/v2\/product_cat?post=693890"},{"taxonomy":"product_tag","embeddable":true,"href":"https:\/\/roveyayinevi.com.tr\/index.php\/wp-json\/wp\/v2\/product_tag?post=693890"}],"curies":[{"name":"wp","href":"https:\/\/api.w.org\/{rel}","templated":true}]}}